{"id":44,"date":"2015-01-19T15:18:34","date_gmt":"2015-01-19T15:18:34","guid":{"rendered":"http:\/\/83.145.194.173\/~itupr719\/?page_id=44"},"modified":"2022-10-12T13:36:56","modified_gmt":"2022-10-12T10:36:56","slug":"savonlinna","status":"publish","type":"page","link":"https:\/\/ituprojekti.net\/sv_SE\/savonlinna\/","title":{"rendered":"Savonlinna"},"content":{"rendered":"<p><strong>Tukea yll\u00e4tysraskaustilanteessa ja abortin j\u00e4lkeisess\u00e4 kriisiss\u00e4.<\/strong><\/p>\n<p>Toimipiste on lomalla 1.6-31.8. Tarvittaessa ota yhteytt\u00e4 s\u00e4hk\u00f6postilla itusavonlinna@gmail.com<\/p>\n<p><strong>Jos kaipaat keskusteluapua niin laita tekstiviesti numeroon<\/strong> 044 3495374. Sinuun otetaan yhteytt\u00e4!<\/p>\n<p><strong>Masu-kahvila\u00a0<\/strong>odottaville \u00e4ideille Koulukatu 18 B 7\u00a0 tiistaisin klo 16-19. Tule yksin tai puolison tai yst\u00e4v\u00e4n kanssa. Kahvitellaan, haastellaan, jos tarvitset vauvallesi vaatteita, meilt\u00e4 l\u00f6ytyy k\u00e4ytettyj\u00e4, hyvi\u00e4 vaatteita. K\u00e4til\u00f6 mukana ainakin kerran kuukaudessa.<\/p>\n<p>Tiedustelut itusavonlinna@gmail.com tai tekstiviestill\u00e4 044-3495374<\/p>\n","protected":false},"excerpt":{"rendered":"<p>Tukea yll\u00e4tysraskaustilanteessa ja abortin j\u00e4lkeisess\u00e4 kriisiss\u00e4. Toimipiste on lomalla 1.6-31.8. Tarvittaessa ota yhteytt\u00e4 s\u00e4hk\u00f6postilla itusavonlinna@gmail.com Jos kaipaat keskusteluapua niin laita tekstiviesti numeroon 044 3495374. Sinuun otetaan yhteytt\u00e4! Masu-kahvila\u00a0odottaville \u00e4ideille Koulukatu 18 B 7\u00a0 tiistaisin klo 16-19. Tule yksin tai puolison<\/p>\n","protected":false},"author":1,"featured_media":0,"parent":0,"menu_order":0,"comment_status":"closed","ping_status":"open","template":"","meta":{"_bbp_topic_count":0,"_bbp_reply_count":0,"_bbp_total_topic_count":0,"_bbp_total_reply_count":0,"_bbp_voice_count":0,"_bbp_anonymous_reply_count":0,"_bbp_topic_count_hidden":0,"_bbp_reply_count_hidden":0,"_bbp_forum_subforum_count":0,"footnotes":""},"class_list":["post-44","page","type-page","status-publish","hentry"],"yoast_head":"<!-- This site is optimized with the Yoast SEO plugin v24.1 - https:\/\/yoast.com\/wordpress\/plugins\/seo\/ -->\n<title>Savonlinna<\/title>\n<meta name=\"robots\" content=\"index, follow, max-snippet:-1, max-image-preview:large, max-video-preview:-1\" \/>\n<link rel=\"canonical\" href=\"https:\/\/ituprojekti.net\/savonlinna\/\" \/>\n<meta property=\"og:locale\" content=\"fi_FI\" \/>\n<meta property=\"og:type\" content=\"article\" \/>\n<meta property=\"og:title\" content=\"Savonlinna\" \/>\n<meta property=\"og:description\" content=\"Tukea yll\u00e4tysraskaustilanteessa ja abortin j\u00e4lkeisess\u00e4 kriisiss\u00e4. Toimipiste on lomalla 1.6-31.8. Tarvittaessa ota yhteytt\u00e4 s\u00e4hk\u00f6postilla itusavonlinna@gmail.com Jos kaipaat keskusteluapua niin laita tekstiviesti numeroon 044 3495374. Sinuun otetaan yhteytt\u00e4! Masu-kahvila\u00a0odottaville \u00e4ideille Koulukatu 18 B 7\u00a0 tiistaisin klo 16-19. Tule yksin tai puolison\" \/>\n<meta property=\"og:url\" content=\"https:\/\/ituprojekti.net\/savonlinna\/\" \/>\n<meta property=\"og:site_name\" content=\"Itu - apua yll\u00e4tysraskaustilanteissa\" \/>\n<meta property=\"article:modified_time\" content=\"2022-10-12T10:36:56+00:00\" \/>\n<meta name=\"twitter:label1\" content=\"Arvioitu lukuaika\" \/>\n\t<meta name=\"twitter:data1\" content=\"1 minuutti\" \/>\n<script type=\"application\/ld+json\" class=\"yoast-schema-graph\">{\"@context\":\"https:\/\/schema.org\",\"@graph\":[{\"@type\":\"WebPage\",\"@id\":\"https:\/\/ituprojekti.net\/savonlinna\/\",\"url\":\"https:\/\/ituprojekti.net\/savonlinna\/\",\"name\":\"Savonlinna\",\"isPartOf\":{\"@id\":\"https:\/\/ituprojekti.net\/fi\/#website\"},\"datePublished\":\"2015-01-19T15:18:34+00:00\",\"dateModified\":\"2022-10-12T10:36:56+00:00\",\"breadcrumb\":{\"@id\":\"https:\/\/ituprojekti.net\/savonlinna\/#breadcrumb\"},\"inLanguage\":\"fi\",\"potentialAction\":[{\"@type\":\"ReadAction\",\"target\":[\"https:\/\/ituprojekti.net\/savonlinna\/\"]}]},{\"@type\":\"BreadcrumbList\",\"@id\":\"https:\/\/ituprojekti.net\/savonlinna\/#breadcrumb\",\"itemListElement\":[{\"@type\":\"ListItem\",\"position\":1,\"name\":\"Home\",\"item\":\"https:\/\/ituprojekti.net\/\"},{\"@type\":\"ListItem\",\"position\":2,\"name\":\"Savonlinna\"}]},{\"@type\":\"WebSite\",\"@id\":\"https:\/\/ituprojekti.net\/fi\/#website\",\"url\":\"https:\/\/ituprojekti.net\/fi\/\",\"name\":\"Itu - apua yll\u00e4tysraskaustilanteissa\",\"description\":\"Apua yll\u00e4tysraskaustilanteissa ja abortin j\u00e4lkeen. Soita 050 401 5567.\",\"publisher\":{\"@id\":\"https:\/\/ituprojekti.net\/fi\/#organization\"},\"potentialAction\":[{\"@type\":\"SearchAction\",\"target\":{\"@type\":\"EntryPoint\",\"urlTemplate\":\"https:\/\/ituprojekti.net\/fi\/?s={search_term_string}\"},\"query-input\":{\"@type\":\"PropertyValueSpecification\",\"valueRequired\":true,\"valueName\":\"search_term_string\"}}],\"inLanguage\":\"fi\"},{\"@type\":\"Organization\",\"@id\":\"https:\/\/ituprojekti.net\/fi\/#organization\",\"name\":\"Itu - apua yll\u00e4tysraskaustilanteissa\",\"url\":\"https:\/\/ituprojekti.net\/fi\/\",\"logo\":{\"@type\":\"ImageObject\",\"inLanguage\":\"fi\",\"@id\":\"https:\/\/ituprojekti.net\/fi\/#\/schema\/logo\/image\/\",\"url\":\"https:\/\/ituprojekti.net\/wp-content\/uploads\/2015\/02\/itulogo_pienempi3.png\",\"contentUrl\":\"https:\/\/ituprojekti.net\/wp-content\/uploads\/2015\/02\/itulogo_pienempi3.png\",\"width\":142,\"height\":53,\"caption\":\"Itu - apua yll\u00e4tysraskaustilanteissa\"},\"image\":{\"@id\":\"https:\/\/ituprojekti.net\/fi\/#\/schema\/logo\/image\/\"}}]}<\/script>\n<!-- \/ Yoast SEO plugin. -->","yoast_head_json":{"title":"Savonlinna","robots":{"index":"index","follow":"follow","max-snippet":"max-snippet:-1","max-image-preview":"max-image-preview:large","max-video-preview":"max-video-preview:-1"},"canonical":"https:\/\/ituprojekti.net\/savonlinna\/","og_locale":"fi_FI","og_type":"article","og_title":"Savonlinna","og_description":"Tukea yll\u00e4tysraskaustilanteessa ja abortin j\u00e4lkeisess\u00e4 kriisiss\u00e4. Toimipiste on lomalla 1.6-31.8. Tarvittaessa ota yhteytt\u00e4 s\u00e4hk\u00f6postilla itusavonlinna@gmail.com Jos kaipaat keskusteluapua niin laita tekstiviesti numeroon 044 3495374. Sinuun otetaan yhteytt\u00e4! Masu-kahvila\u00a0odottaville \u00e4ideille Koulukatu 18 B 7\u00a0 tiistaisin klo 16-19. Tule yksin tai puolison","og_url":"https:\/\/ituprojekti.net\/savonlinna\/","og_site_name":"Itu - apua yll\u00e4tysraskaustilanteissa","article_modified_time":"2022-10-12T10:36:56+00:00","twitter_misc":{"Arvioitu lukuaika":"1 minuutti"},"schema":{"@context":"https:\/\/schema.org","@graph":[{"@type":"WebPage","@id":"https:\/\/ituprojekti.net\/savonlinna\/","url":"https:\/\/ituprojekti.net\/savonlinna\/","name":"Savonlinna","isPartOf":{"@id":"https:\/\/ituprojekti.net\/fi\/#website"},"datePublished":"2015-01-19T15:18:34+00:00","dateModified":"2022-10-12T10:36:56+00:00","breadcrumb":{"@id":"https:\/\/ituprojekti.net\/savonlinna\/#breadcrumb"},"inLanguage":"fi","potentialAction":[{"@type":"ReadAction","target":["https:\/\/ituprojekti.net\/savonlinna\/"]}]},{"@type":"BreadcrumbList","@id":"https:\/\/ituprojekti.net\/savonlinna\/#breadcrumb","itemListElement":[{"@type":"ListItem","position":1,"name":"Home","item":"https:\/\/ituprojekti.net\/"},{"@type":"ListItem","position":2,"name":"Savonlinna"}]},{"@type":"WebSite","@id":"https:\/\/ituprojekti.net\/fi\/#website","url":"https:\/\/ituprojekti.net\/fi\/","name":"Itu - apua yll\u00e4tysraskaustilanteissa","description":"Apua yll\u00e4tysraskaustilanteissa ja abortin j\u00e4lkeen. Soita 050 401 5567.","publisher":{"@id":"https:\/\/ituprojekti.net\/fi\/#organization"},"potentialAction":[{"@type":"SearchAction","target":{"@type":"EntryPoint","urlTemplate":"https:\/\/ituprojekti.net\/fi\/?s={search_term_string}"},"query-input":{"@type":"PropertyValueSpecification","valueRequired":true,"valueName":"search_term_string"}}],"inLanguage":"fi"},{"@type":"Organization","@id":"https:\/\/ituprojekti.net\/fi\/#organization","name":"Itu - apua yll\u00e4tysraskaustilanteissa","url":"https:\/\/ituprojekti.net\/fi\/","logo":{"@type":"ImageObject","inLanguage":"fi","@id":"https:\/\/ituprojekti.net\/fi\/#\/schema\/logo\/image\/","url":"https:\/\/ituprojekti.net\/wp-content\/uploads\/2015\/02\/itulogo_pienempi3.png","contentUrl":"https:\/\/ituprojekti.net\/wp-content\/uploads\/2015\/02\/itulogo_pienempi3.png","width":142,"height":53,"caption":"Itu - apua yll\u00e4tysraskaustilanteissa"},"image":{"@id":"https:\/\/ituprojekti.net\/fi\/#\/schema\/logo\/image\/"}}]}},"_links":{"self":[{"href":"https:\/\/ituprojekti.net\/sv_SE\/wp-json\/wp\/v2\/pages\/44","targetHints":{"allow":["GET"]}}],"collection":[{"href":"https:\/\/ituprojekti.net\/sv_SE\/wp-json\/wp\/v2\/pages"}],"about":[{"href":"https:\/\/ituprojekti.net\/sv_SE\/wp-json\/wp\/v2\/types\/page"}],"author":[{"embeddable":true,"href":"https:\/\/ituprojekti.net\/sv_SE\/wp-json\/wp\/v2\/users\/1"}],"replies":[{"embeddable":true,"href":"https:\/\/ituprojekti.net\/sv_SE\/wp-json\/wp\/v2\/comments?post=44"}],"version-history":[{"count":5,"href":"https:\/\/ituprojekti.net\/sv_SE\/wp-json\/wp\/v2\/pages\/44\/revisions"}],"predecessor-version":[{"id":1076,"href":"https:\/\/ituprojekti.net\/sv_SE\/wp-json\/wp\/v2\/pages\/44\/revisions\/1076"}],"wp:attachment":[{"href":"https:\/\/ituprojekti.net\/sv_SE\/wp-json\/wp\/v2\/media?parent=44"}],"curies":[{"name":"wp","href":"https:\/\/api.w.org\/{rel}","templated":true}]}}