{"id":38,"date":"2015-01-19T15:15:12","date_gmt":"2015-01-19T15:15:12","guid":{"rendered":"http:\/\/83.145.194.173\/~itupr719\/?page_id=38"},"modified":"2024-03-19T17:00:04","modified_gmt":"2024-03-19T15:00:04","slug":"oulu","status":"publish","type":"page","link":"https:\/\/ituprojekti.net\/sv_SE\/oulu\/","title":{"rendered":"Oulu"},"content":{"rendered":"<p><strong>Apua yll\u00e4tysraskaustilanteessa ja abortin j\u00e4lkeisiss\u00e4 kriiseiss\u00e4.<\/strong><\/p>\n<div>\n<div>\n<p>Tervetuloa keskustelemaan yll\u00e4tysraskaustilanteessa tai abortin j\u00e4lkeen. Pyrimme etsim\u00e4\u00e4n my\u00f6s tukihenkil\u00f6n sinulle, joka vaikeassa tilanteessa jatkat raskauttasi<\/p>\n<p>Oulun p\u00e4ivystysnumero\u00a0 044 792 2229. Voit\u00a0 l\u00e4hett\u00e4\u00e4 numeroon tekstiviestin tai s\u00e4hk\u00f6postilla ituoulu@gmail.com, niin sinuun otetaan yhteytt\u00e4.<\/p>\n<p><strong><em>Vertaistukea abortin l\u00e4pik\u00e4yneille<\/em><\/strong><\/p>\n<p><em>Vertaistukiryhm\u00e4 abortin l\u00e4pik\u00e4yneille aloitetaan jos ryhm\u00e4 saadaan kokoon<\/em><\/p>\n<p><strong><em>Ryhm\u00e4n j\u00e4rjest\u00e4v\u00e4t Oulun NNKY ja Itu-ty\u00f6.<\/em><\/strong><\/p>\n<\/div>\n<\/div>\n<p><strong>KOKKOLA<\/strong><\/p>\n<p>Kokkolassa on mahdollisuus tapaamisiin koulutetun tukihenkil\u00f6n kanssa.<\/p>\n<p><strong>\u00a0<\/strong><\/p>\n<p><b>\u00a0<\/b><\/p>\n","protected":false},"excerpt":{"rendered":"<p>Apua yll\u00e4tysraskaustilanteessa ja abortin j\u00e4lkeisiss\u00e4 kriiseiss\u00e4. Tervetuloa keskustelemaan yll\u00e4tysraskaustilanteessa tai abortin j\u00e4lkeen. Pyrimme etsim\u00e4\u00e4n my\u00f6s tukihenkil\u00f6n sinulle, joka vaikeassa tilanteessa jatkat raskauttasi Oulun p\u00e4ivystysnumero\u00a0 044 792 2229. Voit\u00a0 l\u00e4hett\u00e4\u00e4 numeroon tekstiviestin tai s\u00e4hk\u00f6postilla ituoulu@gmail.com, niin sinuun otetaan yhteytt\u00e4. Vertaistukea abortin<\/p>\n","protected":false},"author":1,"featured_media":0,"parent":0,"menu_order":0,"comment_status":"closed","ping_status":"open","template":"","meta":{"_bbp_topic_count":0,"_bbp_reply_count":0,"_bbp_total_topic_count":0,"_bbp_total_reply_count":0,"_bbp_voice_count":0,"_bbp_anonymous_reply_count":0,"_bbp_topic_count_hidden":0,"_bbp_reply_count_hidden":0,"_bbp_forum_subforum_count":0,"footnotes":""},"class_list":["post-38","page","type-page","status-publish","hentry"],"yoast_head":"<!-- This site is optimized with the Yoast SEO plugin v24.1 - https:\/\/yoast.com\/wordpress\/plugins\/seo\/ -->\n<title>Oulu<\/title>\n<meta name=\"robots\" content=\"index, follow, max-snippet:-1, max-image-preview:large, max-video-preview:-1\" \/>\n<link rel=\"canonical\" href=\"https:\/\/ituprojekti.net\/oulu\/\" \/>\n<meta property=\"og:locale\" content=\"fi_FI\" \/>\n<meta property=\"og:type\" content=\"article\" \/>\n<meta property=\"og:title\" content=\"Oulu\" \/>\n<meta property=\"og:description\" content=\"Apua yll\u00e4tysraskaustilanteessa ja abortin j\u00e4lkeisiss\u00e4 kriiseiss\u00e4. Tervetuloa keskustelemaan yll\u00e4tysraskaustilanteessa tai abortin j\u00e4lkeen. Pyrimme etsim\u00e4\u00e4n my\u00f6s tukihenkil\u00f6n sinulle, joka vaikeassa tilanteessa jatkat raskauttasi Oulun p\u00e4ivystysnumero\u00a0 044 792 2229. Voit\u00a0 l\u00e4hett\u00e4\u00e4 numeroon tekstiviestin tai s\u00e4hk\u00f6postilla ituoulu@gmail.com, niin sinuun otetaan yhteytt\u00e4. Vertaistukea abortin\" \/>\n<meta property=\"og:url\" content=\"https:\/\/ituprojekti.net\/oulu\/\" \/>\n<meta property=\"og:site_name\" content=\"Itu - apua yll\u00e4tysraskaustilanteissa\" \/>\n<meta property=\"article:modified_time\" content=\"2024-03-19T15:00:04+00:00\" \/>\n<meta name=\"twitter:label1\" content=\"Arvioitu lukuaika\" \/>\n\t<meta name=\"twitter:data1\" content=\"1 minuutti\" \/>\n<script type=\"application\/ld+json\" class=\"yoast-schema-graph\">{\"@context\":\"https:\/\/schema.org\",\"@graph\":[{\"@type\":\"WebPage\",\"@id\":\"https:\/\/ituprojekti.net\/oulu\/\",\"url\":\"https:\/\/ituprojekti.net\/oulu\/\",\"name\":\"Oulu\",\"isPartOf\":{\"@id\":\"https:\/\/ituprojekti.net\/fi\/#website\"},\"datePublished\":\"2015-01-19T15:15:12+00:00\",\"dateModified\":\"2024-03-19T15:00:04+00:00\",\"breadcrumb\":{\"@id\":\"https:\/\/ituprojekti.net\/oulu\/#breadcrumb\"},\"inLanguage\":\"fi\",\"potentialAction\":[{\"@type\":\"ReadAction\",\"target\":[\"https:\/\/ituprojekti.net\/oulu\/\"]}]},{\"@type\":\"BreadcrumbList\",\"@id\":\"https:\/\/ituprojekti.net\/oulu\/#breadcrumb\",\"itemListElement\":[{\"@type\":\"ListItem\",\"position\":1,\"name\":\"Home\",\"item\":\"https:\/\/ituprojekti.net\/\"},{\"@type\":\"ListItem\",\"position\":2,\"name\":\"Oulu\"}]},{\"@type\":\"WebSite\",\"@id\":\"https:\/\/ituprojekti.net\/fi\/#website\",\"url\":\"https:\/\/ituprojekti.net\/fi\/\",\"name\":\"Itu - apua yll\u00e4tysraskaustilanteissa\",\"description\":\"Apua yll\u00e4tysraskaustilanteissa ja abortin j\u00e4lkeen. Soita 050 401 5567.\",\"publisher\":{\"@id\":\"https:\/\/ituprojekti.net\/fi\/#organization\"},\"potentialAction\":[{\"@type\":\"SearchAction\",\"target\":{\"@type\":\"EntryPoint\",\"urlTemplate\":\"https:\/\/ituprojekti.net\/fi\/?s={search_term_string}\"},\"query-input\":{\"@type\":\"PropertyValueSpecification\",\"valueRequired\":true,\"valueName\":\"search_term_string\"}}],\"inLanguage\":\"fi\"},{\"@type\":\"Organization\",\"@id\":\"https:\/\/ituprojekti.net\/fi\/#organization\",\"name\":\"Itu - apua yll\u00e4tysraskaustilanteissa\",\"url\":\"https:\/\/ituprojekti.net\/fi\/\",\"logo\":{\"@type\":\"ImageObject\",\"inLanguage\":\"fi\",\"@id\":\"https:\/\/ituprojekti.net\/fi\/#\/schema\/logo\/image\/\",\"url\":\"https:\/\/ituprojekti.net\/wp-content\/uploads\/2015\/02\/itulogo_pienempi3.png\",\"contentUrl\":\"https:\/\/ituprojekti.net\/wp-content\/uploads\/2015\/02\/itulogo_pienempi3.png\",\"width\":142,\"height\":53,\"caption\":\"Itu - apua yll\u00e4tysraskaustilanteissa\"},\"image\":{\"@id\":\"https:\/\/ituprojekti.net\/fi\/#\/schema\/logo\/image\/\"}}]}<\/script>\n<!-- \/ Yoast SEO plugin. -->","yoast_head_json":{"title":"Oulu","robots":{"index":"index","follow":"follow","max-snippet":"max-snippet:-1","max-image-preview":"max-image-preview:large","max-video-preview":"max-video-preview:-1"},"canonical":"https:\/\/ituprojekti.net\/oulu\/","og_locale":"fi_FI","og_type":"article","og_title":"Oulu","og_description":"Apua yll\u00e4tysraskaustilanteessa ja abortin j\u00e4lkeisiss\u00e4 kriiseiss\u00e4. Tervetuloa keskustelemaan yll\u00e4tysraskaustilanteessa tai abortin j\u00e4lkeen. Pyrimme etsim\u00e4\u00e4n my\u00f6s tukihenkil\u00f6n sinulle, joka vaikeassa tilanteessa jatkat raskauttasi Oulun p\u00e4ivystysnumero\u00a0 044 792 2229. Voit\u00a0 l\u00e4hett\u00e4\u00e4 numeroon tekstiviestin tai s\u00e4hk\u00f6postilla ituoulu@gmail.com, niin sinuun otetaan yhteytt\u00e4. Vertaistukea abortin","og_url":"https:\/\/ituprojekti.net\/oulu\/","og_site_name":"Itu - apua yll\u00e4tysraskaustilanteissa","article_modified_time":"2024-03-19T15:00:04+00:00","twitter_misc":{"Arvioitu lukuaika":"1 minuutti"},"schema":{"@context":"https:\/\/schema.org","@graph":[{"@type":"WebPage","@id":"https:\/\/ituprojekti.net\/oulu\/","url":"https:\/\/ituprojekti.net\/oulu\/","name":"Oulu","isPartOf":{"@id":"https:\/\/ituprojekti.net\/fi\/#website"},"datePublished":"2015-01-19T15:15:12+00:00","dateModified":"2024-03-19T15:00:04+00:00","breadcrumb":{"@id":"https:\/\/ituprojekti.net\/oulu\/#breadcrumb"},"inLanguage":"fi","potentialAction":[{"@type":"ReadAction","target":["https:\/\/ituprojekti.net\/oulu\/"]}]},{"@type":"BreadcrumbList","@id":"https:\/\/ituprojekti.net\/oulu\/#breadcrumb","itemListElement":[{"@type":"ListItem","position":1,"name":"Home","item":"https:\/\/ituprojekti.net\/"},{"@type":"ListItem","position":2,"name":"Oulu"}]},{"@type":"WebSite","@id":"https:\/\/ituprojekti.net\/fi\/#website","url":"https:\/\/ituprojekti.net\/fi\/","name":"Itu - apua yll\u00e4tysraskaustilanteissa","description":"Apua yll\u00e4tysraskaustilanteissa ja abortin j\u00e4lkeen. Soita 050 401 5567.","publisher":{"@id":"https:\/\/ituprojekti.net\/fi\/#organization"},"potentialAction":[{"@type":"SearchAction","target":{"@type":"EntryPoint","urlTemplate":"https:\/\/ituprojekti.net\/fi\/?s={search_term_string}"},"query-input":{"@type":"PropertyValueSpecification","valueRequired":true,"valueName":"search_term_string"}}],"inLanguage":"fi"},{"@type":"Organization","@id":"https:\/\/ituprojekti.net\/fi\/#organization","name":"Itu - apua yll\u00e4tysraskaustilanteissa","url":"https:\/\/ituprojekti.net\/fi\/","logo":{"@type":"ImageObject","inLanguage":"fi","@id":"https:\/\/ituprojekti.net\/fi\/#\/schema\/logo\/image\/","url":"https:\/\/ituprojekti.net\/wp-content\/uploads\/2015\/02\/itulogo_pienempi3.png","contentUrl":"https:\/\/ituprojekti.net\/wp-content\/uploads\/2015\/02\/itulogo_pienempi3.png","width":142,"height":53,"caption":"Itu - apua yll\u00e4tysraskaustilanteissa"},"image":{"@id":"https:\/\/ituprojekti.net\/fi\/#\/schema\/logo\/image\/"}}]}},"_links":{"self":[{"href":"https:\/\/ituprojekti.net\/sv_SE\/wp-json\/wp\/v2\/pages\/38","targetHints":{"allow":["GET"]}}],"collection":[{"href":"https:\/\/ituprojekti.net\/sv_SE\/wp-json\/wp\/v2\/pages"}],"about":[{"href":"https:\/\/ituprojekti.net\/sv_SE\/wp-json\/wp\/v2\/types\/page"}],"author":[{"embeddable":true,"href":"https:\/\/ituprojekti.net\/sv_SE\/wp-json\/wp\/v2\/users\/1"}],"replies":[{"embeddable":true,"href":"https:\/\/ituprojekti.net\/sv_SE\/wp-json\/wp\/v2\/comments?post=38"}],"version-history":[{"count":5,"href":"https:\/\/ituprojekti.net\/sv_SE\/wp-json\/wp\/v2\/pages\/38\/revisions"}],"predecessor-version":[{"id":2259,"href":"https:\/\/ituprojekti.net\/sv_SE\/wp-json\/wp\/v2\/pages\/38\/revisions\/2259"}],"wp:attachment":[{"href":"https:\/\/ituprojekti.net\/sv_SE\/wp-json\/wp\/v2\/media?parent=38"}],"curies":[{"name":"wp","href":"https:\/\/api.w.org\/{rel}","templated":true}]}}