{"id":30,"date":"2015-01-19T15:06:50","date_gmt":"2015-01-19T15:06:50","guid":{"rendered":"http:\/\/83.145.194.173\/~itupr719\/?page_id=30"},"modified":"2026-03-08T22:08:10","modified_gmt":"2026-03-08T20:08:10","slug":"tue-tyotamme","status":"publish","type":"page","link":"https:\/\/ituprojekti.net\/sv_SE\/tue-tyotamme\/","title":{"rendered":"St\u00f6d v\u00e5rt arbete"},"content":{"rendered":"<p><strong>Ge en g\u00e5va<\/strong><\/p>\n<p><strong>Du kan st\u00f6da v\u00e5rt arbete genom donationer till konto FI61 1146 3001 1167 45<\/strong><\/p>\n<p><strong>Mottagare: Tampereen NNKY; <\/strong><\/p>\n<p><strong>Meddelande: Itu eller den ort som du vill att donationen g\u00e5r till <\/strong><\/p>\n<p><strong>TACK F\u00d6R DITT ST\u00d6D!<\/strong><\/p>\n<p><strong>Penninginsamlingstillst\u00e5nd nr: POHA\u00a02020\/2013\/4516<\/strong><\/p>\n<p><strong>Tillst\u00e5ndet g\u00e4ller 18.3.2014 &#8211; 17.3.2016 i hela Finland utom \u00c5land.<\/strong><\/p>\n<p><strong>\u00a0<\/strong><\/p>\n<p><strong>Vi tar emot barnsk\u00f6tseltillbeh\u00f6r och barnkl\u00e4der i gott skick. <\/strong><\/p>\n<p><strong>\u00a0<\/strong><\/p>\n<p><strong>\u00a0<\/strong><\/p>\n<p><strong>Bli frivillig<\/strong><\/p>\n<p><strong>\u00a0<\/strong><\/p>\n<p><strong>V\u00e5rt arbete sker till stor del med frivilliga krafter. F\u00f6r att bli st\u00f6dperson f\u00f6r kvinnor som \u00f6verraskande \u00e4r gravida eller g\u00e5tt igenom en abort kr\u00e4ver vi att frivilliga har genomg\u00e5tt de kurser vi erbjuder<\/strong><\/p>\n<p><strong>\u00a0<\/strong><\/p>\n<p><strong>Ut\u00f6ver samtalshj\u00e4lp erbjuder vi v\u00e5ra klienter \u00e4ven g\u00e4rna exempelvis hj\u00e4lp med barnsk\u00f6tsel och mentalt st\u00f6d i f\u00f6r\u00e4ldraskapet. \u00c4ven mamma-barn-caf\u00e9verksamheten beh\u00f6ver frivilliga barnsk\u00f6tare. Man kan ocks\u00e5 vara med i v\u00e5rt arbete p\u00e5 annat s\u00e4tt genom sitt eget specialkunnande. Om du \u00e4r intresserad av att bli frivillig, kontakta <\/strong><a href=\"mailto:itu@tnnky.fi\"><strong>itu@tnnky.fi<\/strong><\/a><\/p>\n","protected":false},"excerpt":{"rendered":"<p><strong>Ge en g\u00e5va<\/strong><\/p>\n<p><strong>Du kan st\u00f6da v\u00e5rt arbete genom donationer till konto FI61 1146 3001 1167 45<\/strong><\/p>\n<p><strong>Mottagare: Tampereen NNKY; <\/strong><\/p>\n<p><strong>Meddelande: Itu eller den ort som du vill att donationen g\u00e5r till <...\n<\/p>\n","protected":false},"author":1,"featured_media":0,"parent":0,"menu_order":7,"comment_status":"closed","ping_status":"closed","template":"","meta":{"_bbp_topic_count":0,"_bbp_reply_count":0,"_bbp_total_topic_count":0,"_bbp_total_reply_count":0,"_bbp_voice_count":0,"_bbp_anonymous_reply_count":0,"_bbp_topic_count_hidden":0,"_bbp_reply_count_hidden":0,"_bbp_forum_subforum_count":0,"footnotes":""},"class_list":["post-30","page","type-page","status-publish","hentry"],"yoast_head":"<!-- This site is optimized with the Yoast SEO plugin v24.1 - https:\/\/yoast.com\/wordpress\/plugins\/seo\/ -->\n<title>Tue ty\u00f6t\u00e4mme<\/title>\n<meta name=\"description\" content=\"Ty\u00f6mme toteutuu suureksi osaksi vapaaehtoisvoimin. Voit tukea ty\u00f6t\u00e4mme lahjoituksin tilille FI61 1146 3001 1167 45.\" \/>\n<meta name=\"robots\" content=\"index, follow, max-snippet:-1, max-image-preview:large, max-video-preview:-1\" \/>\n<link rel=\"canonical\" href=\"https:\/\/ituprojekti.net\/tue-tyotamme\/\" \/>\n<meta property=\"og:locale\" content=\"fi_FI\" \/>\n<meta property=\"og:type\" content=\"article\" \/>\n<meta property=\"og:title\" content=\"Tue ty\u00f6t\u00e4mme\" \/>\n<meta property=\"og:description\" content=\"Ty\u00f6mme toteutuu suureksi osaksi vapaaehtoisvoimin. Voit tukea ty\u00f6t\u00e4mme lahjoituksin tilille FI61 1146 3001 1167 45.\" \/>\n<meta property=\"og:url\" content=\"https:\/\/ituprojekti.net\/tue-tyotamme\/\" \/>\n<meta property=\"og:site_name\" content=\"Itu - apua yll\u00e4tysraskaustilanteissa\" \/>\n<meta property=\"article:modified_time\" content=\"2026-03-08T20:08:10+00:00\" \/>\n<meta name=\"twitter:label1\" content=\"Arvioitu lukuaika\" \/>\n\t<meta name=\"twitter:data1\" content=\"1 minuutti\" \/>\n<script type=\"application\/ld+json\" class=\"yoast-schema-graph\">{\"@context\":\"https:\/\/schema.org\",\"@graph\":[{\"@type\":\"WebPage\",\"@id\":\"https:\/\/ituprojekti.net\/tue-tyotamme\/\",\"url\":\"https:\/\/ituprojekti.net\/tue-tyotamme\/\",\"name\":\"Tue ty\u00f6t\u00e4mme\",\"isPartOf\":{\"@id\":\"https:\/\/ituprojekti.net\/fi\/#website\"},\"datePublished\":\"2015-01-19T15:06:50+00:00\",\"dateModified\":\"2026-03-08T20:08:10+00:00\",\"description\":\"Ty\u00f6mme toteutuu suureksi osaksi vapaaehtoisvoimin. Voit tukea ty\u00f6t\u00e4mme lahjoituksin tilille FI61 1146 3001 1167 45.\",\"breadcrumb\":{\"@id\":\"https:\/\/ituprojekti.net\/tue-tyotamme\/#breadcrumb\"},\"inLanguage\":\"fi\",\"potentialAction\":[{\"@type\":\"ReadAction\",\"target\":[\"https:\/\/ituprojekti.net\/tue-tyotamme\/\"]}]},{\"@type\":\"BreadcrumbList\",\"@id\":\"https:\/\/ituprojekti.net\/tue-tyotamme\/#breadcrumb\",\"itemListElement\":[{\"@type\":\"ListItem\",\"position\":1,\"name\":\"Home\",\"item\":\"https:\/\/ituprojekti.net\/\"},{\"@type\":\"ListItem\",\"position\":2,\"name\":\"Tue ty\u00f6t\u00e4mme\"}]},{\"@type\":\"WebSite\",\"@id\":\"https:\/\/ituprojekti.net\/fi\/#website\",\"url\":\"https:\/\/ituprojekti.net\/fi\/\",\"name\":\"Itu - apua yll\u00e4tysraskaustilanteissa\",\"description\":\"Apua yll\u00e4tysraskaustilanteissa ja abortin j\u00e4lkeen. Soita 050 401 5567.\",\"publisher\":{\"@id\":\"https:\/\/ituprojekti.net\/fi\/#organization\"},\"potentialAction\":[{\"@type\":\"SearchAction\",\"target\":{\"@type\":\"EntryPoint\",\"urlTemplate\":\"https:\/\/ituprojekti.net\/fi\/?s={search_term_string}\"},\"query-input\":{\"@type\":\"PropertyValueSpecification\",\"valueRequired\":true,\"valueName\":\"search_term_string\"}}],\"inLanguage\":\"fi\"},{\"@type\":\"Organization\",\"@id\":\"https:\/\/ituprojekti.net\/fi\/#organization\",\"name\":\"Itu - apua yll\u00e4tysraskaustilanteissa\",\"url\":\"https:\/\/ituprojekti.net\/fi\/\",\"logo\":{\"@type\":\"ImageObject\",\"inLanguage\":\"fi\",\"@id\":\"https:\/\/ituprojekti.net\/fi\/#\/schema\/logo\/image\/\",\"url\":\"https:\/\/ituprojekti.net\/wp-content\/uploads\/2015\/02\/itulogo_pienempi3.png\",\"contentUrl\":\"https:\/\/ituprojekti.net\/wp-content\/uploads\/2015\/02\/itulogo_pienempi3.png\",\"width\":142,\"height\":53,\"caption\":\"Itu - apua yll\u00e4tysraskaustilanteissa\"},\"image\":{\"@id\":\"https:\/\/ituprojekti.net\/fi\/#\/schema\/logo\/image\/\"}}]}<\/script>\n<!-- \/ Yoast SEO plugin. -->","yoast_head_json":{"title":"Tue ty\u00f6t\u00e4mme","description":"Ty\u00f6mme toteutuu suureksi osaksi vapaaehtoisvoimin. Voit tukea ty\u00f6t\u00e4mme lahjoituksin tilille FI61 1146 3001 1167 45.","robots":{"index":"index","follow":"follow","max-snippet":"max-snippet:-1","max-image-preview":"max-image-preview:large","max-video-preview":"max-video-preview:-1"},"canonical":"https:\/\/ituprojekti.net\/tue-tyotamme\/","og_locale":"fi_FI","og_type":"article","og_title":"Tue ty\u00f6t\u00e4mme","og_description":"Ty\u00f6mme toteutuu suureksi osaksi vapaaehtoisvoimin. Voit tukea ty\u00f6t\u00e4mme lahjoituksin tilille FI61 1146 3001 1167 45.","og_url":"https:\/\/ituprojekti.net\/tue-tyotamme\/","og_site_name":"Itu - apua yll\u00e4tysraskaustilanteissa","article_modified_time":"2026-03-08T20:08:10+00:00","twitter_misc":{"Arvioitu lukuaika":"1 minuutti"},"schema":{"@context":"https:\/\/schema.org","@graph":[{"@type":"WebPage","@id":"https:\/\/ituprojekti.net\/tue-tyotamme\/","url":"https:\/\/ituprojekti.net\/tue-tyotamme\/","name":"Tue ty\u00f6t\u00e4mme","isPartOf":{"@id":"https:\/\/ituprojekti.net\/fi\/#website"},"datePublished":"2015-01-19T15:06:50+00:00","dateModified":"2026-03-08T20:08:10+00:00","description":"Ty\u00f6mme toteutuu suureksi osaksi vapaaehtoisvoimin. Voit tukea ty\u00f6t\u00e4mme lahjoituksin tilille FI61 1146 3001 1167 45.","breadcrumb":{"@id":"https:\/\/ituprojekti.net\/tue-tyotamme\/#breadcrumb"},"inLanguage":"fi","potentialAction":[{"@type":"ReadAction","target":["https:\/\/ituprojekti.net\/tue-tyotamme\/"]}]},{"@type":"BreadcrumbList","@id":"https:\/\/ituprojekti.net\/tue-tyotamme\/#breadcrumb","itemListElement":[{"@type":"ListItem","position":1,"name":"Home","item":"https:\/\/ituprojekti.net\/"},{"@type":"ListItem","position":2,"name":"Tue ty\u00f6t\u00e4mme"}]},{"@type":"WebSite","@id":"https:\/\/ituprojekti.net\/fi\/#website","url":"https:\/\/ituprojekti.net\/fi\/","name":"Itu - apua yll\u00e4tysraskaustilanteissa","description":"Apua yll\u00e4tysraskaustilanteissa ja abortin j\u00e4lkeen. Soita 050 401 5567.","publisher":{"@id":"https:\/\/ituprojekti.net\/fi\/#organization"},"potentialAction":[{"@type":"SearchAction","target":{"@type":"EntryPoint","urlTemplate":"https:\/\/ituprojekti.net\/fi\/?s={search_term_string}"},"query-input":{"@type":"PropertyValueSpecification","valueRequired":true,"valueName":"search_term_string"}}],"inLanguage":"fi"},{"@type":"Organization","@id":"https:\/\/ituprojekti.net\/fi\/#organization","name":"Itu - apua yll\u00e4tysraskaustilanteissa","url":"https:\/\/ituprojekti.net\/fi\/","logo":{"@type":"ImageObject","inLanguage":"fi","@id":"https:\/\/ituprojekti.net\/fi\/#\/schema\/logo\/image\/","url":"https:\/\/ituprojekti.net\/wp-content\/uploads\/2015\/02\/itulogo_pienempi3.png","contentUrl":"https:\/\/ituprojekti.net\/wp-content\/uploads\/2015\/02\/itulogo_pienempi3.png","width":142,"height":53,"caption":"Itu - apua yll\u00e4tysraskaustilanteissa"},"image":{"@id":"https:\/\/ituprojekti.net\/fi\/#\/schema\/logo\/image\/"}}]}},"_links":{"self":[{"href":"https:\/\/ituprojekti.net\/sv_SE\/wp-json\/wp\/v2\/pages\/30","targetHints":{"allow":["GET"]}}],"collection":[{"href":"https:\/\/ituprojekti.net\/sv_SE\/wp-json\/wp\/v2\/pages"}],"about":[{"href":"https:\/\/ituprojekti.net\/sv_SE\/wp-json\/wp\/v2\/types\/page"}],"author":[{"embeddable":true,"href":"https:\/\/ituprojekti.net\/sv_SE\/wp-json\/wp\/v2\/users\/1"}],"replies":[{"embeddable":true,"href":"https:\/\/ituprojekti.net\/sv_SE\/wp-json\/wp\/v2\/comments?post=30"}],"version-history":[{"count":10,"href":"https:\/\/ituprojekti.net\/sv_SE\/wp-json\/wp\/v2\/pages\/30\/revisions"}],"predecessor-version":[{"id":8617,"href":"https:\/\/ituprojekti.net\/sv_SE\/wp-json\/wp\/v2\/pages\/30\/revisions\/8617"}],"wp:attachment":[{"href":"https:\/\/ituprojekti.net\/sv_SE\/wp-json\/wp\/v2\/media?parent=30"}],"curies":[{"name":"wp","href":"https:\/\/api.w.org\/{rel}","templated":true}]}}