{"id":28,"date":"2015-01-19T15:05:03","date_gmt":"2015-01-19T15:05:03","guid":{"rendered":"http:\/\/83.145.194.173\/~itupr719\/?page_id=28"},"modified":"2025-10-14T23:05:29","modified_gmt":"2025-10-14T20:05:29","slug":"koulutukset-ja-tapahtumat","status":"publish","type":"page","link":"https:\/\/ituprojekti.net\/sv_SE\/koulutukset-ja-tapahtumat\/","title":{"rendered":"Tapahtumat ja koulutukset"},"content":{"rendered":"<p><strong>\u00a0<\/strong><\/p>\n<p><strong>Askeleet<\/strong> <strong>vertaistukiviikonloppu<\/strong> abortin l\u00e4pik\u00e4yneille Tampereen NNKY:ll\u00e4 14-16.11. 2025, tiedostelut Outi Papunen 040 832 9001<\/p>\n<p><strong>Kutsuttu V\u00e4litt\u00e4m\u00e4\u00e4n<\/strong>-koulutus yll\u00e4tysraskaustilanteessa olevan kohtaamiseen Tampereella 9.-11.1. 2026, Mahdollisuus osallistua my\u00f6s et\u00e4n\u00e4. Tiedustelut itu@tnnky.fi tai Outi 040 832 9001<\/p>\n<p><strong>Puhelinp\u00e4ivyst\u00e4j\u00e4ksi tai ryhm\u00e4n vet\u00e4j\u00e4ksi Ituty\u00f6h\u00f6n:<\/strong><\/p>\n<p>Itu-ty\u00f6n vapaaehtoiset k\u00e4yv\u00e4t l\u00e4pi kaksi koulutusta: Kutsuttu v\u00e4litt\u00e4m\u00e4\u00e4n -koulutuksen kriisiraskaustilanteessa olevan kohtaamiseen sek\u00e4 Journey-koulutuksen Askeleet-ryhm\u00e4n vet\u00e4miseen.<\/p>\n<p>Koulutukset ovat avoimia kaikille ja ne sopivat jokaiselle, jotka ovat ty\u00f6ss\u00e4\u00e4n tai muuten kriisiraskauteen tai aborttiin liittyvien asioiden \u00e4\u00e4rell\u00e4.<\/p>\n<h5>\u00a0<\/h5>\n\n\n<p><\/p>\n","protected":false},"excerpt":{"rendered":"<p>\u00a0 Askeleet vertaistukiviikonloppu abortin l\u00e4pik\u00e4yneille Tampereen NNKY:ll\u00e4 14-16.11. 2025, tiedostelut Outi Papunen 040 832 9001 Kutsuttu V\u00e4litt\u00e4m\u00e4\u00e4n-koulutus yll\u00e4tysraskaustilanteessa olevan kohtaamiseen Tampereella 9.-11.1. 2026, Mahdollisuus osallistua my\u00f6s et\u00e4n\u00e4. Tiedustelut itu@tnnky.fi tai Outi 040 832 9001 Puhelinp\u00e4ivyst\u00e4j\u00e4ksi tai ryhm\u00e4n vet\u00e4j\u00e4ksi Ituty\u00f6h\u00f6n: Itu-ty\u00f6n<\/p>\n","protected":false},"author":1,"featured_media":0,"parent":0,"menu_order":6,"comment_status":"closed","ping_status":"closed","template":"","meta":{"_bbp_topic_count":0,"_bbp_reply_count":0,"_bbp_total_topic_count":0,"_bbp_total_reply_count":0,"_bbp_voice_count":0,"_bbp_anonymous_reply_count":0,"_bbp_topic_count_hidden":0,"_bbp_reply_count_hidden":0,"_bbp_forum_subforum_count":0,"footnotes":""},"class_list":["post-28","page","type-page","status-publish","hentry"],"yoast_head":"<!-- This site is optimized with the Yoast SEO plugin v24.1 - https:\/\/yoast.com\/wordpress\/plugins\/seo\/ -->\n<title>Koulutukset ja tapahtumat<\/title>\n<meta name=\"description\" content=\"Ituprojektin vapaaehtoiset k\u00e4yv\u00e4t l\u00e4pi kaksi koulutusta: Kutsuttu v\u00e4litt\u00e4m\u00e4\u00e4n koulutus kriisiraskaustilanteen kohtaamiseen sek\u00e4 Journey-koulutus Askeleet-ryhm\u00e4n vet\u00e4miseen.\" \/>\n<meta name=\"robots\" content=\"index, follow, max-snippet:-1, max-image-preview:large, max-video-preview:-1\" \/>\n<link rel=\"canonical\" href=\"https:\/\/ituprojekti.net\/koulutukset-ja-tapahtumat\/\" \/>\n<meta property=\"og:locale\" content=\"fi_FI\" \/>\n<meta property=\"og:type\" content=\"article\" \/>\n<meta property=\"og:title\" content=\"Koulutukset ja tapahtumat\" \/>\n<meta property=\"og:description\" content=\"Ituprojektin vapaaehtoiset k\u00e4yv\u00e4t l\u00e4pi kaksi koulutusta: Kutsuttu v\u00e4litt\u00e4m\u00e4\u00e4n koulutus kriisiraskaustilanteen kohtaamiseen sek\u00e4 Journey-koulutus Askeleet-ryhm\u00e4n vet\u00e4miseen.\" \/>\n<meta property=\"og:url\" content=\"https:\/\/ituprojekti.net\/koulutukset-ja-tapahtumat\/\" \/>\n<meta property=\"og:site_name\" content=\"Itu - apua yll\u00e4tysraskaustilanteissa\" \/>\n<meta property=\"article:modified_time\" content=\"2025-10-14T20:05:29+00:00\" \/>\n<meta name=\"twitter:label1\" content=\"Arvioitu lukuaika\" \/>\n\t<meta name=\"twitter:data1\" content=\"1 minuutti\" \/>\n<script type=\"application\/ld+json\" class=\"yoast-schema-graph\">{\"@context\":\"https:\/\/schema.org\",\"@graph\":[{\"@type\":\"WebPage\",\"@id\":\"https:\/\/ituprojekti.net\/koulutukset-ja-tapahtumat\/\",\"url\":\"https:\/\/ituprojekti.net\/koulutukset-ja-tapahtumat\/\",\"name\":\"Koulutukset ja tapahtumat\",\"isPartOf\":{\"@id\":\"https:\/\/ituprojekti.net\/fi\/#website\"},\"datePublished\":\"2015-01-19T15:05:03+00:00\",\"dateModified\":\"2025-10-14T20:05:29+00:00\",\"description\":\"Ituprojektin vapaaehtoiset k\u00e4yv\u00e4t l\u00e4pi kaksi koulutusta: Kutsuttu v\u00e4litt\u00e4m\u00e4\u00e4n koulutus kriisiraskaustilanteen kohtaamiseen sek\u00e4 Journey-koulutus Askeleet-ryhm\u00e4n vet\u00e4miseen.\",\"breadcrumb\":{\"@id\":\"https:\/\/ituprojekti.net\/koulutukset-ja-tapahtumat\/#breadcrumb\"},\"inLanguage\":\"fi\",\"potentialAction\":[{\"@type\":\"ReadAction\",\"target\":[\"https:\/\/ituprojekti.net\/koulutukset-ja-tapahtumat\/\"]}]},{\"@type\":\"BreadcrumbList\",\"@id\":\"https:\/\/ituprojekti.net\/koulutukset-ja-tapahtumat\/#breadcrumb\",\"itemListElement\":[{\"@type\":\"ListItem\",\"position\":1,\"name\":\"Home\",\"item\":\"https:\/\/ituprojekti.net\/\"},{\"@type\":\"ListItem\",\"position\":2,\"name\":\"Tapahtumat ja koulutukset\"}]},{\"@type\":\"WebSite\",\"@id\":\"https:\/\/ituprojekti.net\/fi\/#website\",\"url\":\"https:\/\/ituprojekti.net\/fi\/\",\"name\":\"Itu - apua yll\u00e4tysraskaustilanteissa\",\"description\":\"Apua yll\u00e4tysraskaustilanteissa ja abortin j\u00e4lkeen. Soita 050 401 5567.\",\"publisher\":{\"@id\":\"https:\/\/ituprojekti.net\/fi\/#organization\"},\"potentialAction\":[{\"@type\":\"SearchAction\",\"target\":{\"@type\":\"EntryPoint\",\"urlTemplate\":\"https:\/\/ituprojekti.net\/fi\/?s={search_term_string}\"},\"query-input\":{\"@type\":\"PropertyValueSpecification\",\"valueRequired\":true,\"valueName\":\"search_term_string\"}}],\"inLanguage\":\"fi\"},{\"@type\":\"Organization\",\"@id\":\"https:\/\/ituprojekti.net\/fi\/#organization\",\"name\":\"Itu - apua yll\u00e4tysraskaustilanteissa\",\"url\":\"https:\/\/ituprojekti.net\/fi\/\",\"logo\":{\"@type\":\"ImageObject\",\"inLanguage\":\"fi\",\"@id\":\"https:\/\/ituprojekti.net\/fi\/#\/schema\/logo\/image\/\",\"url\":\"https:\/\/ituprojekti.net\/wp-content\/uploads\/2015\/02\/itulogo_pienempi3.png\",\"contentUrl\":\"https:\/\/ituprojekti.net\/wp-content\/uploads\/2015\/02\/itulogo_pienempi3.png\",\"width\":142,\"height\":53,\"caption\":\"Itu - apua yll\u00e4tysraskaustilanteissa\"},\"image\":{\"@id\":\"https:\/\/ituprojekti.net\/fi\/#\/schema\/logo\/image\/\"}}]}<\/script>\n<!-- \/ Yoast SEO plugin. -->","yoast_head_json":{"title":"Koulutukset ja tapahtumat","description":"Ituprojektin vapaaehtoiset k\u00e4yv\u00e4t l\u00e4pi kaksi koulutusta: Kutsuttu v\u00e4litt\u00e4m\u00e4\u00e4n koulutus kriisiraskaustilanteen kohtaamiseen sek\u00e4 Journey-koulutus Askeleet-ryhm\u00e4n vet\u00e4miseen.","robots":{"index":"index","follow":"follow","max-snippet":"max-snippet:-1","max-image-preview":"max-image-preview:large","max-video-preview":"max-video-preview:-1"},"canonical":"https:\/\/ituprojekti.net\/koulutukset-ja-tapahtumat\/","og_locale":"fi_FI","og_type":"article","og_title":"Koulutukset ja tapahtumat","og_description":"Ituprojektin vapaaehtoiset k\u00e4yv\u00e4t l\u00e4pi kaksi koulutusta: Kutsuttu v\u00e4litt\u00e4m\u00e4\u00e4n koulutus kriisiraskaustilanteen kohtaamiseen sek\u00e4 Journey-koulutus Askeleet-ryhm\u00e4n vet\u00e4miseen.","og_url":"https:\/\/ituprojekti.net\/koulutukset-ja-tapahtumat\/","og_site_name":"Itu - apua yll\u00e4tysraskaustilanteissa","article_modified_time":"2025-10-14T20:05:29+00:00","twitter_misc":{"Arvioitu lukuaika":"1 minuutti"},"schema":{"@context":"https:\/\/schema.org","@graph":[{"@type":"WebPage","@id":"https:\/\/ituprojekti.net\/koulutukset-ja-tapahtumat\/","url":"https:\/\/ituprojekti.net\/koulutukset-ja-tapahtumat\/","name":"Koulutukset ja tapahtumat","isPartOf":{"@id":"https:\/\/ituprojekti.net\/fi\/#website"},"datePublished":"2015-01-19T15:05:03+00:00","dateModified":"2025-10-14T20:05:29+00:00","description":"Ituprojektin vapaaehtoiset k\u00e4yv\u00e4t l\u00e4pi kaksi koulutusta: Kutsuttu v\u00e4litt\u00e4m\u00e4\u00e4n koulutus kriisiraskaustilanteen kohtaamiseen sek\u00e4 Journey-koulutus Askeleet-ryhm\u00e4n vet\u00e4miseen.","breadcrumb":{"@id":"https:\/\/ituprojekti.net\/koulutukset-ja-tapahtumat\/#breadcrumb"},"inLanguage":"fi","potentialAction":[{"@type":"ReadAction","target":["https:\/\/ituprojekti.net\/koulutukset-ja-tapahtumat\/"]}]},{"@type":"BreadcrumbList","@id":"https:\/\/ituprojekti.net\/koulutukset-ja-tapahtumat\/#breadcrumb","itemListElement":[{"@type":"ListItem","position":1,"name":"Home","item":"https:\/\/ituprojekti.net\/"},{"@type":"ListItem","position":2,"name":"Tapahtumat ja koulutukset"}]},{"@type":"WebSite","@id":"https:\/\/ituprojekti.net\/fi\/#website","url":"https:\/\/ituprojekti.net\/fi\/","name":"Itu - apua yll\u00e4tysraskaustilanteissa","description":"Apua yll\u00e4tysraskaustilanteissa ja abortin j\u00e4lkeen. Soita 050 401 5567.","publisher":{"@id":"https:\/\/ituprojekti.net\/fi\/#organization"},"potentialAction":[{"@type":"SearchAction","target":{"@type":"EntryPoint","urlTemplate":"https:\/\/ituprojekti.net\/fi\/?s={search_term_string}"},"query-input":{"@type":"PropertyValueSpecification","valueRequired":true,"valueName":"search_term_string"}}],"inLanguage":"fi"},{"@type":"Organization","@id":"https:\/\/ituprojekti.net\/fi\/#organization","name":"Itu - apua yll\u00e4tysraskaustilanteissa","url":"https:\/\/ituprojekti.net\/fi\/","logo":{"@type":"ImageObject","inLanguage":"fi","@id":"https:\/\/ituprojekti.net\/fi\/#\/schema\/logo\/image\/","url":"https:\/\/ituprojekti.net\/wp-content\/uploads\/2015\/02\/itulogo_pienempi3.png","contentUrl":"https:\/\/ituprojekti.net\/wp-content\/uploads\/2015\/02\/itulogo_pienempi3.png","width":142,"height":53,"caption":"Itu - apua yll\u00e4tysraskaustilanteissa"},"image":{"@id":"https:\/\/ituprojekti.net\/fi\/#\/schema\/logo\/image\/"}}]}},"_links":{"self":[{"href":"https:\/\/ituprojekti.net\/sv_SE\/wp-json\/wp\/v2\/pages\/28","targetHints":{"allow":["GET"]}}],"collection":[{"href":"https:\/\/ituprojekti.net\/sv_SE\/wp-json\/wp\/v2\/pages"}],"about":[{"href":"https:\/\/ituprojekti.net\/sv_SE\/wp-json\/wp\/v2\/types\/page"}],"author":[{"embeddable":true,"href":"https:\/\/ituprojekti.net\/sv_SE\/wp-json\/wp\/v2\/users\/1"}],"replies":[{"embeddable":true,"href":"https:\/\/ituprojekti.net\/sv_SE\/wp-json\/wp\/v2\/comments?post=28"}],"version-history":[{"count":13,"href":"https:\/\/ituprojekti.net\/sv_SE\/wp-json\/wp\/v2\/pages\/28\/revisions"}],"predecessor-version":[{"id":8567,"href":"https:\/\/ituprojekti.net\/sv_SE\/wp-json\/wp\/v2\/pages\/28\/revisions\/8567"}],"wp:attachment":[{"href":"https:\/\/ituprojekti.net\/sv_SE\/wp-json\/wp\/v2\/media?parent=28"}],"curies":[{"name":"wp","href":"https:\/\/api.w.org\/{rel}","templated":true}]}}