{"id":20,"date":"2015-01-19T14:47:18","date_gmt":"2015-01-19T14:47:18","guid":{"rendered":"http:\/\/83.145.194.173\/~itupr719\/?page_id=20"},"modified":"2026-03-16T18:38:38","modified_gmt":"2026-03-16T16:38:38","slug":"abortti","status":"publish","type":"page","link":"https:\/\/ituprojekti.net\/sv_SE\/apua-yllatysraskauteen\/abortti\/","title":{"rendered":"Abortti"},"content":{"rendered":"<p>Abortissa tapahtuu alkaneen raskauden keskeytt\u00e4minen. Suomessa abortit tehd\u00e4\u00e4n p\u00e4\u00e4asiassa l\u00e4\u00e4keellisesti, mutta my\u00f6s kirurginen imukaavinta on mahdollinen, jos raskauden kesto on enint\u00e4\u00e4n 12 raskausviikkoa. L\u00e4\u00e4kkeellinen keskeytys tehd\u00e4\u00e4n kahdella l\u00e4\u00e4kkeell\u00e4: mifepristonilla ja misoprostolilla. Mifepristoni on antiprogestiini, joka est\u00e4\u00e4 progesteronin normaalin vaikutuksen kohtulihaksessa ja kohdun limakalvolla, pehment\u00e4\u00e4 kohdunkaulaa ja lis\u00e4\u00e4 kohdun supistusherkkyytt\u00e4. Toinen, 1-3 vuorokauden kuluttua annettava l\u00e4\u00e4ke misoprostoli on prostaglandiini, joka k\u00e4ynnist\u00e4\u00e4 kohdun supistelun ja tyhjenemisen.<\/p>\n<p>Jos olet ottanut ensimm\u00e4isen l\u00e4\u00e4kkeen ja sinua ahdistaa, voiko prosessin j\u00e4tt\u00e4\u00e4 kesken, saat virallista tietoa Teratologisesta tietopalvelusta. Teratologinen tietopalvelu on HUS Akuutissa toimiva valtakunnallinen puhelinneuvonta, joka tarjoaa tietoa raskausajan l\u00e4\u00e4kityksen turvallisuuteen ja mahdollisiin riskeihin liittyen:<\/p>\n<p>Teratologinen tietopalvelu: 09 471 76500<br \/>\nma-pe klo\u00a0 9-13<\/p>\n<p>On vaikea etuk\u00e4teen tiet\u00e4\u00e4, kuinka kukin reagoi abortin j\u00e4lkeen. L\u00e4\u00e4kkeellinen keskeytys itsess\u00e4\u00e4n voi olla\u00a0 kivulias, mutta varsinaisen keskeytyksen j\u00e4lkeen fyysisi\u00e4 haittavaikutuksia ilmenee noin yhdell\u00e4 potilaalla sadasta. N\u00e4ist\u00e4 yleisimpi\u00e4 ovat tulehdus ja pitkittynyt vuoto.<\/p>\n<p>Abortin j\u00e4lkeen ensimm\u00e4inen tunne on usein helpotus, kun on saanut vaikean p\u00e4\u00e4t\u00f6ksen tehty\u00e4. Osalla naisista helpotuksen tunne voi h\u00e4vit\u00e4 nopeastikin ja aborttiin liittyv\u00e4t ahdistavat tunteet alkavat nousta pintaan. Mahdollisia psyykkisi\u00e4 oireita abortin j\u00e4lkeen voivat olla ahdistus, itkuisuus, ep\u00e4m\u00e4\u00e4r\u00e4inen paha olo, viha, pelko, katumus sek\u00e4 muistikuvat ja unet abortista. Tunteet saattavat tulla odottamatta ja niiden voimakkuus voi yll\u00e4tt\u00e4\u00e4. Naiset reagoivat kuitenkin hyvin yksil\u00f6llisesti.<\/p>\n<p>Alttiutta negatiivisille psyykkisille oireille esiintyy erityisesti niill\u00e4, jotka ovat p\u00e4\u00e4tyneet keskeytykseen toisten toiveesta tai painostamina. Tunneherk\u00e4t, lapsirakkaat tai jo ennest\u00e4\u00e4n lapsia omaavat sek\u00e4 mielenterveydellisist\u00e4 ongelmista k\u00e4rsiv\u00e4t naiset reagoivat my\u00f6s herkemmin abortin j\u00e4lkeen.<\/p>\n<p>Jos pintaan nousee ahdistavia tunteita tai ajatuksia, on t\u00e4rke\u00e4\u00e4 puhua tapahtuneesta ja siihen liittyvist\u00e4 tunteista ja ajatuksista. Se v\u00e4hent\u00e4\u00e4 riski\u00e4 traumatisoitua.<\/p>\n<p><b>\u00a0<\/b><\/p>\n","protected":false},"excerpt":{"rendered":"<p>Abortissa tapahtuu alkaneen raskauden keskeytt\u00e4minen. Suomessa abortit tehd\u00e4\u00e4n p\u00e4\u00e4asiassa l\u00e4\u00e4keellisesti, mutta my\u00f6s kirurginen imukaavinta on mahdollinen, jos raskauden kesto on enint\u00e4\u00e4n 12 raskausviikkoa. L\u00e4\u00e4kkeellinen keskeytys tehd\u00e4\u00e4n kahdella l\u00e4\u00e4kkeell\u00e4: mifepristonilla ja misoprostolilla. Mifepristoni on antiprogestiini, joka est\u00e4\u00e4 progesteronin normaalin vaikutuksen kohtulihaksessa<\/p>\n","protected":false},"author":1,"featured_media":0,"parent":13,"menu_order":2,"comment_status":"closed","ping_status":"open","template":"","meta":{"_bbp_topic_count":0,"_bbp_reply_count":0,"_bbp_total_topic_count":0,"_bbp_total_reply_count":0,"_bbp_voice_count":0,"_bbp_anonymous_reply_count":0,"_bbp_topic_count_hidden":0,"_bbp_reply_count_hidden":0,"_bbp_forum_subforum_count":0,"footnotes":""},"class_list":["post-20","page","type-page","status-publish","hentry"],"yoast_head":"<!-- This site is optimized with the Yoast SEO plugin v24.1 - https:\/\/yoast.com\/wordpress\/plugins\/seo\/ -->\n<title>Abortti<\/title>\n<meta name=\"description\" content=\"Ituprojekti auttaa naisia ja tytt\u00f6j\u00e4 yll\u00e4tysraskaustilanteissa ja abortin j\u00e4lkeisiss\u00e4 kriiseiss\u00e4. Raskauden keskeytys ei ole luonnollinen ratkaisu.\" \/>\n<meta name=\"robots\" content=\"index, follow, max-snippet:-1, max-image-preview:large, max-video-preview:-1\" \/>\n<link rel=\"canonical\" href=\"https:\/\/ituprojekti.net\/apua-yllatysraskauteen\/abortti\/\" \/>\n<meta property=\"og:locale\" content=\"fi_FI\" \/>\n<meta property=\"og:type\" content=\"article\" \/>\n<meta property=\"og:title\" content=\"Abortti\" \/>\n<meta property=\"og:description\" content=\"Ituprojekti auttaa naisia ja tytt\u00f6j\u00e4 yll\u00e4tysraskaustilanteissa ja abortin j\u00e4lkeisiss\u00e4 kriiseiss\u00e4. Raskauden keskeytys ei ole luonnollinen ratkaisu.\" \/>\n<meta property=\"og:url\" content=\"https:\/\/ituprojekti.net\/apua-yllatysraskauteen\/abortti\/\" \/>\n<meta property=\"og:site_name\" content=\"Itu - apua yll\u00e4tysraskaustilanteissa\" \/>\n<meta property=\"article:modified_time\" content=\"2026-03-16T16:38:38+00:00\" \/>\n<meta name=\"twitter:label1\" content=\"Arvioitu lukuaika\" \/>\n\t<meta name=\"twitter:data1\" content=\"2 minuuttia\" \/>\n<script type=\"application\/ld+json\" class=\"yoast-schema-graph\">{\"@context\":\"https:\/\/schema.org\",\"@graph\":[{\"@type\":\"WebPage\",\"@id\":\"https:\/\/ituprojekti.net\/apua-yllatysraskauteen\/abortti\/\",\"url\":\"https:\/\/ituprojekti.net\/apua-yllatysraskauteen\/abortti\/\",\"name\":\"Abortti\",\"isPartOf\":{\"@id\":\"https:\/\/ituprojekti.net\/fi\/#website\"},\"datePublished\":\"2015-01-19T14:47:18+00:00\",\"dateModified\":\"2026-03-16T16:38:38+00:00\",\"description\":\"Ituprojekti auttaa naisia ja tytt\u00f6j\u00e4 yll\u00e4tysraskaustilanteissa ja abortin j\u00e4lkeisiss\u00e4 kriiseiss\u00e4. Raskauden keskeytys ei ole luonnollinen ratkaisu.\",\"breadcrumb\":{\"@id\":\"https:\/\/ituprojekti.net\/apua-yllatysraskauteen\/abortti\/#breadcrumb\"},\"inLanguage\":\"fi\",\"potentialAction\":[{\"@type\":\"ReadAction\",\"target\":[\"https:\/\/ituprojekti.net\/apua-yllatysraskauteen\/abortti\/\"]}]},{\"@type\":\"BreadcrumbList\",\"@id\":\"https:\/\/ituprojekti.net\/apua-yllatysraskauteen\/abortti\/#breadcrumb\",\"itemListElement\":[{\"@type\":\"ListItem\",\"position\":1,\"name\":\"Home\",\"item\":\"https:\/\/ituprojekti.net\/\"},{\"@type\":\"ListItem\",\"position\":2,\"name\":\"Apua yll\u00e4tysraskauteen\",\"item\":\"https:\/\/ituprojekti.net\/fi\/apua-yllatysraskauteen\/\"},{\"@type\":\"ListItem\",\"position\":3,\"name\":\"Abortti\"}]},{\"@type\":\"WebSite\",\"@id\":\"https:\/\/ituprojekti.net\/fi\/#website\",\"url\":\"https:\/\/ituprojekti.net\/fi\/\",\"name\":\"Itu - apua yll\u00e4tysraskaustilanteissa\",\"description\":\"Apua yll\u00e4tysraskaustilanteissa ja abortin j\u00e4lkeen. Soita 050 401 5567.\",\"publisher\":{\"@id\":\"https:\/\/ituprojekti.net\/fi\/#organization\"},\"potentialAction\":[{\"@type\":\"SearchAction\",\"target\":{\"@type\":\"EntryPoint\",\"urlTemplate\":\"https:\/\/ituprojekti.net\/fi\/?s={search_term_string}\"},\"query-input\":{\"@type\":\"PropertyValueSpecification\",\"valueRequired\":true,\"valueName\":\"search_term_string\"}}],\"inLanguage\":\"fi\"},{\"@type\":\"Organization\",\"@id\":\"https:\/\/ituprojekti.net\/fi\/#organization\",\"name\":\"Itu - apua yll\u00e4tysraskaustilanteissa\",\"url\":\"https:\/\/ituprojekti.net\/fi\/\",\"logo\":{\"@type\":\"ImageObject\",\"inLanguage\":\"fi\",\"@id\":\"https:\/\/ituprojekti.net\/fi\/#\/schema\/logo\/image\/\",\"url\":\"https:\/\/ituprojekti.net\/wp-content\/uploads\/2015\/02\/itulogo_pienempi3.png\",\"contentUrl\":\"https:\/\/ituprojekti.net\/wp-content\/uploads\/2015\/02\/itulogo_pienempi3.png\",\"width\":142,\"height\":53,\"caption\":\"Itu - apua yll\u00e4tysraskaustilanteissa\"},\"image\":{\"@id\":\"https:\/\/ituprojekti.net\/fi\/#\/schema\/logo\/image\/\"}}]}<\/script>\n<!-- \/ Yoast SEO plugin. -->","yoast_head_json":{"title":"Abortti","description":"Ituprojekti auttaa naisia ja tytt\u00f6j\u00e4 yll\u00e4tysraskaustilanteissa ja abortin j\u00e4lkeisiss\u00e4 kriiseiss\u00e4. Raskauden keskeytys ei ole luonnollinen ratkaisu.","robots":{"index":"index","follow":"follow","max-snippet":"max-snippet:-1","max-image-preview":"max-image-preview:large","max-video-preview":"max-video-preview:-1"},"canonical":"https:\/\/ituprojekti.net\/apua-yllatysraskauteen\/abortti\/","og_locale":"fi_FI","og_type":"article","og_title":"Abortti","og_description":"Ituprojekti auttaa naisia ja tytt\u00f6j\u00e4 yll\u00e4tysraskaustilanteissa ja abortin j\u00e4lkeisiss\u00e4 kriiseiss\u00e4. Raskauden keskeytys ei ole luonnollinen ratkaisu.","og_url":"https:\/\/ituprojekti.net\/apua-yllatysraskauteen\/abortti\/","og_site_name":"Itu - apua yll\u00e4tysraskaustilanteissa","article_modified_time":"2026-03-16T16:38:38+00:00","twitter_misc":{"Arvioitu lukuaika":"2 minuuttia"},"schema":{"@context":"https:\/\/schema.org","@graph":[{"@type":"WebPage","@id":"https:\/\/ituprojekti.net\/apua-yllatysraskauteen\/abortti\/","url":"https:\/\/ituprojekti.net\/apua-yllatysraskauteen\/abortti\/","name":"Abortti","isPartOf":{"@id":"https:\/\/ituprojekti.net\/fi\/#website"},"datePublished":"2015-01-19T14:47:18+00:00","dateModified":"2026-03-16T16:38:38+00:00","description":"Ituprojekti auttaa naisia ja tytt\u00f6j\u00e4 yll\u00e4tysraskaustilanteissa ja abortin j\u00e4lkeisiss\u00e4 kriiseiss\u00e4. Raskauden keskeytys ei ole luonnollinen ratkaisu.","breadcrumb":{"@id":"https:\/\/ituprojekti.net\/apua-yllatysraskauteen\/abortti\/#breadcrumb"},"inLanguage":"fi","potentialAction":[{"@type":"ReadAction","target":["https:\/\/ituprojekti.net\/apua-yllatysraskauteen\/abortti\/"]}]},{"@type":"BreadcrumbList","@id":"https:\/\/ituprojekti.net\/apua-yllatysraskauteen\/abortti\/#breadcrumb","itemListElement":[{"@type":"ListItem","position":1,"name":"Home","item":"https:\/\/ituprojekti.net\/"},{"@type":"ListItem","position":2,"name":"Apua yll\u00e4tysraskauteen","item":"https:\/\/ituprojekti.net\/fi\/apua-yllatysraskauteen\/"},{"@type":"ListItem","position":3,"name":"Abortti"}]},{"@type":"WebSite","@id":"https:\/\/ituprojekti.net\/fi\/#website","url":"https:\/\/ituprojekti.net\/fi\/","name":"Itu - apua yll\u00e4tysraskaustilanteissa","description":"Apua yll\u00e4tysraskaustilanteissa ja abortin j\u00e4lkeen. Soita 050 401 5567.","publisher":{"@id":"https:\/\/ituprojekti.net\/fi\/#organization"},"potentialAction":[{"@type":"SearchAction","target":{"@type":"EntryPoint","urlTemplate":"https:\/\/ituprojekti.net\/fi\/?s={search_term_string}"},"query-input":{"@type":"PropertyValueSpecification","valueRequired":true,"valueName":"search_term_string"}}],"inLanguage":"fi"},{"@type":"Organization","@id":"https:\/\/ituprojekti.net\/fi\/#organization","name":"Itu - apua yll\u00e4tysraskaustilanteissa","url":"https:\/\/ituprojekti.net\/fi\/","logo":{"@type":"ImageObject","inLanguage":"fi","@id":"https:\/\/ituprojekti.net\/fi\/#\/schema\/logo\/image\/","url":"https:\/\/ituprojekti.net\/wp-content\/uploads\/2015\/02\/itulogo_pienempi3.png","contentUrl":"https:\/\/ituprojekti.net\/wp-content\/uploads\/2015\/02\/itulogo_pienempi3.png","width":142,"height":53,"caption":"Itu - apua yll\u00e4tysraskaustilanteissa"},"image":{"@id":"https:\/\/ituprojekti.net\/fi\/#\/schema\/logo\/image\/"}}]}},"_links":{"self":[{"href":"https:\/\/ituprojekti.net\/sv_SE\/wp-json\/wp\/v2\/pages\/20","targetHints":{"allow":["GET"]}}],"collection":[{"href":"https:\/\/ituprojekti.net\/sv_SE\/wp-json\/wp\/v2\/pages"}],"about":[{"href":"https:\/\/ituprojekti.net\/sv_SE\/wp-json\/wp\/v2\/types\/page"}],"author":[{"embeddable":true,"href":"https:\/\/ituprojekti.net\/sv_SE\/wp-json\/wp\/v2\/users\/1"}],"replies":[{"embeddable":true,"href":"https:\/\/ituprojekti.net\/sv_SE\/wp-json\/wp\/v2\/comments?post=20"}],"version-history":[{"count":7,"href":"https:\/\/ituprojekti.net\/sv_SE\/wp-json\/wp\/v2\/pages\/20\/revisions"}],"predecessor-version":[{"id":8621,"href":"https:\/\/ituprojekti.net\/sv_SE\/wp-json\/wp\/v2\/pages\/20\/revisions\/8621"}],"up":[{"embeddable":true,"href":"https:\/\/ituprojekti.net\/sv_SE\/wp-json\/wp\/v2\/pages\/13"}],"wp:attachment":[{"href":"https:\/\/ituprojekti.net\/sv_SE\/wp-json\/wp\/v2\/media?parent=20"}],"curies":[{"name":"wp","href":"https:\/\/api.w.org\/{rel}","templated":true}]}}