{"id":18,"date":"2015-01-19T14:46:33","date_gmt":"2015-01-19T14:46:33","guid":{"rendered":"http:\/\/83.145.194.173\/~itupr719\/?page_id=18"},"modified":"2025-06-03T10:40:59","modified_gmt":"2025-06-03T07:40:59","slug":"adoptio","status":"publish","type":"page","link":"https:\/\/ituprojekti.net\/sv_SE\/apua-yllatysraskauteen\/adoptio\/","title":{"rendered":"Adoption"},"content":{"rendered":"<p><strong>Adoption \u00e4r ett alternativ som anses sv\u00e5rt. Det som g\u00f6r det sv\u00e5rt \u00e4r tanken p\u00e5 att g\u00e5 igenom graviditeten, f\u00f6rlossningen och sedan avst\u00e5 fr\u00e5n barnet. Men ocks\u00e5 en abort inneb\u00e4r att man avst\u00e5r fr\u00e5n barnet.<\/strong><\/p>\n<p><strong>\u00a0<\/strong><strong>Adoption kan vara ett moget och k\u00e4rleksfullt alternativ. Kvinnan \u201dl\u00e4mnar inte sitt barn till adoption\u201d eller \u201dger bort sitt barn\u201d. M\u00e4nniskorna ger bort saker n\u00e4r dessa inte har n\u00e5got v\u00e4rde f\u00f6r dem sj\u00e4lva. S\u00e5 \u00e4r det inte vid en adoption. Det \u00e4r ett ansvarsfullt val, en osj\u00e4lviskt uppoffring som g\u00f6rs n\u00e4r mamman f\u00f6rst\u00e5r att barnet \u00e4r v\u00e4rdefullt och beh\u00f6ver mer \u00e4n hon sj\u00e4lv kan ge det.<\/strong><\/p>\n<p><strong>\u00a0<\/strong><strong>Den biologiska mamman har r\u00e4tt att f\u00e5 adoptionsr\u00e5dgivning som i Finland ges av kommunernas socialarbetare och f\u00f6reningen R\u00e4dda Barnen rf. Vid den egna r\u00e5dgivningen kan man b\u00f6rja diskutera m\u00f6jligheten att v\u00e4lja adoptionsalternativet och officiellt s\u00e4tts adoptionsprocessen ig\u00e5ng av den egna kommunens socialarbetare eller i adoptionsorganisationen. Avsikten med adoptionsr\u00e5dgivning \u00e4r att i lugn och ro fundera \u00f6ver ifall adoption skulle vara ett bra alternativ. Det slutliga beslutet att \u00f6verl\u00e5ta barnet till adoption kan fattas tidigast 8 veckor efter att barnet f\u00f6tts.<\/strong><\/p>\n<p><strong>\u00a0<\/strong><strong>Vid adoption kan den biologiska mamman p\u00e5verka hurdan familj hon vill att barnet ska v\u00e4xa upp i. En ny lag om \u00f6ppen adoption tr\u00e4dde i kraft 2.7.2012. Lagen m\u00f6jligg\u00f6r kontakt mellan barnet och den biologiska f\u00f6r\u00e4ldern ocks\u00e5 efter adoptionen, om b\u00e5de den biologiska f\u00f6r\u00e4ldern och adoptionsf\u00f6r\u00e4ldrarna kommer \u00f6verens om att h\u00e5lla kontakt och det \u00e4r f\u00f6renligt med barnets b\u00e4sta.<\/strong><\/p>\n<p><strong>\u00a0<\/strong><strong>Mamman ensam kan besluta om att barnet \u00f6verl\u00e5ts till adoption i s\u00e5dana fall att faderskapet inte har erk\u00e4nts och\/eller barnet \u00e4r f\u00f6tt utanf\u00f6r \u00e4ktenskapet. I annat fall beh\u00f6vs ocks\u00e5 pappans medgivande.<\/strong><\/p>\n<p><strong>\u00a0<\/strong><\/p>\n","protected":false},"excerpt":{"rendered":"<p><strong>Adoption \u00e4r ett alternativ som anses sv\u00e5rt. Det som g\u00f6r det sv\u00e5rt \u00e4r tanken p\u00e5 att g\u00e5 igenom graviditeten, f\u00f6rlossningen och sedan avst\u00e5 fr\u00e5n barnet. Men ocks\u00e5 en abort inneb\u00e4r att man avst\u00e5r fr\u00e5n barnet.<\/strong><\/p>\n<p><strong>\u00a0<\/strong><strong...\n<\/p>\n","protected":false},"author":1,"featured_media":0,"parent":13,"menu_order":1,"comment_status":"closed","ping_status":"open","template":"","meta":{"_bbp_topic_count":0,"_bbp_reply_count":0,"_bbp_total_topic_count":0,"_bbp_total_reply_count":0,"_bbp_voice_count":0,"_bbp_anonymous_reply_count":0,"_bbp_topic_count_hidden":0,"_bbp_reply_count_hidden":0,"_bbp_forum_subforum_count":0,"footnotes":""},"class_list":["post-18","page","type-page","status-publish","hentry"],"yoast_head":"<!-- This site is optimized with the Yoast SEO plugin v24.1 - https:\/\/yoast.com\/wordpress\/plugins\/seo\/ -->\n<title>Adoptio<\/title>\n<meta name=\"description\" content=\"Adoptio voi olla kyps\u00e4 ja rakastava vaihtoehto\" \/>\n<meta name=\"robots\" content=\"index, follow, max-snippet:-1, max-image-preview:large, max-video-preview:-1\" \/>\n<link rel=\"canonical\" href=\"https:\/\/ituprojekti.net\/apua-yllatysraskauteen\/adoptio\/\" \/>\n<meta property=\"og:locale\" content=\"fi_FI\" \/>\n<meta property=\"og:type\" content=\"article\" \/>\n<meta property=\"og:title\" content=\"Adoptio\" \/>\n<meta property=\"og:description\" content=\"Adoptio voi olla kyps\u00e4 ja rakastava vaihtoehto\" \/>\n<meta property=\"og:url\" content=\"https:\/\/ituprojekti.net\/apua-yllatysraskauteen\/adoptio\/\" \/>\n<meta property=\"og:site_name\" content=\"Itu - apua yll\u00e4tysraskaustilanteissa\" \/>\n<meta property=\"article:modified_time\" content=\"2025-06-03T07:40:59+00:00\" \/>\n<meta name=\"twitter:label1\" content=\"Arvioitu lukuaika\" \/>\n\t<meta name=\"twitter:data1\" content=\"2 minuuttia\" \/>\n<script type=\"application\/ld+json\" class=\"yoast-schema-graph\">{\"@context\":\"https:\/\/schema.org\",\"@graph\":[{\"@type\":\"WebPage\",\"@id\":\"https:\/\/ituprojekti.net\/apua-yllatysraskauteen\/adoptio\/\",\"url\":\"https:\/\/ituprojekti.net\/apua-yllatysraskauteen\/adoptio\/\",\"name\":\"Adoptio\",\"isPartOf\":{\"@id\":\"https:\/\/ituprojekti.net\/fi\/#website\"},\"datePublished\":\"2015-01-19T14:46:33+00:00\",\"dateModified\":\"2025-06-03T07:40:59+00:00\",\"description\":\"Adoptio voi olla kyps\u00e4 ja rakastava vaihtoehto\",\"breadcrumb\":{\"@id\":\"https:\/\/ituprojekti.net\/apua-yllatysraskauteen\/adoptio\/#breadcrumb\"},\"inLanguage\":\"fi\",\"potentialAction\":[{\"@type\":\"ReadAction\",\"target\":[\"https:\/\/ituprojekti.net\/apua-yllatysraskauteen\/adoptio\/\"]}]},{\"@type\":\"BreadcrumbList\",\"@id\":\"https:\/\/ituprojekti.net\/apua-yllatysraskauteen\/adoptio\/#breadcrumb\",\"itemListElement\":[{\"@type\":\"ListItem\",\"position\":1,\"name\":\"Home\",\"item\":\"https:\/\/ituprojekti.net\/\"},{\"@type\":\"ListItem\",\"position\":2,\"name\":\"Apua yll\u00e4tysraskauteen\",\"item\":\"https:\/\/ituprojekti.net\/fi\/apua-yllatysraskauteen\/\"},{\"@type\":\"ListItem\",\"position\":3,\"name\":\"Adoptio\"}]},{\"@type\":\"WebSite\",\"@id\":\"https:\/\/ituprojekti.net\/fi\/#website\",\"url\":\"https:\/\/ituprojekti.net\/fi\/\",\"name\":\"Itu - apua yll\u00e4tysraskaustilanteissa\",\"description\":\"Apua yll\u00e4tysraskaustilanteissa ja abortin j\u00e4lkeen. Soita 050 401 5567.\",\"publisher\":{\"@id\":\"https:\/\/ituprojekti.net\/fi\/#organization\"},\"potentialAction\":[{\"@type\":\"SearchAction\",\"target\":{\"@type\":\"EntryPoint\",\"urlTemplate\":\"https:\/\/ituprojekti.net\/fi\/?s={search_term_string}\"},\"query-input\":{\"@type\":\"PropertyValueSpecification\",\"valueRequired\":true,\"valueName\":\"search_term_string\"}}],\"inLanguage\":\"fi\"},{\"@type\":\"Organization\",\"@id\":\"https:\/\/ituprojekti.net\/fi\/#organization\",\"name\":\"Itu - apua yll\u00e4tysraskaustilanteissa\",\"url\":\"https:\/\/ituprojekti.net\/fi\/\",\"logo\":{\"@type\":\"ImageObject\",\"inLanguage\":\"fi\",\"@id\":\"https:\/\/ituprojekti.net\/fi\/#\/schema\/logo\/image\/\",\"url\":\"https:\/\/ituprojekti.net\/wp-content\/uploads\/2015\/02\/itulogo_pienempi3.png\",\"contentUrl\":\"https:\/\/ituprojekti.net\/wp-content\/uploads\/2015\/02\/itulogo_pienempi3.png\",\"width\":142,\"height\":53,\"caption\":\"Itu - apua yll\u00e4tysraskaustilanteissa\"},\"image\":{\"@id\":\"https:\/\/ituprojekti.net\/fi\/#\/schema\/logo\/image\/\"}}]}<\/script>\n<!-- \/ Yoast SEO plugin. -->","yoast_head_json":{"title":"Adoptio","description":"Adoptio voi olla kyps\u00e4 ja rakastava vaihtoehto","robots":{"index":"index","follow":"follow","max-snippet":"max-snippet:-1","max-image-preview":"max-image-preview:large","max-video-preview":"max-video-preview:-1"},"canonical":"https:\/\/ituprojekti.net\/apua-yllatysraskauteen\/adoptio\/","og_locale":"fi_FI","og_type":"article","og_title":"Adoptio","og_description":"Adoptio voi olla kyps\u00e4 ja rakastava vaihtoehto","og_url":"https:\/\/ituprojekti.net\/apua-yllatysraskauteen\/adoptio\/","og_site_name":"Itu - apua yll\u00e4tysraskaustilanteissa","article_modified_time":"2025-06-03T07:40:59+00:00","twitter_misc":{"Arvioitu lukuaika":"2 minuuttia"},"schema":{"@context":"https:\/\/schema.org","@graph":[{"@type":"WebPage","@id":"https:\/\/ituprojekti.net\/apua-yllatysraskauteen\/adoptio\/","url":"https:\/\/ituprojekti.net\/apua-yllatysraskauteen\/adoptio\/","name":"Adoptio","isPartOf":{"@id":"https:\/\/ituprojekti.net\/fi\/#website"},"datePublished":"2015-01-19T14:46:33+00:00","dateModified":"2025-06-03T07:40:59+00:00","description":"Adoptio voi olla kyps\u00e4 ja rakastava vaihtoehto","breadcrumb":{"@id":"https:\/\/ituprojekti.net\/apua-yllatysraskauteen\/adoptio\/#breadcrumb"},"inLanguage":"fi","potentialAction":[{"@type":"ReadAction","target":["https:\/\/ituprojekti.net\/apua-yllatysraskauteen\/adoptio\/"]}]},{"@type":"BreadcrumbList","@id":"https:\/\/ituprojekti.net\/apua-yllatysraskauteen\/adoptio\/#breadcrumb","itemListElement":[{"@type":"ListItem","position":1,"name":"Home","item":"https:\/\/ituprojekti.net\/"},{"@type":"ListItem","position":2,"name":"Apua yll\u00e4tysraskauteen","item":"https:\/\/ituprojekti.net\/fi\/apua-yllatysraskauteen\/"},{"@type":"ListItem","position":3,"name":"Adoptio"}]},{"@type":"WebSite","@id":"https:\/\/ituprojekti.net\/fi\/#website","url":"https:\/\/ituprojekti.net\/fi\/","name":"Itu - apua yll\u00e4tysraskaustilanteissa","description":"Apua yll\u00e4tysraskaustilanteissa ja abortin j\u00e4lkeen. Soita 050 401 5567.","publisher":{"@id":"https:\/\/ituprojekti.net\/fi\/#organization"},"potentialAction":[{"@type":"SearchAction","target":{"@type":"EntryPoint","urlTemplate":"https:\/\/ituprojekti.net\/fi\/?s={search_term_string}"},"query-input":{"@type":"PropertyValueSpecification","valueRequired":true,"valueName":"search_term_string"}}],"inLanguage":"fi"},{"@type":"Organization","@id":"https:\/\/ituprojekti.net\/fi\/#organization","name":"Itu - apua yll\u00e4tysraskaustilanteissa","url":"https:\/\/ituprojekti.net\/fi\/","logo":{"@type":"ImageObject","inLanguage":"fi","@id":"https:\/\/ituprojekti.net\/fi\/#\/schema\/logo\/image\/","url":"https:\/\/ituprojekti.net\/wp-content\/uploads\/2015\/02\/itulogo_pienempi3.png","contentUrl":"https:\/\/ituprojekti.net\/wp-content\/uploads\/2015\/02\/itulogo_pienempi3.png","width":142,"height":53,"caption":"Itu - apua yll\u00e4tysraskaustilanteissa"},"image":{"@id":"https:\/\/ituprojekti.net\/fi\/#\/schema\/logo\/image\/"}}]}},"_links":{"self":[{"href":"https:\/\/ituprojekti.net\/sv_SE\/wp-json\/wp\/v2\/pages\/18","targetHints":{"allow":["GET"]}}],"collection":[{"href":"https:\/\/ituprojekti.net\/sv_SE\/wp-json\/wp\/v2\/pages"}],"about":[{"href":"https:\/\/ituprojekti.net\/sv_SE\/wp-json\/wp\/v2\/types\/page"}],"author":[{"embeddable":true,"href":"https:\/\/ituprojekti.net\/sv_SE\/wp-json\/wp\/v2\/users\/1"}],"replies":[{"embeddable":true,"href":"https:\/\/ituprojekti.net\/sv_SE\/wp-json\/wp\/v2\/comments?post=18"}],"version-history":[{"count":6,"href":"https:\/\/ituprojekti.net\/sv_SE\/wp-json\/wp\/v2\/pages\/18\/revisions"}],"predecessor-version":[{"id":8506,"href":"https:\/\/ituprojekti.net\/sv_SE\/wp-json\/wp\/v2\/pages\/18\/revisions\/8506"}],"up":[{"embeddable":true,"href":"https:\/\/ituprojekti.net\/sv_SE\/wp-json\/wp\/v2\/pages\/13"}],"wp:attachment":[{"href":"https:\/\/ituprojekti.net\/sv_SE\/wp-json\/wp\/v2\/media?parent=18"}],"curies":[{"name":"wp","href":"https:\/\/api.w.org\/{rel}","templated":true}]}}