{"id":16,"date":"2015-01-19T14:45:06","date_gmt":"2015-01-19T14:45:06","guid":{"rendered":"http:\/\/83.145.194.173\/~itupr719\/?page_id=16"},"modified":"2025-08-20T13:24:27","modified_gmt":"2025-08-20T10:24:27","slug":"raskauden-jatkaminen","status":"publish","type":"page","link":"https:\/\/ituprojekti.net\/sv_SE\/apua-yllatysraskauteen\/raskauden-jatkaminen\/","title":{"rendered":"Att forts\u00e4tta graviditeten"},"content":{"rendered":"<p><strong>Att forts\u00e4tta graviditeten \u00e4r det alternativ som \u00e4r det naturligaste. Det att du \u00e4r gravid \u00e4r ocks\u00e5 ett under, eftersom befruktning inte sker vid varje samlag och bara 2-3\/10 befruktade \u00e4ggceller f\u00e4ster sig vid livmoderv\u00e4ggen.<\/strong><\/p>\n<p><strong>\u00a0<\/strong><strong>Det har redan b\u00f6rjat ske f\u00f6r\u00e4ndringar i din kropp. Att menstruationen uteblir \u00e4r i allm\u00e4nhet det f\u00f6rsta tecknet p\u00e5 graviditet. Andra kan vara:<\/strong><\/p>\n<p><strong>*tr\u00f6tthet<\/strong><\/p>\n<ul>\n<li><strong>illam\u00e5ende<\/strong><\/li>\n<li><strong>br\u00f6sten \u00f6mmar och det kan komma v\u00e4tska ur dem <\/strong><\/li>\n<li><strong>snabbare hj\u00e4rtrytm<\/strong><\/li>\n<li><strong>st\u00f6rre salivuts\u00f6ndring \u00e4n normalt <\/strong><\/li>\n<li><strong>kroppstemperaturen stiger i b\u00f6rjan av graviditeten<\/strong><\/li>\n<\/ul>\n<p><strong>En graviditet ber\u00e4knas r\u00e4cka 38-42 veckor fr\u00e5n den senaste menstruationens b\u00f6rjan. Man r\u00e4knar att graviditeten r\u00e4cker 280 dagar, det vill s\u00e4ga 9 m\u00e5nader och 7 dagar. Barnet utvecklas och v\u00e4xer i din livmoder under de f\u00f6ljande nio m\u00e5naderna. Under v\u00e4ntetiden har du tid att v\u00e4xa till mamma.<\/strong><\/p>\n<p><strong>\u00a0<\/strong><strong>Livet b\u00f6rjar redan vid befruktningen och m\u00e4nniskan \u00e4r redan i sin mammas mage en unik helhet.\u00a0<\/strong><\/p>\n<p><strong>V\u00e5rt samh\u00e4lle tar bra hand om v\u00e4ntande mammor. Ta kontakt med en l\u00e4kare eller din kommuns r\u00e5dgivning. F\u00f6r att f\u00e5 de f\u00f6rm\u00e5ner samh\u00e4llet erbjuder en v\u00e4ntande mamma m\u00e5ste du bes\u00f6ka r\u00e5dgivningen eller l\u00e4karen under de fyra f\u00f6rsta graviditetsm\u00e5naderna. M\u00f6drar\u00e5dgivningens tj\u00e4nster \u00e4r frivilliga och gratis.<\/strong><\/p>\n<p><strong>\u00a0<\/strong><strong>Vid r\u00e5dgivningen f\u00f6ljer man med hur du m\u00e5r under hela graviditeten. En v\u00e4ntande mamma g\u00e5r till r\u00e5dgivningen ungef\u00e4r var fj\u00e4rde vecka \u00e4nda till den 30 graviditetsveckan och efter det med tv\u00e5 veckors mellanrum och under den sista m\u00e5naden en g\u00e5ng i veckan.<\/strong><\/p>\n","protected":false},"excerpt":{"rendered":"<p><strong>Att forts\u00e4tta graviditeten \u00e4r det alternativ som \u00e4r det naturligaste. Det att du \u00e4r gravid \u00e4r ocks\u00e5 ett under, eftersom befruktning inte sker vid varje samlag och bara 2-3\/10 befruktade \u00e4ggceller f\u00e4ster sig vid livmoderv\u00e4ggen.<\/strong><\/p>\n<p><st...\n<\/p>\n","protected":false},"author":1,"featured_media":0,"parent":13,"menu_order":0,"comment_status":"closed","ping_status":"closed","template":"","meta":{"_bbp_topic_count":0,"_bbp_reply_count":0,"_bbp_total_topic_count":0,"_bbp_total_reply_count":0,"_bbp_voice_count":0,"_bbp_anonymous_reply_count":0,"_bbp_topic_count_hidden":0,"_bbp_reply_count_hidden":0,"_bbp_forum_subforum_count":0,"footnotes":""},"class_list":["post-16","page","type-page","status-publish","hentry"],"yoast_head":"<!-- This site is optimized with the Yoast SEO plugin v24.1 - https:\/\/yoast.com\/wordpress\/plugins\/seo\/ -->\n<title>Raskauden jatkaminen<\/title>\n<meta name=\"description\" content=\"Raskauden jatkaminen\" \/>\n<meta name=\"robots\" content=\"index, follow, max-snippet:-1, max-image-preview:large, max-video-preview:-1\" \/>\n<link rel=\"canonical\" href=\"https:\/\/ituprojekti.net\/apua-yllatysraskauteen\/raskauden-jatkaminen\/\" \/>\n<meta property=\"og:locale\" content=\"fi_FI\" \/>\n<meta property=\"og:type\" content=\"article\" \/>\n<meta property=\"og:title\" content=\"Raskauden jatkaminen\" \/>\n<meta property=\"og:description\" content=\"Raskauden jatkaminen\" \/>\n<meta property=\"og:url\" content=\"https:\/\/ituprojekti.net\/apua-yllatysraskauteen\/raskauden-jatkaminen\/\" \/>\n<meta property=\"og:site_name\" content=\"Itu - apua yll\u00e4tysraskaustilanteissa\" \/>\n<meta property=\"article:modified_time\" content=\"2025-08-20T10:24:27+00:00\" \/>\n<meta name=\"twitter:label1\" content=\"Arvioitu lukuaika\" \/>\n\t<meta name=\"twitter:data1\" content=\"2 minuuttia\" \/>\n<script type=\"application\/ld+json\" class=\"yoast-schema-graph\">{\"@context\":\"https:\/\/schema.org\",\"@graph\":[{\"@type\":\"WebPage\",\"@id\":\"https:\/\/ituprojekti.net\/apua-yllatysraskauteen\/raskauden-jatkaminen\/\",\"url\":\"https:\/\/ituprojekti.net\/apua-yllatysraskauteen\/raskauden-jatkaminen\/\",\"name\":\"Raskauden jatkaminen\",\"isPartOf\":{\"@id\":\"https:\/\/ituprojekti.net\/fi\/#website\"},\"datePublished\":\"2015-01-19T14:45:06+00:00\",\"dateModified\":\"2025-08-20T10:24:27+00:00\",\"description\":\"Raskauden jatkaminen\",\"breadcrumb\":{\"@id\":\"https:\/\/ituprojekti.net\/apua-yllatysraskauteen\/raskauden-jatkaminen\/#breadcrumb\"},\"inLanguage\":\"fi\",\"potentialAction\":[{\"@type\":\"ReadAction\",\"target\":[\"https:\/\/ituprojekti.net\/apua-yllatysraskauteen\/raskauden-jatkaminen\/\"]}]},{\"@type\":\"BreadcrumbList\",\"@id\":\"https:\/\/ituprojekti.net\/apua-yllatysraskauteen\/raskauden-jatkaminen\/#breadcrumb\",\"itemListElement\":[{\"@type\":\"ListItem\",\"position\":1,\"name\":\"Home\",\"item\":\"https:\/\/ituprojekti.net\/\"},{\"@type\":\"ListItem\",\"position\":2,\"name\":\"Apua yll\u00e4tysraskauteen\",\"item\":\"https:\/\/ituprojekti.net\/fi\/apua-yllatysraskauteen\/\"},{\"@type\":\"ListItem\",\"position\":3,\"name\":\"Raskauden jatkaminen\"}]},{\"@type\":\"WebSite\",\"@id\":\"https:\/\/ituprojekti.net\/fi\/#website\",\"url\":\"https:\/\/ituprojekti.net\/fi\/\",\"name\":\"Itu - apua yll\u00e4tysraskaustilanteissa\",\"description\":\"Apua yll\u00e4tysraskaustilanteissa ja abortin j\u00e4lkeen. Soita 050 401 5567.\",\"publisher\":{\"@id\":\"https:\/\/ituprojekti.net\/fi\/#organization\"},\"potentialAction\":[{\"@type\":\"SearchAction\",\"target\":{\"@type\":\"EntryPoint\",\"urlTemplate\":\"https:\/\/ituprojekti.net\/fi\/?s={search_term_string}\"},\"query-input\":{\"@type\":\"PropertyValueSpecification\",\"valueRequired\":true,\"valueName\":\"search_term_string\"}}],\"inLanguage\":\"fi\"},{\"@type\":\"Organization\",\"@id\":\"https:\/\/ituprojekti.net\/fi\/#organization\",\"name\":\"Itu - apua yll\u00e4tysraskaustilanteissa\",\"url\":\"https:\/\/ituprojekti.net\/fi\/\",\"logo\":{\"@type\":\"ImageObject\",\"inLanguage\":\"fi\",\"@id\":\"https:\/\/ituprojekti.net\/fi\/#\/schema\/logo\/image\/\",\"url\":\"https:\/\/ituprojekti.net\/wp-content\/uploads\/2015\/02\/itulogo_pienempi3.png\",\"contentUrl\":\"https:\/\/ituprojekti.net\/wp-content\/uploads\/2015\/02\/itulogo_pienempi3.png\",\"width\":142,\"height\":53,\"caption\":\"Itu - apua yll\u00e4tysraskaustilanteissa\"},\"image\":{\"@id\":\"https:\/\/ituprojekti.net\/fi\/#\/schema\/logo\/image\/\"}}]}<\/script>\n<!-- \/ Yoast SEO plugin. -->","yoast_head_json":{"title":"Raskauden jatkaminen","description":"Raskauden jatkaminen","robots":{"index":"index","follow":"follow","max-snippet":"max-snippet:-1","max-image-preview":"max-image-preview:large","max-video-preview":"max-video-preview:-1"},"canonical":"https:\/\/ituprojekti.net\/apua-yllatysraskauteen\/raskauden-jatkaminen\/","og_locale":"fi_FI","og_type":"article","og_title":"Raskauden jatkaminen","og_description":"Raskauden jatkaminen","og_url":"https:\/\/ituprojekti.net\/apua-yllatysraskauteen\/raskauden-jatkaminen\/","og_site_name":"Itu - apua yll\u00e4tysraskaustilanteissa","article_modified_time":"2025-08-20T10:24:27+00:00","twitter_misc":{"Arvioitu lukuaika":"2 minuuttia"},"schema":{"@context":"https:\/\/schema.org","@graph":[{"@type":"WebPage","@id":"https:\/\/ituprojekti.net\/apua-yllatysraskauteen\/raskauden-jatkaminen\/","url":"https:\/\/ituprojekti.net\/apua-yllatysraskauteen\/raskauden-jatkaminen\/","name":"Raskauden jatkaminen","isPartOf":{"@id":"https:\/\/ituprojekti.net\/fi\/#website"},"datePublished":"2015-01-19T14:45:06+00:00","dateModified":"2025-08-20T10:24:27+00:00","description":"Raskauden jatkaminen","breadcrumb":{"@id":"https:\/\/ituprojekti.net\/apua-yllatysraskauteen\/raskauden-jatkaminen\/#breadcrumb"},"inLanguage":"fi","potentialAction":[{"@type":"ReadAction","target":["https:\/\/ituprojekti.net\/apua-yllatysraskauteen\/raskauden-jatkaminen\/"]}]},{"@type":"BreadcrumbList","@id":"https:\/\/ituprojekti.net\/apua-yllatysraskauteen\/raskauden-jatkaminen\/#breadcrumb","itemListElement":[{"@type":"ListItem","position":1,"name":"Home","item":"https:\/\/ituprojekti.net\/"},{"@type":"ListItem","position":2,"name":"Apua yll\u00e4tysraskauteen","item":"https:\/\/ituprojekti.net\/fi\/apua-yllatysraskauteen\/"},{"@type":"ListItem","position":3,"name":"Raskauden jatkaminen"}]},{"@type":"WebSite","@id":"https:\/\/ituprojekti.net\/fi\/#website","url":"https:\/\/ituprojekti.net\/fi\/","name":"Itu - apua yll\u00e4tysraskaustilanteissa","description":"Apua yll\u00e4tysraskaustilanteissa ja abortin j\u00e4lkeen. Soita 050 401 5567.","publisher":{"@id":"https:\/\/ituprojekti.net\/fi\/#organization"},"potentialAction":[{"@type":"SearchAction","target":{"@type":"EntryPoint","urlTemplate":"https:\/\/ituprojekti.net\/fi\/?s={search_term_string}"},"query-input":{"@type":"PropertyValueSpecification","valueRequired":true,"valueName":"search_term_string"}}],"inLanguage":"fi"},{"@type":"Organization","@id":"https:\/\/ituprojekti.net\/fi\/#organization","name":"Itu - apua yll\u00e4tysraskaustilanteissa","url":"https:\/\/ituprojekti.net\/fi\/","logo":{"@type":"ImageObject","inLanguage":"fi","@id":"https:\/\/ituprojekti.net\/fi\/#\/schema\/logo\/image\/","url":"https:\/\/ituprojekti.net\/wp-content\/uploads\/2015\/02\/itulogo_pienempi3.png","contentUrl":"https:\/\/ituprojekti.net\/wp-content\/uploads\/2015\/02\/itulogo_pienempi3.png","width":142,"height":53,"caption":"Itu - apua yll\u00e4tysraskaustilanteissa"},"image":{"@id":"https:\/\/ituprojekti.net\/fi\/#\/schema\/logo\/image\/"}}]}},"_links":{"self":[{"href":"https:\/\/ituprojekti.net\/sv_SE\/wp-json\/wp\/v2\/pages\/16","targetHints":{"allow":["GET"]}}],"collection":[{"href":"https:\/\/ituprojekti.net\/sv_SE\/wp-json\/wp\/v2\/pages"}],"about":[{"href":"https:\/\/ituprojekti.net\/sv_SE\/wp-json\/wp\/v2\/types\/page"}],"author":[{"embeddable":true,"href":"https:\/\/ituprojekti.net\/sv_SE\/wp-json\/wp\/v2\/users\/1"}],"replies":[{"embeddable":true,"href":"https:\/\/ituprojekti.net\/sv_SE\/wp-json\/wp\/v2\/comments?post=16"}],"version-history":[{"count":6,"href":"https:\/\/ituprojekti.net\/sv_SE\/wp-json\/wp\/v2\/pages\/16\/revisions"}],"predecessor-version":[{"id":8541,"href":"https:\/\/ituprojekti.net\/sv_SE\/wp-json\/wp\/v2\/pages\/16\/revisions\/8541"}],"up":[{"embeddable":true,"href":"https:\/\/ituprojekti.net\/sv_SE\/wp-json\/wp\/v2\/pages\/13"}],"wp:attachment":[{"href":"https:\/\/ituprojekti.net\/sv_SE\/wp-json\/wp\/v2\/media?parent=16"}],"curies":[{"name":"wp","href":"https:\/\/api.w.org\/{rel}","templated":true}]}}