{"id":436,"date":"2015-11-02T20:30:38","date_gmt":"2015-11-02T18:30:38","guid":{"rendered":"http:\/\/ituprojekti.net\/?page_id=436"},"modified":"2024-11-04T13:39:57","modified_gmt":"2024-11-04T11:39:57","slug":"turku","status":"publish","type":"page","link":"https:\/\/ituprojekti.net\/fi\/turku\/","title":{"rendered":"Turku"},"content":{"rendered":"<p>Apua yll\u00e4tysraskaustilanteissa ja abortin j\u00e4lkeen<\/p>\n<p>Mahdollisuus tavata Itu-ty\u00f6n vapaaehtoisia; tiedot saa valtakunnallisen p\u00e4ivystysnumeron kautta 050 401 5567<\/p>\n<p><span class=\"Apple-style-span\" style=\"color: #ff99cc;\"><b>\u00a0<\/b><\/span><\/p>\n","protected":false},"excerpt":{"rendered":"<p>Apua yll\u00e4tysraskaustilanteissa ja abortin j\u00e4lkeen<\/p>\n<p>Mahdollisuus tavata Itu-ty\u00f6n vapaaehtoisia; tiedot saa valtakunnallisen p\u00e4ivystysnumeron kautta 050 401 5567<\/p>\n<p><span class=\"Apple-style-span\" style=\"color: #ff99cc;\"><b>\u00a0<\/b><\/span>&#8230;<\/p>\n","protected":false},"author":1,"featured_media":0,"parent":0,"menu_order":0,"comment_status":"closed","ping_status":"open","template":"","meta":{"_bbp_topic_count":0,"_bbp_reply_count":0,"_bbp_total_topic_count":0,"_bbp_total_reply_count":0,"_bbp_voice_count":0,"_bbp_anonymous_reply_count":0,"_bbp_topic_count_hidden":0,"_bbp_reply_count_hidden":0,"_bbp_forum_subforum_count":0,"footnotes":""},"class_list":["post-436","page","type-page","status-publish","hentry"],"yoast_head":"<!-- This site is optimized with the Yoast SEO plugin v24.1 - https:\/\/yoast.com\/wordpress\/plugins\/seo\/ -->\n<title>Turku - Itu - apua yll\u00e4tysraskaustilanteissa<\/title>\n<meta name=\"robots\" content=\"index, follow, max-snippet:-1, max-image-preview:large, max-video-preview:-1\" \/>\n<link rel=\"canonical\" href=\"https:\/\/ituprojekti.net\/turku\/\" \/>\n<meta property=\"og:locale\" content=\"fi_FI\" \/>\n<meta property=\"og:type\" content=\"article\" \/>\n<meta property=\"og:title\" content=\"Turku - Itu - apua yll\u00e4tysraskaustilanteissa\" \/>\n<meta property=\"og:description\" content=\"Apua yll\u00e4tysraskaustilanteissa ja abortin j\u00e4lkeen Mahdollisuus tavata Itu-ty\u00f6n vapaaehtoisia; tiedot saa valtakunnallisen p\u00e4ivystysnumeron kautta 050 401 5567 \u00a0...\" \/>\n<meta property=\"og:url\" content=\"https:\/\/ituprojekti.net\/turku\/\" \/>\n<meta property=\"og:site_name\" content=\"Itu - apua yll\u00e4tysraskaustilanteissa\" \/>\n<meta property=\"article:modified_time\" content=\"2024-11-04T11:39:57+00:00\" \/>\n<meta name=\"twitter:label1\" content=\"Arvioitu lukuaika\" \/>\n\t<meta name=\"twitter:data1\" content=\"1 minuutti\" \/>\n<script type=\"application\/ld+json\" class=\"yoast-schema-graph\">{\"@context\":\"https:\/\/schema.org\",\"@graph\":[{\"@type\":\"WebPage\",\"@id\":\"https:\/\/ituprojekti.net\/turku\/\",\"url\":\"https:\/\/ituprojekti.net\/turku\/\",\"name\":\"Turku - Itu - apua yll\u00e4tysraskaustilanteissa\",\"isPartOf\":{\"@id\":\"https:\/\/ituprojekti.net\/fi\/#website\"},\"datePublished\":\"2015-11-02T18:30:38+00:00\",\"dateModified\":\"2024-11-04T11:39:57+00:00\",\"breadcrumb\":{\"@id\":\"https:\/\/ituprojekti.net\/turku\/#breadcrumb\"},\"inLanguage\":\"fi\",\"potentialAction\":[{\"@type\":\"ReadAction\",\"target\":[\"https:\/\/ituprojekti.net\/turku\/\"]}]},{\"@type\":\"BreadcrumbList\",\"@id\":\"https:\/\/ituprojekti.net\/turku\/#breadcrumb\",\"itemListElement\":[{\"@type\":\"ListItem\",\"position\":1,\"name\":\"Home\",\"item\":\"https:\/\/ituprojekti.net\/\"},{\"@type\":\"ListItem\",\"position\":2,\"name\":\"Turku\"}]},{\"@type\":\"WebSite\",\"@id\":\"https:\/\/ituprojekti.net\/fi\/#website\",\"url\":\"https:\/\/ituprojekti.net\/fi\/\",\"name\":\"Itu - apua yll\u00e4tysraskaustilanteissa\",\"description\":\"Apua yll\u00e4tysraskaustilanteissa ja abortin j\u00e4lkeen. Soita 050 401 5567.\",\"publisher\":{\"@id\":\"https:\/\/ituprojekti.net\/fi\/#organization\"},\"potentialAction\":[{\"@type\":\"SearchAction\",\"target\":{\"@type\":\"EntryPoint\",\"urlTemplate\":\"https:\/\/ituprojekti.net\/fi\/?s={search_term_string}\"},\"query-input\":{\"@type\":\"PropertyValueSpecification\",\"valueRequired\":true,\"valueName\":\"search_term_string\"}}],\"inLanguage\":\"fi\"},{\"@type\":\"Organization\",\"@id\":\"https:\/\/ituprojekti.net\/fi\/#organization\",\"name\":\"Itu - apua yll\u00e4tysraskaustilanteissa\",\"url\":\"https:\/\/ituprojekti.net\/fi\/\",\"logo\":{\"@type\":\"ImageObject\",\"inLanguage\":\"fi\",\"@id\":\"https:\/\/ituprojekti.net\/fi\/#\/schema\/logo\/image\/\",\"url\":\"https:\/\/ituprojekti.net\/wp-content\/uploads\/2015\/02\/itulogo_pienempi3.png\",\"contentUrl\":\"https:\/\/ituprojekti.net\/wp-content\/uploads\/2015\/02\/itulogo_pienempi3.png\",\"width\":142,\"height\":53,\"caption\":\"Itu - apua yll\u00e4tysraskaustilanteissa\"},\"image\":{\"@id\":\"https:\/\/ituprojekti.net\/fi\/#\/schema\/logo\/image\/\"}}]}<\/script>\n<!-- \/ Yoast SEO plugin. -->","yoast_head_json":{"title":"Turku - Itu - apua yll\u00e4tysraskaustilanteissa","robots":{"index":"index","follow":"follow","max-snippet":"max-snippet:-1","max-image-preview":"max-image-preview:large","max-video-preview":"max-video-preview:-1"},"canonical":"https:\/\/ituprojekti.net\/turku\/","og_locale":"fi_FI","og_type":"article","og_title":"Turku - Itu - apua yll\u00e4tysraskaustilanteissa","og_description":"Apua yll\u00e4tysraskaustilanteissa ja abortin j\u00e4lkeen Mahdollisuus tavata Itu-ty\u00f6n vapaaehtoisia; tiedot saa valtakunnallisen p\u00e4ivystysnumeron kautta 050 401 5567 \u00a0...","og_url":"https:\/\/ituprojekti.net\/turku\/","og_site_name":"Itu - apua yll\u00e4tysraskaustilanteissa","article_modified_time":"2024-11-04T11:39:57+00:00","twitter_misc":{"Arvioitu lukuaika":"1 minuutti"},"schema":{"@context":"https:\/\/schema.org","@graph":[{"@type":"WebPage","@id":"https:\/\/ituprojekti.net\/turku\/","url":"https:\/\/ituprojekti.net\/turku\/","name":"Turku - Itu - apua yll\u00e4tysraskaustilanteissa","isPartOf":{"@id":"https:\/\/ituprojekti.net\/fi\/#website"},"datePublished":"2015-11-02T18:30:38+00:00","dateModified":"2024-11-04T11:39:57+00:00","breadcrumb":{"@id":"https:\/\/ituprojekti.net\/turku\/#breadcrumb"},"inLanguage":"fi","potentialAction":[{"@type":"ReadAction","target":["https:\/\/ituprojekti.net\/turku\/"]}]},{"@type":"BreadcrumbList","@id":"https:\/\/ituprojekti.net\/turku\/#breadcrumb","itemListElement":[{"@type":"ListItem","position":1,"name":"Home","item":"https:\/\/ituprojekti.net\/"},{"@type":"ListItem","position":2,"name":"Turku"}]},{"@type":"WebSite","@id":"https:\/\/ituprojekti.net\/fi\/#website","url":"https:\/\/ituprojekti.net\/fi\/","name":"Itu - apua yll\u00e4tysraskaustilanteissa","description":"Apua yll\u00e4tysraskaustilanteissa ja abortin j\u00e4lkeen. Soita 050 401 5567.","publisher":{"@id":"https:\/\/ituprojekti.net\/fi\/#organization"},"potentialAction":[{"@type":"SearchAction","target":{"@type":"EntryPoint","urlTemplate":"https:\/\/ituprojekti.net\/fi\/?s={search_term_string}"},"query-input":{"@type":"PropertyValueSpecification","valueRequired":true,"valueName":"search_term_string"}}],"inLanguage":"fi"},{"@type":"Organization","@id":"https:\/\/ituprojekti.net\/fi\/#organization","name":"Itu - apua yll\u00e4tysraskaustilanteissa","url":"https:\/\/ituprojekti.net\/fi\/","logo":{"@type":"ImageObject","inLanguage":"fi","@id":"https:\/\/ituprojekti.net\/fi\/#\/schema\/logo\/image\/","url":"https:\/\/ituprojekti.net\/wp-content\/uploads\/2015\/02\/itulogo_pienempi3.png","contentUrl":"https:\/\/ituprojekti.net\/wp-content\/uploads\/2015\/02\/itulogo_pienempi3.png","width":142,"height":53,"caption":"Itu - apua yll\u00e4tysraskaustilanteissa"},"image":{"@id":"https:\/\/ituprojekti.net\/fi\/#\/schema\/logo\/image\/"}}]}},"_links":{"self":[{"href":"https:\/\/ituprojekti.net\/fi\/wp-json\/wp\/v2\/pages\/436","targetHints":{"allow":["GET"]}}],"collection":[{"href":"https:\/\/ituprojekti.net\/fi\/wp-json\/wp\/v2\/pages"}],"about":[{"href":"https:\/\/ituprojekti.net\/fi\/wp-json\/wp\/v2\/types\/page"}],"author":[{"embeddable":true,"href":"https:\/\/ituprojekti.net\/fi\/wp-json\/wp\/v2\/users\/1"}],"replies":[{"embeddable":true,"href":"https:\/\/ituprojekti.net\/fi\/wp-json\/wp\/v2\/comments?post=436"}],"version-history":[{"count":5,"href":"https:\/\/ituprojekti.net\/fi\/wp-json\/wp\/v2\/pages\/436\/revisions"}],"predecessor-version":[{"id":7525,"href":"https:\/\/ituprojekti.net\/fi\/wp-json\/wp\/v2\/pages\/436\/revisions\/7525"}],"wp:attachment":[{"href":"https:\/\/ituprojekti.net\/fi\/wp-json\/wp\/v2\/media?parent=436"}],"curies":[{"name":"wp","href":"https:\/\/api.w.org\/{rel}","templated":true}]}}