{"id":381,"date":"2015-09-16T16:13:19","date_gmt":"2015-09-16T13:13:19","guid":{"rendered":"http:\/\/ituprojekti.net\/?page_id=381"},"modified":"2025-08-12T09:23:25","modified_gmt":"2025-08-12T06:23:25","slug":"yhteiskunnan-tuet-lapsiperheille","status":"publish","type":"page","link":"https:\/\/ituprojekti.net\/fi\/yhteiskunnan-tuet-lapsiperheille\/","title":{"rendered":"Yhteiskunnan tuet lapsiperheille"},"content":{"rendered":"<p><strong>\u00c4itiysavustus\u00a0<\/strong> on joko \u00e4itiyspakkaus tai 170 euron rahasumma. Hae \u00e4itiysavustus viimeist\u00e4\u00e4n 2 kuukautta ennen laskettua aikaa.<\/p>\n<p><strong>Raskausvapaa<\/strong>\u00a0 alkaa yleens\u00e4 30 arkip\u00e4iv\u00e4\u00e4 ja viimeist\u00e4\u00e4n14 arkip\u00e4iv\u00e4\u00e4 ennen lapsen synytym\u00e4\u00e4. Voit itse valita, koska aloitat \u00e4itiysloman. Arkip\u00e4ivi\u00e4 ovat p\u00e4iv\u00e4t maanantaista lauantaihin pois lukien arkipyh\u00e4t.<\/p>\n<p>Kun raskausvapaa alkaa, saat Kelasta<strong> raskausrahaa 40 arkip\u00e4iv\u00e4lt\u00e4.<\/strong><\/p>\n<p>Raskausrahan maksamisen j\u00e4lkeen sinulle maksetaan <strong>vanhempainrahaa yhteens\u00e4 320 arkip\u00e4iv\u00e4\u00e4. <\/strong>Vanhempainrahan voi jakaa vanhempien kesken.<\/p>\n<p>P\u00e4iv\u00e4rahan m\u00e4\u00e4r\u00e4 perustuu vuosituloon. Vuositulo lasketaan 12 kalenterikuukauden jaksolta, joka edelt\u00e4\u00e4 etuuden alkamista edelt\u00e4v\u00e4\u00e4 kalenterikuukautta. Tietyissa tilanteissa p\u00e4iv\u00e4raha voidaan laskea jakson viimeisten 3 kuukauden perusteella esim. jos olet opiskellut edellisen vuoden aikana tai ollut poissa ty\u00f6el\u00e4m\u00e4st\u00e4 lasten kotihoidon vuoksi.<br \/>\nVanhempainrahan m\u00e4\u00e4r\u00e4\u00e4n vaikuttavat el\u00e4m\u00e4ntilanteesi ja saamasi tulot. Minimip\u00e4iv\u00e4raha on aina 31,99 euroa arkip\u00e4iv\u00e4lt\u00e4. Arkip\u00e4ivi\u00e4 ovat p\u00e4iv\u00e4t maanantaista lauantaihin pois lukien pyh\u00e4p\u00e4iv\u00e4t.<\/p>\n<p>Kelan sivuilla olevalla laskurilla lasket helposti vanhempainrahan m\u00e4\u00e4r\u00e4n. Laskuri ei vaadi kirjautumista.<\/p>\n<p>Jos lapsi syntyy ennenaikaisesti, saat raskausrahaa heti syntym\u00e4\u00e4 seuraavasta arkip\u00e4iv\u00e4st\u00e4 40 arkip\u00e4iv\u00e4\u00e4.\u00a0 Vanhempainrahaa maksetaan t\u00e4ll\u00f6in normaalia pidemp\u00e4\u00e4n.<\/p>\n<p><strong>Lapsilis\u00e4<\/strong> (kunnes lapsi t\u00e4ytt\u00e4\u00e4 17 v.)<\/p>\n<p>Kela maksaa lapsilis\u00e4\u00e4 alle 17-vuotiaista lapsista, jotka asuvat Suomessa. Saat lapsilis\u00e4\u00e4 lapsen syntym\u00e4\u00e4 seuraavan kuukauden alusta. Alle 3-vuotiaista lapsista maksettavaa lapsilis\u00e4\u00e4 korotetaan 26 euroa kuukaudessa 1.4. 2024 alkaen.<\/p>\n<p>Lapsilis\u00e4n m\u00e4\u00e4r\u00e4 lapsiluvun mukaan euroa \/ kuukaudessa<br \/>\nEnsimm\u00e4isest\u00e4 lapsesta 94,88<br \/>\nToisesta lapsesta 104,84<br \/>\nKolmannesta lapsesta 133,79<br \/>\nNelj\u00e4nnest\u00e4 lapsesta 163,24<br \/>\nViidennest\u00e4 ja jokaisesta seuraavasta lapsesta 182,69<br \/>\nYksinhuoltajalis\u00e4: Saat korotusta 63, 30 euroa kuukaudessa jokaisesta luonasi asuvasta, lapsilis\u00e4\u00e4n oikeutetusta lapsesta.<\/p>\n<p><strong>Kotihoidon tuki<\/strong> alle 3-vuotiaalle, joka ei ole kunnallisessa p\u00e4iv\u00e4hoidossa<\/p>\n<p>Kela voi maksaa kotihoidon tukea<\/p>\n<p>alle 3-vuotiaasta lapsesta, jolle ei ole varattu kunnallista p\u00e4iv\u00e4hoitopaikkaa<br \/>\nyli 3-vuotiaasta lapsesta, jos perheess\u00e4 on alle 3-vuotias lapsi, joka saa kotihoidon tukea<br \/>\nyhdest\u00e4 alle 3-vuotiaasta 341,69 e\/kk<br \/>\nmuista perheen alle 3-vuotiaista lapsista kustakin 102,30 e\/kk<br \/>\nyli 3-vuotiaista, alle kouluik\u00e4isist\u00e4 lapsista 65,73 e\/kk kustakin.<\/p>\n<p>Elatustuki alle 18-vuotiaasta<\/p>\n<p>Jos lapsi ei saa elatusta elatusvelvolliselta, Kela voi maksaa <strong>elatustukea.<\/strong><\/p>\n<p>Elatustuen saaminen edellytt\u00e4\u00e4, ett\u00e4 vanhemmilla on kunnan sosiaalihuollon vahvistama elatussopimus tai tuomioistuimen p\u00e4\u00e4t\u00f6s elatusavusta. Niit\u00e4 ei tarvita, jos lapsi on syntynyt avioliiton ulkopuolella eik\u00e4 lapsen isyytt\u00e4 ole vahvistettu tai olet adoptoinut lapsen ilman kumppania.<\/p>\n<p>Voit saada elatustukea jos<\/p>\n<p>elatusvelvollinen vanhempi ei ole maksanut vahvistettua elatusapua.<br \/>\nelatusapu on vahvistettu elatustukea pienemm\u00e4ksi elatusvelvollisen vanhemman taloudellisen tilanteen vuoksi.<br \/>\nelatusapua ei ole vahvistettu lainkaan maksettavaksi elatusvelvollisen taloudellisen tilanteen vuoksi.<br \/>\nolet adoptoinut lapsen ilman kumppania.<br \/>\navioliiton ulkopuolella syntyneen lapsen isyytt\u00e4 ei ole vahvistettu<br \/>\nlapsen isyys on vahvistettu, mutta elatusapua ei ole voitu vahvistaa samalla.<br \/>\nElatustuki maksetaan joko t\u00e4ysim\u00e4\u00e4r\u00e4isen\u00e4 tai v\u00e4hennettyn\u00e4. T\u00e4ysi elatustuki on 155,17 e\/kk.<\/p>\n<p>Kela voi maksaa elatustuen v\u00e4hennettyn\u00e4, jos elatusapu on vahvistettu t\u00e4ytt\u00e4 elatustukea pienemm\u00e4ksi elatusvelvollisen taloudellisen tilanteen takia. Elatussopimuksessa tai -tuomiossa tulee t\u00e4ll\u00f6in olla maininta elatusvelvollisen puutteellisesta elatuskyvyst\u00e4. Kun Kela maksaa elatustuen v\u00e4hennettyn\u00e4, saat elatustuen ja elatusavun erotuksen sek\u00e4 lis\u00e4ksi elatusvelvolliselta elatusavun.<\/p>\n<p>Jos elatusapu on muista syist\u00e4 pienempi, Kela ei maksa erotusta. Kela ei maksa alle 5 euron tukea.<\/p>\n<p>Jos vahvistettu elatusapu on Kelan tukea suurempi eik\u00e4 elatusvelvollinen maksa elatusapua, Kela maksaa t\u00e4yden elatustuen ja perii elatusvelvolliselta maksamatta j\u00e4\u00e4neen elatusavun. Jos perint\u00e4 onnistuu, Kela maksaa perinn\u00e4n j\u00e4lkeen elatusavun ja tuen erotuksen lasta hoitavalle vanhemmalle.<\/p>\n<p><strong>\u00c4itiysneuvola<\/strong><\/p>\n<p>Tavoitteena on turvata \u00e4idin, siki\u00f6n, vastasyntyneen ja perheenj\u00e4senten hyvinvointi.<\/p>\n<p>Neuvolaterveydenhoitaja m\u00e4\u00e4r\u00e4ytyy asuinpaikan mukaan.<\/p>\n<p>Raskaudenseuranta:<\/p>\n<p>\u00c4iti ottaa yhteytt\u00e4 oman piirins\u00e4 \u00e4itiysneuvolaan heti raskauden alussa tai viimeist\u00e4\u00e4n ennen 4. raskauskuukauden p\u00e4\u00e4ttymist\u00e4<\/p>\n<p>Neuvolal\u00e4\u00e4k\u00e4rin vastaanotolla n. 3 krt<\/p>\n<p>Ultra\u00e4\u00e4nitutkimus kun raskaus on kest\u00e4nyt 8-12 vk<\/p>\n<p>Terveydenhoitajan vastaanottok\u00e4ynnit 10\u201313 krt; aluksi 4-6 vk:n v\u00e4lein, 30 rv:sta eteenp\u00e4in 2-3 vk v\u00e4lein ja 35 rv:sta eteenp\u00e4in viikoittain<\/p>\n<p>Neuvolan l\u00e4hetteell\u00e4 \u00e4itiyspoliklinikalle tarvittaessa<\/p>\n<p>Synnytyksen j\u00e4lkeen:<\/p>\n<p>Terveydenhoitaja tekee 1-3 k\u00e4ynti\u00e4<\/p>\n<p>\u00c4iti pysyy \u00e4itiysneuvolan kirjoilla kaksi kuukautta synnytyksen j\u00e4lkeen<\/p>\n<p>Lapsi siirtyy 2 viikon ik\u00e4isen\u00e4 lastenneuvolan seurantaan<\/p>\n<p><strong>Muita auttavia tahoja:<\/strong><\/p>\n<p>Ensi- ja turvakodit: <a href=\"http:\/\/www.ensijaturvakotienliitto.fi\">http:\/\/www.ensijaturvakotienliitto.fi<\/a><\/p>\n<p>Toimivat isoimmissa kaupungeissa. Yhteydenotto yleens\u00e4 sosiaality\u00f6ntekij\u00e4n kautta, mahdollisuus sijoittaa my\u00f6s \u00e4killisiss\u00e4 tilanteissa, puhelinp\u00e4ivystys vuorokauden ymp\u00e4ri. Tarjoavat my\u00f6s tukea vanhemmuuteen sek\u00e4 perheryhmi\u00e4.<\/p>\n<p>Kaupunkien ja kuntien perhety\u00f6, neuvolan kautta paras yhteys.<\/p>\n<p>Pelastakaa lapset ry:n tukiperhetoiminta: <a href=\"http:\/\/www.pelastakaalapset.fi\">http:\/\/www.pelastakaalapset.fi<\/a><\/p>\n<p>Erilaiset j\u00e4rjest\u00f6t ja projektit tukevat vanhemmuudessa:<\/p>\n<p>Seurakuntien perhety\u00f6<\/p>\n<p>Pelastusarmeija<\/p>\n<p>Yhden vanhemman perheiden liitto: <a href=\"http:\/\/www.yvpl.fi\">http:\/\/www.yvpl.fi<\/a><\/p>\n<p>Helsinki Mission vapaaehtoiset \u00e4iti- ja is\u00e4mentorit: <a href=\"http:\/\/www.helsinkimissio.fi\">http:\/\/www.helsinkimissio.fi<\/a><\/p>\n","protected":false},"excerpt":{"rendered":"<p><strong>\u00c4itiysavustus\u00a0<\/strong> on joko \u00e4itiyspakkaus tai 170 euron rahasumma. Hae \u00e4itiysavustus viimeist\u00e4\u00e4n 2 kuukautta ennen laskettua aikaa.<\/p>\n<p><strong>Raskausvapaa<\/strong>\u00a0 alkaa yleens\u00e4 30 arkip\u00e4iv\u00e4\u00e4 ja viimeist\u00e4\u00e4n14 arkip\u00e4iv\u00e4\u00e4 ennen lapsen synyt&#8230;<\/p>\n","protected":false},"author":1,"featured_media":0,"parent":0,"menu_order":0,"comment_status":"closed","ping_status":"open","template":"","meta":{"_bbp_topic_count":0,"_bbp_reply_count":0,"_bbp_total_topic_count":0,"_bbp_total_reply_count":0,"_bbp_voice_count":0,"_bbp_anonymous_reply_count":0,"_bbp_topic_count_hidden":0,"_bbp_reply_count_hidden":0,"_bbp_forum_subforum_count":0,"footnotes":""},"class_list":["post-381","page","type-page","status-publish","hentry"],"yoast_head":"<!-- This site is optimized with the Yoast SEO plugin v24.1 - https:\/\/yoast.com\/wordpress\/plugins\/seo\/ -->\n<title>Yhteiskunnan tuet lapsiperheille - Itu - apua yll\u00e4tysraskaustilanteissa<\/title>\n<meta name=\"robots\" content=\"index, follow, max-snippet:-1, max-image-preview:large, max-video-preview:-1\" \/>\n<link rel=\"canonical\" href=\"https:\/\/ituprojekti.net\/yhteiskunnan-tuet-lapsiperheille\/\" \/>\n<meta property=\"og:locale\" content=\"fi_FI\" \/>\n<meta property=\"og:type\" content=\"article\" \/>\n<meta property=\"og:title\" content=\"Yhteiskunnan tuet lapsiperheille - Itu - apua yll\u00e4tysraskaustilanteissa\" \/>\n<meta property=\"og:description\" content=\"\u00c4itiysavustus\u00a0 on joko \u00e4itiyspakkaus tai 170 euron rahasumma. Hae \u00e4itiysavustus viimeist\u00e4\u00e4n 2 kuukautta ennen laskettua aikaa. Raskausvapaa\u00a0 alkaa yleens\u00e4 30 arkip\u00e4iv\u00e4\u00e4 ja viimeist\u00e4\u00e4n14 arkip\u00e4iv\u00e4\u00e4 ennen lapsen synyt...\" \/>\n<meta property=\"og:url\" content=\"https:\/\/ituprojekti.net\/yhteiskunnan-tuet-lapsiperheille\/\" \/>\n<meta property=\"og:site_name\" content=\"Itu - apua yll\u00e4tysraskaustilanteissa\" \/>\n<meta property=\"article:modified_time\" content=\"2025-08-12T06:23:25+00:00\" \/>\n<meta name=\"twitter:label1\" content=\"Arvioitu lukuaika\" \/>\n\t<meta name=\"twitter:data1\" content=\"4 minuuttia\" \/>\n<script type=\"application\/ld+json\" class=\"yoast-schema-graph\">{\"@context\":\"https:\/\/schema.org\",\"@graph\":[{\"@type\":\"WebPage\",\"@id\":\"https:\/\/ituprojekti.net\/yhteiskunnan-tuet-lapsiperheille\/\",\"url\":\"https:\/\/ituprojekti.net\/yhteiskunnan-tuet-lapsiperheille\/\",\"name\":\"Yhteiskunnan tuet lapsiperheille - Itu - apua yll\u00e4tysraskaustilanteissa\",\"isPartOf\":{\"@id\":\"https:\/\/ituprojekti.net\/fi\/#website\"},\"datePublished\":\"2015-09-16T13:13:19+00:00\",\"dateModified\":\"2025-08-12T06:23:25+00:00\",\"breadcrumb\":{\"@id\":\"https:\/\/ituprojekti.net\/yhteiskunnan-tuet-lapsiperheille\/#breadcrumb\"},\"inLanguage\":\"fi\",\"potentialAction\":[{\"@type\":\"ReadAction\",\"target\":[\"https:\/\/ituprojekti.net\/yhteiskunnan-tuet-lapsiperheille\/\"]}]},{\"@type\":\"BreadcrumbList\",\"@id\":\"https:\/\/ituprojekti.net\/yhteiskunnan-tuet-lapsiperheille\/#breadcrumb\",\"itemListElement\":[{\"@type\":\"ListItem\",\"position\":1,\"name\":\"Home\",\"item\":\"https:\/\/ituprojekti.net\/\"},{\"@type\":\"ListItem\",\"position\":2,\"name\":\"Yhteiskunnan tuet lapsiperheille\"}]},{\"@type\":\"WebSite\",\"@id\":\"https:\/\/ituprojekti.net\/fi\/#website\",\"url\":\"https:\/\/ituprojekti.net\/fi\/\",\"name\":\"Itu - apua yll\u00e4tysraskaustilanteissa\",\"description\":\"Apua yll\u00e4tysraskaustilanteissa ja abortin j\u00e4lkeen. Soita 050 401 5567.\",\"publisher\":{\"@id\":\"https:\/\/ituprojekti.net\/fi\/#organization\"},\"potentialAction\":[{\"@type\":\"SearchAction\",\"target\":{\"@type\":\"EntryPoint\",\"urlTemplate\":\"https:\/\/ituprojekti.net\/fi\/?s={search_term_string}\"},\"query-input\":{\"@type\":\"PropertyValueSpecification\",\"valueRequired\":true,\"valueName\":\"search_term_string\"}}],\"inLanguage\":\"fi\"},{\"@type\":\"Organization\",\"@id\":\"https:\/\/ituprojekti.net\/fi\/#organization\",\"name\":\"Itu - apua yll\u00e4tysraskaustilanteissa\",\"url\":\"https:\/\/ituprojekti.net\/fi\/\",\"logo\":{\"@type\":\"ImageObject\",\"inLanguage\":\"fi\",\"@id\":\"https:\/\/ituprojekti.net\/fi\/#\/schema\/logo\/image\/\",\"url\":\"https:\/\/ituprojekti.net\/wp-content\/uploads\/2015\/02\/itulogo_pienempi3.png\",\"contentUrl\":\"https:\/\/ituprojekti.net\/wp-content\/uploads\/2015\/02\/itulogo_pienempi3.png\",\"width\":142,\"height\":53,\"caption\":\"Itu - apua yll\u00e4tysraskaustilanteissa\"},\"image\":{\"@id\":\"https:\/\/ituprojekti.net\/fi\/#\/schema\/logo\/image\/\"}}]}<\/script>\n<!-- \/ Yoast SEO plugin. -->","yoast_head_json":{"title":"Yhteiskunnan tuet lapsiperheille - Itu - apua yll\u00e4tysraskaustilanteissa","robots":{"index":"index","follow":"follow","max-snippet":"max-snippet:-1","max-image-preview":"max-image-preview:large","max-video-preview":"max-video-preview:-1"},"canonical":"https:\/\/ituprojekti.net\/yhteiskunnan-tuet-lapsiperheille\/","og_locale":"fi_FI","og_type":"article","og_title":"Yhteiskunnan tuet lapsiperheille - Itu - apua yll\u00e4tysraskaustilanteissa","og_description":"\u00c4itiysavustus\u00a0 on joko \u00e4itiyspakkaus tai 170 euron rahasumma. Hae \u00e4itiysavustus viimeist\u00e4\u00e4n 2 kuukautta ennen laskettua aikaa. Raskausvapaa\u00a0 alkaa yleens\u00e4 30 arkip\u00e4iv\u00e4\u00e4 ja viimeist\u00e4\u00e4n14 arkip\u00e4iv\u00e4\u00e4 ennen lapsen synyt...","og_url":"https:\/\/ituprojekti.net\/yhteiskunnan-tuet-lapsiperheille\/","og_site_name":"Itu - apua yll\u00e4tysraskaustilanteissa","article_modified_time":"2025-08-12T06:23:25+00:00","twitter_misc":{"Arvioitu lukuaika":"4 minuuttia"},"schema":{"@context":"https:\/\/schema.org","@graph":[{"@type":"WebPage","@id":"https:\/\/ituprojekti.net\/yhteiskunnan-tuet-lapsiperheille\/","url":"https:\/\/ituprojekti.net\/yhteiskunnan-tuet-lapsiperheille\/","name":"Yhteiskunnan tuet lapsiperheille - Itu - apua yll\u00e4tysraskaustilanteissa","isPartOf":{"@id":"https:\/\/ituprojekti.net\/fi\/#website"},"datePublished":"2015-09-16T13:13:19+00:00","dateModified":"2025-08-12T06:23:25+00:00","breadcrumb":{"@id":"https:\/\/ituprojekti.net\/yhteiskunnan-tuet-lapsiperheille\/#breadcrumb"},"inLanguage":"fi","potentialAction":[{"@type":"ReadAction","target":["https:\/\/ituprojekti.net\/yhteiskunnan-tuet-lapsiperheille\/"]}]},{"@type":"BreadcrumbList","@id":"https:\/\/ituprojekti.net\/yhteiskunnan-tuet-lapsiperheille\/#breadcrumb","itemListElement":[{"@type":"ListItem","position":1,"name":"Home","item":"https:\/\/ituprojekti.net\/"},{"@type":"ListItem","position":2,"name":"Yhteiskunnan tuet lapsiperheille"}]},{"@type":"WebSite","@id":"https:\/\/ituprojekti.net\/fi\/#website","url":"https:\/\/ituprojekti.net\/fi\/","name":"Itu - apua yll\u00e4tysraskaustilanteissa","description":"Apua yll\u00e4tysraskaustilanteissa ja abortin j\u00e4lkeen. Soita 050 401 5567.","publisher":{"@id":"https:\/\/ituprojekti.net\/fi\/#organization"},"potentialAction":[{"@type":"SearchAction","target":{"@type":"EntryPoint","urlTemplate":"https:\/\/ituprojekti.net\/fi\/?s={search_term_string}"},"query-input":{"@type":"PropertyValueSpecification","valueRequired":true,"valueName":"search_term_string"}}],"inLanguage":"fi"},{"@type":"Organization","@id":"https:\/\/ituprojekti.net\/fi\/#organization","name":"Itu - apua yll\u00e4tysraskaustilanteissa","url":"https:\/\/ituprojekti.net\/fi\/","logo":{"@type":"ImageObject","inLanguage":"fi","@id":"https:\/\/ituprojekti.net\/fi\/#\/schema\/logo\/image\/","url":"https:\/\/ituprojekti.net\/wp-content\/uploads\/2015\/02\/itulogo_pienempi3.png","contentUrl":"https:\/\/ituprojekti.net\/wp-content\/uploads\/2015\/02\/itulogo_pienempi3.png","width":142,"height":53,"caption":"Itu - apua yll\u00e4tysraskaustilanteissa"},"image":{"@id":"https:\/\/ituprojekti.net\/fi\/#\/schema\/logo\/image\/"}}]}},"_links":{"self":[{"href":"https:\/\/ituprojekti.net\/fi\/wp-json\/wp\/v2\/pages\/381","targetHints":{"allow":["GET"]}}],"collection":[{"href":"https:\/\/ituprojekti.net\/fi\/wp-json\/wp\/v2\/pages"}],"about":[{"href":"https:\/\/ituprojekti.net\/fi\/wp-json\/wp\/v2\/types\/page"}],"author":[{"embeddable":true,"href":"https:\/\/ituprojekti.net\/fi\/wp-json\/wp\/v2\/users\/1"}],"replies":[{"embeddable":true,"href":"https:\/\/ituprojekti.net\/fi\/wp-json\/wp\/v2\/comments?post=381"}],"version-history":[{"count":8,"href":"https:\/\/ituprojekti.net\/fi\/wp-json\/wp\/v2\/pages\/381\/revisions"}],"predecessor-version":[{"id":8533,"href":"https:\/\/ituprojekti.net\/fi\/wp-json\/wp\/v2\/pages\/381\/revisions\/8533"}],"wp:attachment":[{"href":"https:\/\/ituprojekti.net\/fi\/wp-json\/wp\/v2\/media?parent=381"}],"curies":[{"name":"wp","href":"https:\/\/api.w.org\/{rel}","templated":true}]}}