{"id":32,"date":"2015-01-19T15:10:24","date_gmt":"2015-01-19T15:10:24","guid":{"rendered":"http:\/\/83.145.194.173\/~itupr719\/?page_id=32"},"modified":"2026-03-08T21:55:19","modified_gmt":"2026-03-08T19:55:19","slug":"tampere","status":"publish","type":"page","link":"https:\/\/ituprojekti.net\/fi\/tampere\/","title":{"rendered":"Tampere"},"content":{"rendered":"<p><strong>Puhelinp\u00e4ivystys 040 832 9001 ma-pe 9-16<br \/>\n<\/strong><\/p>\n<p>Neuvontapiste ITU, H\u00e4meenpuisto 14 F, 3. kerros Tampere<br \/>\nitu@tnnky.fi<br \/>\n<strong>Ilmaisia raskaustestej\u00e4\u2028\u2028<\/strong>. Voit varata my\u00f6s\u00a0<strong>keskusteluajan\u00a0<\/strong> p\u00e4ivystysnumerosta tai s\u00e4hk\u00f6postilla. Kaikki palvelut ovat maksuttomia.<\/p>\n<p><strong>Masukahvila odottaville \u00e4ideille<\/strong> joka toinen keskiviikko klo 13-15\u00a0 Puistosalissa, H\u00e4meenpuisto 14 F, 2.krs<br \/>\nUusi ryhm\u00e4 aloittaa elokuussa 2025 \u00a0 Tiedustelut p. 044 7842 377.<\/p>\n<p><strong>Avoin kahvila yksinhuoltaja\u00e4ideille lapsineen<\/strong> torstaisin klo 10-13, sis\u00e4ltyen aamukahvit, l\u00e4mmin ruoka, lapsille muskari, \u00e4ideille eri teemoja, Puistosali; H\u00e4meenpuisto 14 F, 2. kerros.<\/p>\n<p><b>Avoin perhekahvila<\/b> maanantaisin klo 10-13,\u00a0 Puistosalissa, H\u00e4meenpuisto 14 F, 2.kerros<\/p>\n<p><strong>Puistokahvila<\/strong> perjantaisin 1krt\/kk klo 15-18\u00a0 Puistosalissa 23.1., 20.2. 13.3. ja 8.5. , H\u00e4meenpuisto 14 F, 2.krs<\/p>\n<p><strong>Vertaistukiryhm\u00e4<\/strong> abortin l\u00e4pik\u00e4yneille alkaa lokakuussa 2025 , tiedustelut Outi Papunen p. 040 832 9001<\/p>\n<p><strong>Askeleet vertaistukiviikonloppu<\/strong> abortin l\u00e4pik\u00e4yneille 27-29.3.\u00a0 Puistosalissa H\u00e4meenpuisto 14 F, 2.krs<\/p>\n<figure id=\"attachment_190\" aria-describedby=\"caption-attachment-190\" style=\"width: 300px\" class=\"wp-caption aligncenter\"><img loading=\"lazy\" decoding=\"async\" class=\"wp-image-190 size-medium\" src=\"https:\/\/ituprojekti.net\/wp-content\/uploads\/2015\/01\/tampere1-300x225.jpg\" alt=\"Tampereen toimitilat\" width=\"300\" height=\"225\" srcset=\"https:\/\/ituprojekti.net\/wp-content\/uploads\/2015\/01\/tampere1-300x225.jpg 300w, https:\/\/ituprojekti.net\/wp-content\/uploads\/2015\/01\/tampere1.jpg 400w\" sizes=\"auto, (max-width: 300px) 100vw, 300px\" \/><figcaption id=\"caption-attachment-190\" class=\"wp-caption-text\">Tampereen neuvontapiste ITU, H\u00e4meenpuisto 14 F, 3. kerros<\/figcaption><\/figure>\n<figure id=\"attachment_206\" aria-describedby=\"caption-attachment-206\" style=\"width: 185px\" class=\"wp-caption aligncenter\"><img loading=\"lazy\" decoding=\"async\" class=\"wp-image-206 size-full\" src=\"https:\/\/ituprojekti.net\/wp-content\/uploads\/2015\/01\/Outi2.jpg\" alt=\"Outi Papunen Ituvastaava outi.papunen@tnnky.fi\" width=\"185\" height=\"246\" \/><figcaption id=\"caption-attachment-206\" class=\"wp-caption-text\">Outi Papunen<br \/>Ituvastaava<br \/>outi.papunen@tnnky.fi<\/figcaption><\/figure>\n","protected":false},"excerpt":{"rendered":"<p><strong>Puhelinp\u00e4ivystys 040 832 9001 ma-pe 9-16<br \/>\n<\/strong><\/p>\n<p>Neuvontapiste ITU, H\u00e4meenpuisto 14 F, 3. kerros Tampere<br \/>\nitu@tnnky.fi<br \/>\n<strong>Ilmaisia raskaustestej\u00e4\u2028\u2028<\/strong>. Voit varata my\u00f6s\u00a0<strong>keskusteluajan\u00a0<\/strong> p\u00e4ivystysnumerosta tai s\u00e4hk&#8230;<\/p>\n","protected":false},"author":1,"featured_media":0,"parent":0,"menu_order":0,"comment_status":"closed","ping_status":"open","template":"","meta":{"_bbp_topic_count":0,"_bbp_reply_count":0,"_bbp_total_topic_count":0,"_bbp_total_reply_count":0,"_bbp_voice_count":0,"_bbp_anonymous_reply_count":0,"_bbp_topic_count_hidden":0,"_bbp_reply_count_hidden":0,"_bbp_forum_subforum_count":0,"footnotes":""},"class_list":["post-32","page","type-page","status-publish","hentry"],"yoast_head":"<!-- This site is optimized with the Yoast SEO plugin v24.1 - https:\/\/yoast.com\/wordpress\/plugins\/seo\/ -->\n<title>Tampere<\/title>\n<meta name=\"robots\" content=\"index, follow, max-snippet:-1, max-image-preview:large, max-video-preview:-1\" \/>\n<link rel=\"canonical\" href=\"https:\/\/ituprojekti.net\/tampere\/\" \/>\n<meta property=\"og:locale\" content=\"fi_FI\" \/>\n<meta property=\"og:type\" content=\"article\" \/>\n<meta property=\"og:title\" content=\"Tampere\" \/>\n<meta property=\"og:description\" content=\"Puhelinp\u00e4ivystys 040 832 9001 ma-pe 9-16  Neuvontapiste ITU, H\u00e4meenpuisto 14 F, 3. kerros Tampere itu@tnnky.fi Ilmaisia raskaustestej\u00e4\u2028\u2028. Voit varata my\u00f6s\u00a0keskusteluajan\u00a0 p\u00e4ivystysnumerosta tai s\u00e4hk...\" \/>\n<meta property=\"og:url\" content=\"https:\/\/ituprojekti.net\/tampere\/\" \/>\n<meta property=\"og:site_name\" content=\"Itu - apua yll\u00e4tysraskaustilanteissa\" \/>\n<meta property=\"article:modified_time\" content=\"2026-03-08T19:55:19+00:00\" \/>\n<meta property=\"og:image\" content=\"https:\/\/ituprojekti.net\/wp-content\/uploads\/2015\/01\/tampere1.jpg\" \/>\n\t<meta property=\"og:image:width\" content=\"400\" \/>\n\t<meta property=\"og:image:height\" content=\"300\" \/>\n\t<meta property=\"og:image:type\" content=\"image\/jpeg\" \/>\n<meta name=\"twitter:label1\" content=\"Arvioitu lukuaika\" \/>\n\t<meta name=\"twitter:data1\" content=\"2 minuuttia\" \/>\n<script type=\"application\/ld+json\" class=\"yoast-schema-graph\">{\"@context\":\"https:\/\/schema.org\",\"@graph\":[{\"@type\":\"WebPage\",\"@id\":\"https:\/\/ituprojekti.net\/tampere\/\",\"url\":\"https:\/\/ituprojekti.net\/tampere\/\",\"name\":\"Tampere\",\"isPartOf\":{\"@id\":\"https:\/\/ituprojekti.net\/fi\/#website\"},\"primaryImageOfPage\":{\"@id\":\"https:\/\/ituprojekti.net\/tampere\/#primaryimage\"},\"image\":{\"@id\":\"https:\/\/ituprojekti.net\/tampere\/#primaryimage\"},\"thumbnailUrl\":\"https:\/\/ituprojekti.net\/wp-content\/uploads\/2015\/01\/tampere1-300x225.jpg\",\"datePublished\":\"2015-01-19T15:10:24+00:00\",\"dateModified\":\"2026-03-08T19:55:19+00:00\",\"breadcrumb\":{\"@id\":\"https:\/\/ituprojekti.net\/tampere\/#breadcrumb\"},\"inLanguage\":\"fi\",\"potentialAction\":[{\"@type\":\"ReadAction\",\"target\":[\"https:\/\/ituprojekti.net\/tampere\/\"]}]},{\"@type\":\"ImageObject\",\"inLanguage\":\"fi\",\"@id\":\"https:\/\/ituprojekti.net\/tampere\/#primaryimage\",\"url\":\"https:\/\/ituprojekti.net\/wp-content\/uploads\/2015\/01\/tampere1-300x225.jpg\",\"contentUrl\":\"https:\/\/ituprojekti.net\/wp-content\/uploads\/2015\/01\/tampere1-300x225.jpg\"},{\"@type\":\"BreadcrumbList\",\"@id\":\"https:\/\/ituprojekti.net\/tampere\/#breadcrumb\",\"itemListElement\":[{\"@type\":\"ListItem\",\"position\":1,\"name\":\"Home\",\"item\":\"https:\/\/ituprojekti.net\/\"},{\"@type\":\"ListItem\",\"position\":2,\"name\":\"Tampere\"}]},{\"@type\":\"WebSite\",\"@id\":\"https:\/\/ituprojekti.net\/fi\/#website\",\"url\":\"https:\/\/ituprojekti.net\/fi\/\",\"name\":\"Itu - apua yll\u00e4tysraskaustilanteissa\",\"description\":\"Apua yll\u00e4tysraskaustilanteissa ja abortin j\u00e4lkeen. Soita 050 401 5567.\",\"publisher\":{\"@id\":\"https:\/\/ituprojekti.net\/fi\/#organization\"},\"potentialAction\":[{\"@type\":\"SearchAction\",\"target\":{\"@type\":\"EntryPoint\",\"urlTemplate\":\"https:\/\/ituprojekti.net\/fi\/?s={search_term_string}\"},\"query-input\":{\"@type\":\"PropertyValueSpecification\",\"valueRequired\":true,\"valueName\":\"search_term_string\"}}],\"inLanguage\":\"fi\"},{\"@type\":\"Organization\",\"@id\":\"https:\/\/ituprojekti.net\/fi\/#organization\",\"name\":\"Itu - apua yll\u00e4tysraskaustilanteissa\",\"url\":\"https:\/\/ituprojekti.net\/fi\/\",\"logo\":{\"@type\":\"ImageObject\",\"inLanguage\":\"fi\",\"@id\":\"https:\/\/ituprojekti.net\/fi\/#\/schema\/logo\/image\/\",\"url\":\"https:\/\/ituprojekti.net\/wp-content\/uploads\/2015\/02\/itulogo_pienempi3.png\",\"contentUrl\":\"https:\/\/ituprojekti.net\/wp-content\/uploads\/2015\/02\/itulogo_pienempi3.png\",\"width\":142,\"height\":53,\"caption\":\"Itu - apua yll\u00e4tysraskaustilanteissa\"},\"image\":{\"@id\":\"https:\/\/ituprojekti.net\/fi\/#\/schema\/logo\/image\/\"}}]}<\/script>\n<!-- \/ Yoast SEO plugin. -->","yoast_head_json":{"title":"Tampere","robots":{"index":"index","follow":"follow","max-snippet":"max-snippet:-1","max-image-preview":"max-image-preview:large","max-video-preview":"max-video-preview:-1"},"canonical":"https:\/\/ituprojekti.net\/tampere\/","og_locale":"fi_FI","og_type":"article","og_title":"Tampere","og_description":"Puhelinp\u00e4ivystys 040 832 9001 ma-pe 9-16  Neuvontapiste ITU, H\u00e4meenpuisto 14 F, 3. kerros Tampere itu@tnnky.fi Ilmaisia raskaustestej\u00e4\u2028\u2028. Voit varata my\u00f6s\u00a0keskusteluajan\u00a0 p\u00e4ivystysnumerosta tai s\u00e4hk...","og_url":"https:\/\/ituprojekti.net\/tampere\/","og_site_name":"Itu - apua yll\u00e4tysraskaustilanteissa","article_modified_time":"2026-03-08T19:55:19+00:00","og_image":[{"width":400,"height":300,"url":"https:\/\/ituprojekti.net\/wp-content\/uploads\/2015\/01\/tampere1.jpg","type":"image\/jpeg"}],"twitter_misc":{"Arvioitu lukuaika":"2 minuuttia"},"schema":{"@context":"https:\/\/schema.org","@graph":[{"@type":"WebPage","@id":"https:\/\/ituprojekti.net\/tampere\/","url":"https:\/\/ituprojekti.net\/tampere\/","name":"Tampere","isPartOf":{"@id":"https:\/\/ituprojekti.net\/fi\/#website"},"primaryImageOfPage":{"@id":"https:\/\/ituprojekti.net\/tampere\/#primaryimage"},"image":{"@id":"https:\/\/ituprojekti.net\/tampere\/#primaryimage"},"thumbnailUrl":"https:\/\/ituprojekti.net\/wp-content\/uploads\/2015\/01\/tampere1-300x225.jpg","datePublished":"2015-01-19T15:10:24+00:00","dateModified":"2026-03-08T19:55:19+00:00","breadcrumb":{"@id":"https:\/\/ituprojekti.net\/tampere\/#breadcrumb"},"inLanguage":"fi","potentialAction":[{"@type":"ReadAction","target":["https:\/\/ituprojekti.net\/tampere\/"]}]},{"@type":"ImageObject","inLanguage":"fi","@id":"https:\/\/ituprojekti.net\/tampere\/#primaryimage","url":"https:\/\/ituprojekti.net\/wp-content\/uploads\/2015\/01\/tampere1-300x225.jpg","contentUrl":"https:\/\/ituprojekti.net\/wp-content\/uploads\/2015\/01\/tampere1-300x225.jpg"},{"@type":"BreadcrumbList","@id":"https:\/\/ituprojekti.net\/tampere\/#breadcrumb","itemListElement":[{"@type":"ListItem","position":1,"name":"Home","item":"https:\/\/ituprojekti.net\/"},{"@type":"ListItem","position":2,"name":"Tampere"}]},{"@type":"WebSite","@id":"https:\/\/ituprojekti.net\/fi\/#website","url":"https:\/\/ituprojekti.net\/fi\/","name":"Itu - apua yll\u00e4tysraskaustilanteissa","description":"Apua yll\u00e4tysraskaustilanteissa ja abortin j\u00e4lkeen. Soita 050 401 5567.","publisher":{"@id":"https:\/\/ituprojekti.net\/fi\/#organization"},"potentialAction":[{"@type":"SearchAction","target":{"@type":"EntryPoint","urlTemplate":"https:\/\/ituprojekti.net\/fi\/?s={search_term_string}"},"query-input":{"@type":"PropertyValueSpecification","valueRequired":true,"valueName":"search_term_string"}}],"inLanguage":"fi"},{"@type":"Organization","@id":"https:\/\/ituprojekti.net\/fi\/#organization","name":"Itu - apua yll\u00e4tysraskaustilanteissa","url":"https:\/\/ituprojekti.net\/fi\/","logo":{"@type":"ImageObject","inLanguage":"fi","@id":"https:\/\/ituprojekti.net\/fi\/#\/schema\/logo\/image\/","url":"https:\/\/ituprojekti.net\/wp-content\/uploads\/2015\/02\/itulogo_pienempi3.png","contentUrl":"https:\/\/ituprojekti.net\/wp-content\/uploads\/2015\/02\/itulogo_pienempi3.png","width":142,"height":53,"caption":"Itu - apua yll\u00e4tysraskaustilanteissa"},"image":{"@id":"https:\/\/ituprojekti.net\/fi\/#\/schema\/logo\/image\/"}}]}},"_links":{"self":[{"href":"https:\/\/ituprojekti.net\/fi\/wp-json\/wp\/v2\/pages\/32","targetHints":{"allow":["GET"]}}],"collection":[{"href":"https:\/\/ituprojekti.net\/fi\/wp-json\/wp\/v2\/pages"}],"about":[{"href":"https:\/\/ituprojekti.net\/fi\/wp-json\/wp\/v2\/types\/page"}],"author":[{"embeddable":true,"href":"https:\/\/ituprojekti.net\/fi\/wp-json\/wp\/v2\/users\/1"}],"replies":[{"embeddable":true,"href":"https:\/\/ituprojekti.net\/fi\/wp-json\/wp\/v2\/comments?post=32"}],"version-history":[{"count":14,"href":"https:\/\/ituprojekti.net\/fi\/wp-json\/wp\/v2\/pages\/32\/revisions"}],"predecessor-version":[{"id":8614,"href":"https:\/\/ituprojekti.net\/fi\/wp-json\/wp\/v2\/pages\/32\/revisions\/8614"}],"wp:attachment":[{"href":"https:\/\/ituprojekti.net\/fi\/wp-json\/wp\/v2\/media?parent=32"}],"curies":[{"name":"wp","href":"https:\/\/api.w.org\/{rel}","templated":true}]}}