{"id":30,"date":"2015-01-19T15:06:50","date_gmt":"2015-01-19T15:06:50","guid":{"rendered":"http:\/\/83.145.194.173\/~itupr719\/?page_id=30"},"modified":"2026-03-08T22:08:10","modified_gmt":"2026-03-08T20:08:10","slug":"tue-tyotamme","status":"publish","type":"page","link":"https:\/\/ituprojekti.net\/fi\/tue-tyotamme\/","title":{"rendered":"Tue ty\u00f6t\u00e4mme"},"content":{"rendered":"<h5>Lahjoita<\/h5>\n<p><strong>Huom. Tilitiedot muuttuvat 1.1. 2026<\/strong><\/p>\n<p><strong>1.1.2026 alkaen kaikki lahjoitukset uudelle\u00a0 OP:n tilille<\/strong><strong>\u00a0<\/strong><\/p>\n<p>Saaja: Tampereen nuorten naisten kristillinen yhdistys ry<br \/>\nFI73 5730 0821 5791 39<\/p>\n<p>Viesti: Itu Tampereja valtakunnallinen\u00a0 tai Itu Helsinki<\/p>\n<div>Poliisihallituksen my\u00f6nt\u00e4m\u00e4 (8.10.2021) rahanker\u00e4yslupa RA\/2021\/1294, on voimassa 1.1.2022 alkaen toistaiseksi koko Suomen alueella Ahvenanmaata lukuun ottamatta.<\/div>\n<p>Otamme vastaan my\u00f6s hyv\u00e4kuntoisia lastenhoitotarvikkeita ja lastenvaatteita.<\/p>\n<h5>Vapaaehtoiseksi<\/h5>\n<p>Ty\u00f6mme toteutuu suureksi osaksi vapaaehtoisvoimin. Yll\u00e4tysraskaustilanteessa olevien ja abortin l\u00e4pik\u00e4yneiden naisten tukijaksi p\u00e4\u00e4syyn vaadimme, ett\u00e4 vapaaehtoiset ovat k\u00e4yneet tarjoamamme koulutukset.<\/p>\n<p>Keskusteluavun lis\u00e4ksi tarjoamme asiakkaillemme mielell\u00e4mme esim. lastenhoitoapua ja henkist\u00e4 tukea vanhemmuuteen.\u00a0 My\u00f6s \u00e4iti-lapsikahvilatoiminta tarvitsee vapaaehtoisia lastenvahteja. Ty\u00f6ss\u00e4 voi toimia mukana my\u00f6s muulla tavoin hy\u00f6dynt\u00e4m\u00e4ll\u00e4 omaa erikoisosaamistaan. Mahdollinen vapaaehtoinen, ota yhteytt\u00e4 itu@tnnky.fi.<\/p>\n<p>My\u00f6s tukihenkil\u00f6it\u00e4 yksin vauvaa odottaville \/ lapsen kanssa oleville kaivataan ja heit\u00e4 my\u00f6s koulutetaan teht\u00e4v\u00e4\u00e4n. Tiedustelut: Outi Papunen 040 832 9001<\/p>\n","protected":false},"excerpt":{"rendered":"<h5>Lahjoita<\/h5>\n<p><strong>Huom. Tilitiedot muuttuvat 1.1. 2026<\/strong><\/p>\n<p><strong>1.1.2026 alkaen kaikki lahjoitukset uudelle\u00a0 OP:n tilille<\/strong><strong>\u00a0<\/strong><\/p>\n<p>Saaja: Tampereen nuorten naisten kristillinen yhdistys ry<br \/>\nFI73 5730 0821 5791 39<\/p>\n<p>V&#8230;<\/p>\n","protected":false},"author":1,"featured_media":0,"parent":0,"menu_order":7,"comment_status":"closed","ping_status":"closed","template":"","meta":{"_bbp_topic_count":0,"_bbp_reply_count":0,"_bbp_total_topic_count":0,"_bbp_total_reply_count":0,"_bbp_voice_count":0,"_bbp_anonymous_reply_count":0,"_bbp_topic_count_hidden":0,"_bbp_reply_count_hidden":0,"_bbp_forum_subforum_count":0,"footnotes":""},"class_list":["post-30","page","type-page","status-publish","hentry"],"yoast_head":"<!-- This site is optimized with the Yoast SEO plugin v24.1 - https:\/\/yoast.com\/wordpress\/plugins\/seo\/ -->\n<title>Tue ty\u00f6t\u00e4mme<\/title>\n<meta name=\"description\" content=\"Ty\u00f6mme toteutuu suureksi osaksi vapaaehtoisvoimin. Voit tukea ty\u00f6t\u00e4mme lahjoituksin tilille FI61 1146 3001 1167 45.\" \/>\n<meta name=\"robots\" content=\"index, follow, max-snippet:-1, max-image-preview:large, max-video-preview:-1\" \/>\n<link rel=\"canonical\" href=\"https:\/\/ituprojekti.net\/tue-tyotamme\/\" \/>\n<meta property=\"og:locale\" content=\"fi_FI\" \/>\n<meta property=\"og:type\" content=\"article\" \/>\n<meta property=\"og:title\" content=\"Tue ty\u00f6t\u00e4mme\" \/>\n<meta property=\"og:description\" content=\"Ty\u00f6mme toteutuu suureksi osaksi vapaaehtoisvoimin. Voit tukea ty\u00f6t\u00e4mme lahjoituksin tilille FI61 1146 3001 1167 45.\" \/>\n<meta property=\"og:url\" content=\"https:\/\/ituprojekti.net\/tue-tyotamme\/\" \/>\n<meta property=\"og:site_name\" content=\"Itu - apua yll\u00e4tysraskaustilanteissa\" \/>\n<meta property=\"article:modified_time\" content=\"2026-03-08T20:08:10+00:00\" \/>\n<meta name=\"twitter:label1\" content=\"Arvioitu lukuaika\" \/>\n\t<meta name=\"twitter:data1\" content=\"1 minuutti\" \/>\n<script type=\"application\/ld+json\" class=\"yoast-schema-graph\">{\"@context\":\"https:\/\/schema.org\",\"@graph\":[{\"@type\":\"WebPage\",\"@id\":\"https:\/\/ituprojekti.net\/tue-tyotamme\/\",\"url\":\"https:\/\/ituprojekti.net\/tue-tyotamme\/\",\"name\":\"Tue ty\u00f6t\u00e4mme\",\"isPartOf\":{\"@id\":\"https:\/\/ituprojekti.net\/fi\/#website\"},\"datePublished\":\"2015-01-19T15:06:50+00:00\",\"dateModified\":\"2026-03-08T20:08:10+00:00\",\"description\":\"Ty\u00f6mme toteutuu suureksi osaksi vapaaehtoisvoimin. Voit tukea ty\u00f6t\u00e4mme lahjoituksin tilille FI61 1146 3001 1167 45.\",\"breadcrumb\":{\"@id\":\"https:\/\/ituprojekti.net\/tue-tyotamme\/#breadcrumb\"},\"inLanguage\":\"fi\",\"potentialAction\":[{\"@type\":\"ReadAction\",\"target\":[\"https:\/\/ituprojekti.net\/tue-tyotamme\/\"]}]},{\"@type\":\"BreadcrumbList\",\"@id\":\"https:\/\/ituprojekti.net\/tue-tyotamme\/#breadcrumb\",\"itemListElement\":[{\"@type\":\"ListItem\",\"position\":1,\"name\":\"Home\",\"item\":\"https:\/\/ituprojekti.net\/\"},{\"@type\":\"ListItem\",\"position\":2,\"name\":\"Tue ty\u00f6t\u00e4mme\"}]},{\"@type\":\"WebSite\",\"@id\":\"https:\/\/ituprojekti.net\/fi\/#website\",\"url\":\"https:\/\/ituprojekti.net\/fi\/\",\"name\":\"Itu - apua yll\u00e4tysraskaustilanteissa\",\"description\":\"Apua yll\u00e4tysraskaustilanteissa ja abortin j\u00e4lkeen. Soita 050 401 5567.\",\"publisher\":{\"@id\":\"https:\/\/ituprojekti.net\/fi\/#organization\"},\"potentialAction\":[{\"@type\":\"SearchAction\",\"target\":{\"@type\":\"EntryPoint\",\"urlTemplate\":\"https:\/\/ituprojekti.net\/fi\/?s={search_term_string}\"},\"query-input\":{\"@type\":\"PropertyValueSpecification\",\"valueRequired\":true,\"valueName\":\"search_term_string\"}}],\"inLanguage\":\"fi\"},{\"@type\":\"Organization\",\"@id\":\"https:\/\/ituprojekti.net\/fi\/#organization\",\"name\":\"Itu - apua yll\u00e4tysraskaustilanteissa\",\"url\":\"https:\/\/ituprojekti.net\/fi\/\",\"logo\":{\"@type\":\"ImageObject\",\"inLanguage\":\"fi\",\"@id\":\"https:\/\/ituprojekti.net\/fi\/#\/schema\/logo\/image\/\",\"url\":\"https:\/\/ituprojekti.net\/wp-content\/uploads\/2015\/02\/itulogo_pienempi3.png\",\"contentUrl\":\"https:\/\/ituprojekti.net\/wp-content\/uploads\/2015\/02\/itulogo_pienempi3.png\",\"width\":142,\"height\":53,\"caption\":\"Itu - apua yll\u00e4tysraskaustilanteissa\"},\"image\":{\"@id\":\"https:\/\/ituprojekti.net\/fi\/#\/schema\/logo\/image\/\"}}]}<\/script>\n<!-- \/ Yoast SEO plugin. -->","yoast_head_json":{"title":"Tue ty\u00f6t\u00e4mme","description":"Ty\u00f6mme toteutuu suureksi osaksi vapaaehtoisvoimin. Voit tukea ty\u00f6t\u00e4mme lahjoituksin tilille FI61 1146 3001 1167 45.","robots":{"index":"index","follow":"follow","max-snippet":"max-snippet:-1","max-image-preview":"max-image-preview:large","max-video-preview":"max-video-preview:-1"},"canonical":"https:\/\/ituprojekti.net\/tue-tyotamme\/","og_locale":"fi_FI","og_type":"article","og_title":"Tue ty\u00f6t\u00e4mme","og_description":"Ty\u00f6mme toteutuu suureksi osaksi vapaaehtoisvoimin. Voit tukea ty\u00f6t\u00e4mme lahjoituksin tilille FI61 1146 3001 1167 45.","og_url":"https:\/\/ituprojekti.net\/tue-tyotamme\/","og_site_name":"Itu - apua yll\u00e4tysraskaustilanteissa","article_modified_time":"2026-03-08T20:08:10+00:00","twitter_misc":{"Arvioitu lukuaika":"1 minuutti"},"schema":{"@context":"https:\/\/schema.org","@graph":[{"@type":"WebPage","@id":"https:\/\/ituprojekti.net\/tue-tyotamme\/","url":"https:\/\/ituprojekti.net\/tue-tyotamme\/","name":"Tue ty\u00f6t\u00e4mme","isPartOf":{"@id":"https:\/\/ituprojekti.net\/fi\/#website"},"datePublished":"2015-01-19T15:06:50+00:00","dateModified":"2026-03-08T20:08:10+00:00","description":"Ty\u00f6mme toteutuu suureksi osaksi vapaaehtoisvoimin. Voit tukea ty\u00f6t\u00e4mme lahjoituksin tilille FI61 1146 3001 1167 45.","breadcrumb":{"@id":"https:\/\/ituprojekti.net\/tue-tyotamme\/#breadcrumb"},"inLanguage":"fi","potentialAction":[{"@type":"ReadAction","target":["https:\/\/ituprojekti.net\/tue-tyotamme\/"]}]},{"@type":"BreadcrumbList","@id":"https:\/\/ituprojekti.net\/tue-tyotamme\/#breadcrumb","itemListElement":[{"@type":"ListItem","position":1,"name":"Home","item":"https:\/\/ituprojekti.net\/"},{"@type":"ListItem","position":2,"name":"Tue ty\u00f6t\u00e4mme"}]},{"@type":"WebSite","@id":"https:\/\/ituprojekti.net\/fi\/#website","url":"https:\/\/ituprojekti.net\/fi\/","name":"Itu - apua yll\u00e4tysraskaustilanteissa","description":"Apua yll\u00e4tysraskaustilanteissa ja abortin j\u00e4lkeen. Soita 050 401 5567.","publisher":{"@id":"https:\/\/ituprojekti.net\/fi\/#organization"},"potentialAction":[{"@type":"SearchAction","target":{"@type":"EntryPoint","urlTemplate":"https:\/\/ituprojekti.net\/fi\/?s={search_term_string}"},"query-input":{"@type":"PropertyValueSpecification","valueRequired":true,"valueName":"search_term_string"}}],"inLanguage":"fi"},{"@type":"Organization","@id":"https:\/\/ituprojekti.net\/fi\/#organization","name":"Itu - apua yll\u00e4tysraskaustilanteissa","url":"https:\/\/ituprojekti.net\/fi\/","logo":{"@type":"ImageObject","inLanguage":"fi","@id":"https:\/\/ituprojekti.net\/fi\/#\/schema\/logo\/image\/","url":"https:\/\/ituprojekti.net\/wp-content\/uploads\/2015\/02\/itulogo_pienempi3.png","contentUrl":"https:\/\/ituprojekti.net\/wp-content\/uploads\/2015\/02\/itulogo_pienempi3.png","width":142,"height":53,"caption":"Itu - apua yll\u00e4tysraskaustilanteissa"},"image":{"@id":"https:\/\/ituprojekti.net\/fi\/#\/schema\/logo\/image\/"}}]}},"_links":{"self":[{"href":"https:\/\/ituprojekti.net\/fi\/wp-json\/wp\/v2\/pages\/30","targetHints":{"allow":["GET"]}}],"collection":[{"href":"https:\/\/ituprojekti.net\/fi\/wp-json\/wp\/v2\/pages"}],"about":[{"href":"https:\/\/ituprojekti.net\/fi\/wp-json\/wp\/v2\/types\/page"}],"author":[{"embeddable":true,"href":"https:\/\/ituprojekti.net\/fi\/wp-json\/wp\/v2\/users\/1"}],"replies":[{"embeddable":true,"href":"https:\/\/ituprojekti.net\/fi\/wp-json\/wp\/v2\/comments?post=30"}],"version-history":[{"count":10,"href":"https:\/\/ituprojekti.net\/fi\/wp-json\/wp\/v2\/pages\/30\/revisions"}],"predecessor-version":[{"id":8617,"href":"https:\/\/ituprojekti.net\/fi\/wp-json\/wp\/v2\/pages\/30\/revisions\/8617"}],"wp:attachment":[{"href":"https:\/\/ituprojekti.net\/fi\/wp-json\/wp\/v2\/media?parent=30"}],"curies":[{"name":"wp","href":"https:\/\/api.w.org\/{rel}","templated":true}]}}