{"id":24,"date":"2015-01-19T14:53:49","date_gmt":"2015-01-19T14:53:49","guid":{"rendered":"http:\/\/83.145.194.173\/~itupr719\/?page_id=24"},"modified":"2025-11-19T19:44:39","modified_gmt":"2025-11-19T17:44:39","slug":"aiti-lapsityo","status":"publish","type":"page","link":"https:\/\/ituprojekti.net\/fi\/aiti-lapsityo\/","title":{"rendered":"\u00c4iti-lapsity\u00f6"},"content":{"rendered":"<p>\u00c4iti-lapsi kahvilatoimintaa on Tampereella ja Helsingiss\u00e4; toiminta on erillist\u00e4 varsinaisesta Itu-ty\u00f6st\u00e4. Tampereella \u00e4iti-lapsi toiminnasta vastaa Itu-perhety\u00f6 ja Helsingiss\u00e4 \u00e4iti-lapsi toiminnasta vastaa Helsingin Itu-mamat hanke<\/p>\n<p><strong>TAMPERE<\/strong><\/p>\n<p>Itu-perhety\u00f6n ryhm\u00e4t kokoontuvat NNKY:n tiloissa H\u00e4meenpuisto 14 F, Siskonlikka 3 krs:<\/p>\n<p>K\u00e4ynti vaunujen kanssa Satakunnankatu 31, kisahallin portista sis\u00e4pihalle, heti k\u00e4\u00e4nn\u00f6s vasemmalle. Pihan per\u00e4ll\u00e4 vasemmanpuoleinen ovi, josta vaunurampit johtavat hissille. Hissill\u00e4 3. krs:n, jossa opasteet vaunuparkkiin ja Siskolikankahvilaan.<\/p>\n<p><strong>Avoin kahvila yksinhuoltajille<\/strong> to klo 10\u201313. \u00a0Muskari ja ilmainen ruoka. Lastenhoitoa. Ty\u00f6ntekij\u00f6in\u00e4 kahvilassa Anne, Kaisa ja Outi.<\/p>\n<p><strong>Avoin perhekahvila<\/strong> ma klo 10\u201313. Aamupuuro ja muskari, Anne Ali-L\u00f6ytty ja Kaisa Koponen.<\/p>\n<p><strong>Kehto-ryhm\u00e4<\/strong> (suljettu) ti klo 11.30-14.30, Anne Ali-L\u00f6ytty ja Kaisa Koponen.<\/p>\n<p><strong>Kehto-jatkoryhm\u00e4<\/strong> (suljettu) ke klo 11-13, Anne Ali-L\u00f6ytty ja Kaisa Koponen.<\/p>\n<p><strong>Masu-kahvila<\/strong> (suljettu) ke klo 13-15, Anne Ali-L\u00f6ytty ja Kaisa Koponen.<\/p>\n<p>Tied. Anne 044 7842 377 tai Kaisa 044 774 0001<\/p>\n<p><strong>HELSINKI<\/strong><\/p>\n<p><strong>Avoin kahvila yksinhuoltajille<\/strong> tai muuten yksin lasten kanssa oleville tiistaisin klo 10-13. osoitteessa L\u00e4kkisep\u00e4ntie 3 ; K\u00e4pyl\u00e4n juna-asemalta noin 300 m<br \/>Ilmainen lounas, lapsille musiikkihetki, \u00e4ideille eri teemoja<br \/>Tied. P\u00e4ivi 041 4542664\u00a0 tai Outi 040 832 9001<\/p>\n<p><strong>Masukahvila<\/strong> odottaville \u00e4ideille keskiviikkoisin klo 16-18\u00a0 Isoniitynkatu 3 D , ilmaiset tarjoilut, vertaisitukea, k\u00e4til\u00f6 mukana kuukausittain<\/p>\n<p>Tiedustelut Outi 040 832 9001\u00a0\u00a0<\/p>\n\n\n<p><\/p>\n","protected":false},"excerpt":{"rendered":"<p>\u00c4iti-lapsi kahvilatoimintaa on Tampereella ja Helsingiss\u00e4; toiminta on erillist\u00e4 varsinaisesta Itu-ty\u00f6st\u00e4. Tampereella \u00e4iti-lapsi toiminnasta vastaa Itu-perhety\u00f6 ja Helsingiss\u00e4 \u00e4iti-lapsi toiminnasta vastaa Helsingin Itu-mamat hanke<\/p>\n<p><strong...\n<\/p>\n","protected":false},"author":1,"featured_media":0,"parent":0,"menu_order":4,"comment_status":"closed","ping_status":"closed","template":"","meta":{"_bbp_topic_count":0,"_bbp_reply_count":0,"_bbp_total_topic_count":0,"_bbp_total_reply_count":0,"_bbp_voice_count":0,"_bbp_anonymous_reply_count":0,"_bbp_topic_count_hidden":0,"_bbp_reply_count_hidden":0,"_bbp_forum_subforum_count":0,"footnotes":""},"class_list":["post-24","page","type-page","status-publish","hentry"],"yoast_head":"<!-- This site is optimized with the Yoast SEO plugin v24.1 - https:\/\/yoast.com\/wordpress\/plugins\/seo\/ -->\n<title>\u00c4iti-lapsity\u00f6<\/title>\n<meta name=\"description\" content=\"Itu-projektilla on t\u00e4ll\u00e4 hetkell\u00e4 \u00e4iti-lapsikahvilatoimintaa eri kaupungeissa\" \/>\n<meta name=\"robots\" content=\"index, follow, max-snippet:-1, max-image-preview:large, max-video-preview:-1\" \/>\n<link rel=\"canonical\" href=\"https:\/\/ituprojekti.net\/aiti-lapsityo\/\" \/>\n<meta property=\"og:locale\" content=\"fi_FI\" \/>\n<meta property=\"og:type\" content=\"article\" \/>\n<meta property=\"og:title\" content=\"\u00c4iti-lapsity\u00f6\" \/>\n<meta property=\"og:description\" content=\"Itu-projektilla on t\u00e4ll\u00e4 hetkell\u00e4 \u00e4iti-lapsikahvilatoimintaa eri kaupungeissa\" \/>\n<meta property=\"og:url\" content=\"https:\/\/ituprojekti.net\/aiti-lapsityo\/\" \/>\n<meta property=\"og:site_name\" content=\"Itu - apua yll\u00e4tysraskaustilanteissa\" \/>\n<meta property=\"article:modified_time\" content=\"2025-11-19T17:44:39+00:00\" \/>\n<meta name=\"twitter:label1\" content=\"Arvioitu lukuaika\" \/>\n\t<meta name=\"twitter:data1\" content=\"2 minuuttia\" \/>\n<script type=\"application\/ld+json\" class=\"yoast-schema-graph\">{\"@context\":\"https:\/\/schema.org\",\"@graph\":[{\"@type\":\"WebPage\",\"@id\":\"https:\/\/ituprojekti.net\/aiti-lapsityo\/\",\"url\":\"https:\/\/ituprojekti.net\/aiti-lapsityo\/\",\"name\":\"\u00c4iti-lapsity\u00f6\",\"isPartOf\":{\"@id\":\"https:\/\/ituprojekti.net\/fi\/#website\"},\"datePublished\":\"2015-01-19T14:53:49+00:00\",\"dateModified\":\"2025-11-19T17:44:39+00:00\",\"description\":\"Itu-projektilla on t\u00e4ll\u00e4 hetkell\u00e4 \u00e4iti-lapsikahvilatoimintaa eri kaupungeissa\",\"breadcrumb\":{\"@id\":\"https:\/\/ituprojekti.net\/aiti-lapsityo\/#breadcrumb\"},\"inLanguage\":\"fi\",\"potentialAction\":[{\"@type\":\"ReadAction\",\"target\":[\"https:\/\/ituprojekti.net\/aiti-lapsityo\/\"]}]},{\"@type\":\"BreadcrumbList\",\"@id\":\"https:\/\/ituprojekti.net\/aiti-lapsityo\/#breadcrumb\",\"itemListElement\":[{\"@type\":\"ListItem\",\"position\":1,\"name\":\"Home\",\"item\":\"https:\/\/ituprojekti.net\/\"},{\"@type\":\"ListItem\",\"position\":2,\"name\":\"\u00c4iti-lapsity\u00f6\"}]},{\"@type\":\"WebSite\",\"@id\":\"https:\/\/ituprojekti.net\/fi\/#website\",\"url\":\"https:\/\/ituprojekti.net\/fi\/\",\"name\":\"Itu - apua yll\u00e4tysraskaustilanteissa\",\"description\":\"Apua yll\u00e4tysraskaustilanteissa ja abortin j\u00e4lkeen. Soita 050 401 5567.\",\"publisher\":{\"@id\":\"https:\/\/ituprojekti.net\/fi\/#organization\"},\"potentialAction\":[{\"@type\":\"SearchAction\",\"target\":{\"@type\":\"EntryPoint\",\"urlTemplate\":\"https:\/\/ituprojekti.net\/fi\/?s={search_term_string}\"},\"query-input\":{\"@type\":\"PropertyValueSpecification\",\"valueRequired\":true,\"valueName\":\"search_term_string\"}}],\"inLanguage\":\"fi\"},{\"@type\":\"Organization\",\"@id\":\"https:\/\/ituprojekti.net\/fi\/#organization\",\"name\":\"Itu - apua yll\u00e4tysraskaustilanteissa\",\"url\":\"https:\/\/ituprojekti.net\/fi\/\",\"logo\":{\"@type\":\"ImageObject\",\"inLanguage\":\"fi\",\"@id\":\"https:\/\/ituprojekti.net\/fi\/#\/schema\/logo\/image\/\",\"url\":\"https:\/\/ituprojekti.net\/wp-content\/uploads\/2015\/02\/itulogo_pienempi3.png\",\"contentUrl\":\"https:\/\/ituprojekti.net\/wp-content\/uploads\/2015\/02\/itulogo_pienempi3.png\",\"width\":142,\"height\":53,\"caption\":\"Itu - apua yll\u00e4tysraskaustilanteissa\"},\"image\":{\"@id\":\"https:\/\/ituprojekti.net\/fi\/#\/schema\/logo\/image\/\"}}]}<\/script>\n<!-- \/ Yoast SEO plugin. -->","yoast_head_json":{"title":"\u00c4iti-lapsity\u00f6","description":"Itu-projektilla on t\u00e4ll\u00e4 hetkell\u00e4 \u00e4iti-lapsikahvilatoimintaa eri kaupungeissa","robots":{"index":"index","follow":"follow","max-snippet":"max-snippet:-1","max-image-preview":"max-image-preview:large","max-video-preview":"max-video-preview:-1"},"canonical":"https:\/\/ituprojekti.net\/aiti-lapsityo\/","og_locale":"fi_FI","og_type":"article","og_title":"\u00c4iti-lapsity\u00f6","og_description":"Itu-projektilla on t\u00e4ll\u00e4 hetkell\u00e4 \u00e4iti-lapsikahvilatoimintaa eri kaupungeissa","og_url":"https:\/\/ituprojekti.net\/aiti-lapsityo\/","og_site_name":"Itu - apua yll\u00e4tysraskaustilanteissa","article_modified_time":"2025-11-19T17:44:39+00:00","twitter_misc":{"Arvioitu lukuaika":"2 minuuttia"},"schema":{"@context":"https:\/\/schema.org","@graph":[{"@type":"WebPage","@id":"https:\/\/ituprojekti.net\/aiti-lapsityo\/","url":"https:\/\/ituprojekti.net\/aiti-lapsityo\/","name":"\u00c4iti-lapsity\u00f6","isPartOf":{"@id":"https:\/\/ituprojekti.net\/fi\/#website"},"datePublished":"2015-01-19T14:53:49+00:00","dateModified":"2025-11-19T17:44:39+00:00","description":"Itu-projektilla on t\u00e4ll\u00e4 hetkell\u00e4 \u00e4iti-lapsikahvilatoimintaa eri kaupungeissa","breadcrumb":{"@id":"https:\/\/ituprojekti.net\/aiti-lapsityo\/#breadcrumb"},"inLanguage":"fi","potentialAction":[{"@type":"ReadAction","target":["https:\/\/ituprojekti.net\/aiti-lapsityo\/"]}]},{"@type":"BreadcrumbList","@id":"https:\/\/ituprojekti.net\/aiti-lapsityo\/#breadcrumb","itemListElement":[{"@type":"ListItem","position":1,"name":"Home","item":"https:\/\/ituprojekti.net\/"},{"@type":"ListItem","position":2,"name":"\u00c4iti-lapsity\u00f6"}]},{"@type":"WebSite","@id":"https:\/\/ituprojekti.net\/fi\/#website","url":"https:\/\/ituprojekti.net\/fi\/","name":"Itu - apua yll\u00e4tysraskaustilanteissa","description":"Apua yll\u00e4tysraskaustilanteissa ja abortin j\u00e4lkeen. Soita 050 401 5567.","publisher":{"@id":"https:\/\/ituprojekti.net\/fi\/#organization"},"potentialAction":[{"@type":"SearchAction","target":{"@type":"EntryPoint","urlTemplate":"https:\/\/ituprojekti.net\/fi\/?s={search_term_string}"},"query-input":{"@type":"PropertyValueSpecification","valueRequired":true,"valueName":"search_term_string"}}],"inLanguage":"fi"},{"@type":"Organization","@id":"https:\/\/ituprojekti.net\/fi\/#organization","name":"Itu - apua yll\u00e4tysraskaustilanteissa","url":"https:\/\/ituprojekti.net\/fi\/","logo":{"@type":"ImageObject","inLanguage":"fi","@id":"https:\/\/ituprojekti.net\/fi\/#\/schema\/logo\/image\/","url":"https:\/\/ituprojekti.net\/wp-content\/uploads\/2015\/02\/itulogo_pienempi3.png","contentUrl":"https:\/\/ituprojekti.net\/wp-content\/uploads\/2015\/02\/itulogo_pienempi3.png","width":142,"height":53,"caption":"Itu - apua yll\u00e4tysraskaustilanteissa"},"image":{"@id":"https:\/\/ituprojekti.net\/fi\/#\/schema\/logo\/image\/"}}]}},"_links":{"self":[{"href":"https:\/\/ituprojekti.net\/fi\/wp-json\/wp\/v2\/pages\/24","targetHints":{"allow":["GET"]}}],"collection":[{"href":"https:\/\/ituprojekti.net\/fi\/wp-json\/wp\/v2\/pages"}],"about":[{"href":"https:\/\/ituprojekti.net\/fi\/wp-json\/wp\/v2\/types\/page"}],"author":[{"embeddable":true,"href":"https:\/\/ituprojekti.net\/fi\/wp-json\/wp\/v2\/users\/1"}],"replies":[{"embeddable":true,"href":"https:\/\/ituprojekti.net\/fi\/wp-json\/wp\/v2\/comments?post=24"}],"version-history":[{"count":10,"href":"https:\/\/ituprojekti.net\/fi\/wp-json\/wp\/v2\/pages\/24\/revisions"}],"predecessor-version":[{"id":8577,"href":"https:\/\/ituprojekti.net\/fi\/wp-json\/wp\/v2\/pages\/24\/revisions\/8577"}],"wp:attachment":[{"href":"https:\/\/ituprojekti.net\/fi\/wp-json\/wp\/v2\/media?parent=24"}],"curies":[{"name":"wp","href":"https:\/\/api.w.org\/{rel}","templated":true}]}}