{"id":183,"date":"2015-02-09T21:33:00","date_gmt":"2015-02-09T19:33:00","guid":{"rendered":"http:\/\/83.145.194.173\/~itupr719\/?page_id=183"},"modified":"2026-03-18T12:43:34","modified_gmt":"2026-03-18T10:43:34","slug":"etusivu","status":"publish","type":"page","link":"https:\/\/ituprojekti.net\/fi\/","title":{"rendered":"Etusivu"},"content":{"rendered":"<h3 style=\"text-align: center;\"><\/h3>\n<p style=\"text-align: center;\"><strong><span style=\"color: #000000;\"><a href=\"http:\/\/www.tnnky.fi\/\">Tampereen NNKY:n<\/a> Itu-ty\u00f6 tukee kriisiraskaustilanteessa olevia, raskauttaan vaikeassa tilanteessa jatkavia ja abortin l\u00e4pik\u00e4yneit\u00e4 tytt\u00f6j\u00e4 ja naisia. Palvelut ovat ilmaisia ja luottamuksellisia.<\/span><\/strong><\/p>\n<h3 style=\"text-align: center;\"><strong>Valtakunnallinen puhelinp\u00e4ivystys ma-pe klo 10-20<\/strong><br \/>\n050 401 5567<\/h3>\n<h3 style=\"text-align: center;\"><strong>itu@tnnky.fi<\/strong><\/h3>\n<p style=\"text-align: center;\">Puhelinp\u00e4ivystyksess\u00e4 voit purkaa niin yll\u00e4tysraskauden kuin abortin her\u00e4tt\u00e4mi\u00e4 tunteita ja ajatuksia siihen koulutetun henkil\u00f6n kanssa.<br \/>\nYll\u00e4tysraskaustilanteessa saat k\u00e4yt\u00e4nn\u00f6n tietoa vaihtoehdoista: raskauden jatkamisesta, abortista\u00a0 ja adoptiosta\/sijaisvanhemmuudesta.<br \/>\nKeskusteluissa kunnoitetaan jokaisen naisen itsem\u00e4\u00e4r\u00e4\u00e4misoikeutta ja oikeutta omaan p\u00e4\u00e4t\u00f6kseen.<\/p>\n<p style=\"text-align: center;\">All the services are also available in english.<\/p>\n<p style=\"text-align: center;\">Et ole yksin, moni on ollut kanssasi vastaavassa tilanteessa!<\/p>\n<p>\u00a0 \u00a0 \u00a0 \u00a0 \u00a0 \u00a0<strong>\u00a0 \u00a0 \u00a0 \u00a0 \u00a0 \u00a0 \u00a0 \u00a0 \u00a0 \u00a0 <\/strong><\/p>\n<p style=\"text-align: center;\"><strong>\u00a0 \u00a0 \u00a0 \u00a0 \u00a0 \u00a0 \u00a0 \u00a0 Tulossa:<\/strong> Vertaistukiviikonloppu abortin l\u00e4pik\u00e4yneille Tampereen NNKY:ll\u00e4\u00a0 27.-29.3. 2026<\/p>\n<p style=\"text-align: center;\">tiedustelut itu@tnnky.fi<\/p>\n<div style=\"text-align: center;\"><\/div>\n<p><a href=\"https:\/\/www.facebook.com\/Ituprojekti\/?ref=settings\" target=\"_blank\" rel=\"noopener noreferrer\">Tykk\u00e4\u00e4 meist\u00e4 fb:ss\u00e4<\/a><\/p>\n<p>Seuraa meit\u00e4 Instagramissa<\/p>\n<div><span style=\"color: #00ff00;\"><em>Sinun silm\u00e4si n\u00e4kiv\u00e4t minut jo idullani, sinun kirjaasi on kaikki kirjoitettu.\u00a0Ennen kuin olin el\u00e4nyt p\u00e4iv\u00e4\u00e4k\u00e4\u00e4n,\u00a0olivat kaikki p\u00e4iv\u00e4ni jo luodut. Psalmi 139: 16<\/em><\/span><\/div>\n<p><strong>\u00a0<\/strong><\/p>\n<div><\/div>\n<div><\/div>\n<div>\n<p><strong>\u00a0<\/strong><\/p>\n<\/div>\n<div><i>\u00a0<\/i><\/div>\n","protected":false},"excerpt":{"rendered":"<h3 style=\"text-align: center;\"><\/h3>\n<p style=\"text-align: center;\"><strong><span style=\"color: #000000;\"><a href=\"http:\/\/www.tnnky.fi\/\">Tampereen NNKY:n<\/a> Itu-ty\u00f6 tukee kriisiraskaustilanteessa olevia, raskauttaan vaikeassa tilanteessa jatkavia j&#8230;<\/p>\n","protected":false},"author":1,"featured_media":0,"parent":0,"menu_order":0,"comment_status":"closed","ping_status":"open","template":"","meta":{"_bbp_topic_count":0,"_bbp_reply_count":0,"_bbp_total_topic_count":0,"_bbp_total_reply_count":0,"_bbp_voice_count":0,"_bbp_anonymous_reply_count":0,"_bbp_topic_count_hidden":0,"_bbp_reply_count_hidden":0,"_bbp_forum_subforum_count":0,"footnotes":""},"class_list":["post-183","page","type-page","status-publish","hentry"],"yoast_head":"<!-- This site is optimized with the Yoast SEO plugin v24.1 - https:\/\/yoast.com\/wordpress\/plugins\/seo\/ -->\n<title>Abortti mieless\u00e4?<\/title>\n<meta name=\"description\" content=\"Ituprojekti auttaa naisia ja tytt\u00f6j\u00e4 yll\u00e4tysraskaustilanteissa ja abortin j\u00e4lkeisiss\u00e4 kriiseiss\u00e4.\" \/>\n<meta name=\"robots\" content=\"index, follow, max-snippet:-1, max-image-preview:large, max-video-preview:-1\" \/>\n<link rel=\"canonical\" href=\"https:\/\/ituprojekti.net\/\" \/>\n<meta property=\"og:locale\" content=\"fi_FI\" \/>\n<meta property=\"og:type\" content=\"article\" \/>\n<meta property=\"og:title\" content=\"Abortti mieless\u00e4?\" \/>\n<meta property=\"og:description\" content=\"Ituprojekti auttaa naisia ja tytt\u00f6j\u00e4 yll\u00e4tysraskaustilanteissa ja abortin j\u00e4lkeisiss\u00e4 kriiseiss\u00e4.\" \/>\n<meta property=\"og:url\" content=\"https:\/\/ituprojekti.net\/\" \/>\n<meta property=\"og:site_name\" content=\"Itu - apua yll\u00e4tysraskaustilanteissa\" \/>\n<meta property=\"article:modified_time\" content=\"2026-03-18T10:43:34+00:00\" \/>\n<meta name=\"twitter:label1\" content=\"Arvioitu lukuaika\" \/>\n\t<meta name=\"twitter:data1\" content=\"1 minuutti\" \/>\n<script type=\"application\/ld+json\" class=\"yoast-schema-graph\">{\"@context\":\"https:\/\/schema.org\",\"@graph\":[{\"@type\":\"WebPage\",\"@id\":\"https:\/\/ituprojekti.net\/\",\"url\":\"https:\/\/ituprojekti.net\/\",\"name\":\"Abortti mieless\u00e4?\",\"isPartOf\":{\"@id\":\"https:\/\/ituprojekti.net\/fi\/#website\"},\"datePublished\":\"2015-02-09T19:33:00+00:00\",\"dateModified\":\"2026-03-18T10:43:34+00:00\",\"description\":\"Ituprojekti auttaa naisia ja tytt\u00f6j\u00e4 yll\u00e4tysraskaustilanteissa ja abortin j\u00e4lkeisiss\u00e4 kriiseiss\u00e4.\",\"breadcrumb\":{\"@id\":\"https:\/\/ituprojekti.net\/#breadcrumb\"},\"inLanguage\":\"fi\",\"potentialAction\":[{\"@type\":\"ReadAction\",\"target\":[\"https:\/\/ituprojekti.net\/\"]}]},{\"@type\":\"BreadcrumbList\",\"@id\":\"https:\/\/ituprojekti.net\/#breadcrumb\",\"itemListElement\":[{\"@type\":\"ListItem\",\"position\":1,\"name\":\"Home\",\"item\":\"https:\/\/ituprojekti.net\/\"},{\"@type\":\"ListItem\",\"position\":2,\"name\":\"Etusivu\"}]},{\"@type\":\"WebSite\",\"@id\":\"https:\/\/ituprojekti.net\/fi\/#website\",\"url\":\"https:\/\/ituprojekti.net\/fi\/\",\"name\":\"Itu - apua yll\u00e4tysraskaustilanteissa\",\"description\":\"Apua yll\u00e4tysraskaustilanteissa ja abortin j\u00e4lkeen. Soita 050 401 5567.\",\"publisher\":{\"@id\":\"https:\/\/ituprojekti.net\/fi\/#organization\"},\"potentialAction\":[{\"@type\":\"SearchAction\",\"target\":{\"@type\":\"EntryPoint\",\"urlTemplate\":\"https:\/\/ituprojekti.net\/fi\/?s={search_term_string}\"},\"query-input\":{\"@type\":\"PropertyValueSpecification\",\"valueRequired\":true,\"valueName\":\"search_term_string\"}}],\"inLanguage\":\"fi\"},{\"@type\":\"Organization\",\"@id\":\"https:\/\/ituprojekti.net\/fi\/#organization\",\"name\":\"Itu - apua yll\u00e4tysraskaustilanteissa\",\"url\":\"https:\/\/ituprojekti.net\/fi\/\",\"logo\":{\"@type\":\"ImageObject\",\"inLanguage\":\"fi\",\"@id\":\"https:\/\/ituprojekti.net\/fi\/#\/schema\/logo\/image\/\",\"url\":\"https:\/\/ituprojekti.net\/wp-content\/uploads\/2015\/02\/itulogo_pienempi3.png\",\"contentUrl\":\"https:\/\/ituprojekti.net\/wp-content\/uploads\/2015\/02\/itulogo_pienempi3.png\",\"width\":142,\"height\":53,\"caption\":\"Itu - apua yll\u00e4tysraskaustilanteissa\"},\"image\":{\"@id\":\"https:\/\/ituprojekti.net\/fi\/#\/schema\/logo\/image\/\"}}]}<\/script>\n<!-- \/ Yoast SEO plugin. -->","yoast_head_json":{"title":"Abortti mieless\u00e4?","description":"Ituprojekti auttaa naisia ja tytt\u00f6j\u00e4 yll\u00e4tysraskaustilanteissa ja abortin j\u00e4lkeisiss\u00e4 kriiseiss\u00e4.","robots":{"index":"index","follow":"follow","max-snippet":"max-snippet:-1","max-image-preview":"max-image-preview:large","max-video-preview":"max-video-preview:-1"},"canonical":"https:\/\/ituprojekti.net\/","og_locale":"fi_FI","og_type":"article","og_title":"Abortti mieless\u00e4?","og_description":"Ituprojekti auttaa naisia ja tytt\u00f6j\u00e4 yll\u00e4tysraskaustilanteissa ja abortin j\u00e4lkeisiss\u00e4 kriiseiss\u00e4.","og_url":"https:\/\/ituprojekti.net\/","og_site_name":"Itu - apua yll\u00e4tysraskaustilanteissa","article_modified_time":"2026-03-18T10:43:34+00:00","twitter_misc":{"Arvioitu lukuaika":"1 minuutti"},"schema":{"@context":"https:\/\/schema.org","@graph":[{"@type":"WebPage","@id":"https:\/\/ituprojekti.net\/","url":"https:\/\/ituprojekti.net\/","name":"Abortti mieless\u00e4?","isPartOf":{"@id":"https:\/\/ituprojekti.net\/fi\/#website"},"datePublished":"2015-02-09T19:33:00+00:00","dateModified":"2026-03-18T10:43:34+00:00","description":"Ituprojekti auttaa naisia ja tytt\u00f6j\u00e4 yll\u00e4tysraskaustilanteissa ja abortin j\u00e4lkeisiss\u00e4 kriiseiss\u00e4.","breadcrumb":{"@id":"https:\/\/ituprojekti.net\/#breadcrumb"},"inLanguage":"fi","potentialAction":[{"@type":"ReadAction","target":["https:\/\/ituprojekti.net\/"]}]},{"@type":"BreadcrumbList","@id":"https:\/\/ituprojekti.net\/#breadcrumb","itemListElement":[{"@type":"ListItem","position":1,"name":"Home","item":"https:\/\/ituprojekti.net\/"},{"@type":"ListItem","position":2,"name":"Etusivu"}]},{"@type":"WebSite","@id":"https:\/\/ituprojekti.net\/fi\/#website","url":"https:\/\/ituprojekti.net\/fi\/","name":"Itu - apua yll\u00e4tysraskaustilanteissa","description":"Apua yll\u00e4tysraskaustilanteissa ja abortin j\u00e4lkeen. Soita 050 401 5567.","publisher":{"@id":"https:\/\/ituprojekti.net\/fi\/#organization"},"potentialAction":[{"@type":"SearchAction","target":{"@type":"EntryPoint","urlTemplate":"https:\/\/ituprojekti.net\/fi\/?s={search_term_string}"},"query-input":{"@type":"PropertyValueSpecification","valueRequired":true,"valueName":"search_term_string"}}],"inLanguage":"fi"},{"@type":"Organization","@id":"https:\/\/ituprojekti.net\/fi\/#organization","name":"Itu - apua yll\u00e4tysraskaustilanteissa","url":"https:\/\/ituprojekti.net\/fi\/","logo":{"@type":"ImageObject","inLanguage":"fi","@id":"https:\/\/ituprojekti.net\/fi\/#\/schema\/logo\/image\/","url":"https:\/\/ituprojekti.net\/wp-content\/uploads\/2015\/02\/itulogo_pienempi3.png","contentUrl":"https:\/\/ituprojekti.net\/wp-content\/uploads\/2015\/02\/itulogo_pienempi3.png","width":142,"height":53,"caption":"Itu - apua yll\u00e4tysraskaustilanteissa"},"image":{"@id":"https:\/\/ituprojekti.net\/fi\/#\/schema\/logo\/image\/"}}]}},"_links":{"self":[{"href":"https:\/\/ituprojekti.net\/fi\/wp-json\/wp\/v2\/pages\/183","targetHints":{"allow":["GET"]}}],"collection":[{"href":"https:\/\/ituprojekti.net\/fi\/wp-json\/wp\/v2\/pages"}],"about":[{"href":"https:\/\/ituprojekti.net\/fi\/wp-json\/wp\/v2\/types\/page"}],"author":[{"embeddable":true,"href":"https:\/\/ituprojekti.net\/fi\/wp-json\/wp\/v2\/users\/1"}],"replies":[{"embeddable":true,"href":"https:\/\/ituprojekti.net\/fi\/wp-json\/wp\/v2\/comments?post=183"}],"version-history":[{"count":21,"href":"https:\/\/ituprojekti.net\/fi\/wp-json\/wp\/v2\/pages\/183\/revisions"}],"predecessor-version":[{"id":8631,"href":"https:\/\/ituprojekti.net\/fi\/wp-json\/wp\/v2\/pages\/183\/revisions\/8631"}],"wp:attachment":[{"href":"https:\/\/ituprojekti.net\/fi\/wp-json\/wp\/v2\/media?parent=183"}],"curies":[{"name":"wp","href":"https:\/\/api.w.org\/{rel}","templated":true}]}}