{"id":18,"date":"2015-01-19T14:46:33","date_gmt":"2015-01-19T14:46:33","guid":{"rendered":"http:\/\/83.145.194.173\/~itupr719\/?page_id=18"},"modified":"2025-06-03T10:40:59","modified_gmt":"2025-06-03T07:40:59","slug":"adoptio","status":"publish","type":"page","link":"https:\/\/ituprojekti.net\/fi\/apua-yllatysraskauteen\/adoptio\/","title":{"rendered":"Adoptio"},"content":{"rendered":"<p>Adoptio on vaihtoehto, jota pidet\u00e4\u00e4n vaikeana. Vaikeaksi vaihtoehdon tekee ajatus raskauden l\u00e4pik\u00e4ymisest\u00e4, synnytyksest\u00e4 ja sitten luopumisesta lapsesta. Kuitenkin my\u00f6s abortissa luovutaan lapsesta.<br \/>\nAdoptio voi olla kyps\u00e4 ja rakastava vaihtoehto. Nainen &#8221;ei luovuta lastansa adoptioon&#8221; tai &#8221;anna lastansa pois&#8221;. Ihmiset antavat asioita pois silloin kun niill\u00e4 ei ole arvoa. N\u00e4in ei ole adoptiossa. Se on vastuullinen valinta, ep\u00e4itsek\u00e4s uhraus, joka tehd\u00e4\u00e4n, kun \u00e4iti ymm\u00e4rt\u00e4\u00e4 lapsensa olevan arvokas ja tarvitsevan enemm\u00e4n kuin h\u00e4n itse pystyy t\u00e4lle antamaan.<\/p>\n<p>Biologisen \u00e4idin kuuluu saada adoptio-neuvontaa, jota antavat Suomessa kuntien sosiaality\u00f6ntekij\u00e4t ja Pelastakaa Lapset Ry.\u00a0 J\u00e4rjest\u00f6\u00f6n voi olla yhteydess\u00e4 jo heti alkuraskaudessa, ja he antavat k\u00e4yt\u00e4nn\u00f6n tietoa, miten adoptio k\u00e4yt\u00e4nn\u00f6ss\u00e4 toimii. Yhteydenotto ei sido mihink\u00e4\u00e4n jatkotoimiin vaan antaa\u00a0 tietoa p\u00e4\u00e4t\u00f6ksesi tueksi. Halutessasi tapaamisia voidaan jatkaa koko raskauden ajan ja tapaamiset antavat sinulle vapauden mietti\u00e4, ett\u00e4 olisiko adoptio sinulle hyv\u00e4 vaihtoehto. Lopullisen p\u00e4\u00e4t\u00f6ksen adoptioon luovuttamisesta voi tehd\u00e4 aikaisintaan 8 viikkoa lapsen syntym\u00e4n j\u00e4lkeen.<\/p>\n<p>Omassa neuvolassa voi my\u00f6s alkaa keskustella vaihtoehdon mahdollisuudesta ja virallisesti adoptioprosessin laittaa liikkeelle sosiaality\u00f6ntekij\u00e4 omassa kunnassa tai adoptioj\u00e4rjest\u00f6ss\u00e4.<\/p>\n<p>Adoptiossa biologinen \u00e4iti voi vaikuttaa, millaiseen perheeseen h\u00e4n haluaa lapsensa antaa. Uusi laki avoimesta adoptiosta tuli voimaan 02.07. 2012. Laki mahdollistaa yhteydenpidon lapsen ja syntym\u00e4vanhemman v\u00e4lill\u00e4 my\u00f6s adoption j\u00e4lkeen, jos sek\u00e4 biologinen vanhempi sek\u00e4 adoptiovanhemmat sopivat yhteydenpidosta ja se on lapsen edun mukaista.<br \/>\n\u00c4iti voi p\u00e4\u00e4tt\u00e4\u00e4 yksin lapsen antamisesta adoptioon silloin, jos lapsen isyytt\u00e4 ei ole tunnustettu ja\/tai lapsi on syntynyt avioliiton ulkopuolella. Muuten adoptioon tarvitaan my\u00f6s is\u00e4n suostumus.<\/p>\n","protected":false},"excerpt":{"rendered":"<p>Adoptio on vaihtoehto, jota pidet\u00e4\u00e4n vaikeana. Vaikeaksi vaihtoehdon tekee ajatus raskauden l\u00e4pik\u00e4ymisest\u00e4, synnytyksest\u00e4 ja sitten luopumisesta lapsesta. Kuitenkin my\u00f6s abortissa luovutaan lapsesta.<br \/>\nAdoptio voi olla kyps\u00e4 ja rakastava vaihtoehto. Na&#8230;<\/p>\n","protected":false},"author":1,"featured_media":0,"parent":13,"menu_order":1,"comment_status":"closed","ping_status":"open","template":"","meta":{"_bbp_topic_count":0,"_bbp_reply_count":0,"_bbp_total_topic_count":0,"_bbp_total_reply_count":0,"_bbp_voice_count":0,"_bbp_anonymous_reply_count":0,"_bbp_topic_count_hidden":0,"_bbp_reply_count_hidden":0,"_bbp_forum_subforum_count":0,"footnotes":""},"class_list":["post-18","page","type-page","status-publish","hentry"],"yoast_head":"<!-- This site is optimized with the Yoast SEO plugin v24.1 - https:\/\/yoast.com\/wordpress\/plugins\/seo\/ -->\n<title>Adoptio<\/title>\n<meta name=\"description\" content=\"Adoptio voi olla kyps\u00e4 ja rakastava vaihtoehto\" \/>\n<meta name=\"robots\" content=\"index, follow, max-snippet:-1, max-image-preview:large, max-video-preview:-1\" \/>\n<link rel=\"canonical\" href=\"https:\/\/ituprojekti.net\/apua-yllatysraskauteen\/adoptio\/\" \/>\n<meta property=\"og:locale\" content=\"fi_FI\" \/>\n<meta property=\"og:type\" content=\"article\" \/>\n<meta property=\"og:title\" content=\"Adoptio\" \/>\n<meta property=\"og:description\" content=\"Adoptio voi olla kyps\u00e4 ja rakastava vaihtoehto\" \/>\n<meta property=\"og:url\" content=\"https:\/\/ituprojekti.net\/apua-yllatysraskauteen\/adoptio\/\" \/>\n<meta property=\"og:site_name\" content=\"Itu - apua yll\u00e4tysraskaustilanteissa\" \/>\n<meta property=\"article:modified_time\" content=\"2025-06-03T07:40:59+00:00\" \/>\n<meta name=\"twitter:label1\" content=\"Arvioitu lukuaika\" \/>\n\t<meta name=\"twitter:data1\" content=\"2 minuuttia\" \/>\n<script type=\"application\/ld+json\" class=\"yoast-schema-graph\">{\"@context\":\"https:\/\/schema.org\",\"@graph\":[{\"@type\":\"WebPage\",\"@id\":\"https:\/\/ituprojekti.net\/apua-yllatysraskauteen\/adoptio\/\",\"url\":\"https:\/\/ituprojekti.net\/apua-yllatysraskauteen\/adoptio\/\",\"name\":\"Adoptio\",\"isPartOf\":{\"@id\":\"https:\/\/ituprojekti.net\/fi\/#website\"},\"datePublished\":\"2015-01-19T14:46:33+00:00\",\"dateModified\":\"2025-06-03T07:40:59+00:00\",\"description\":\"Adoptio voi olla kyps\u00e4 ja rakastava vaihtoehto\",\"breadcrumb\":{\"@id\":\"https:\/\/ituprojekti.net\/apua-yllatysraskauteen\/adoptio\/#breadcrumb\"},\"inLanguage\":\"fi\",\"potentialAction\":[{\"@type\":\"ReadAction\",\"target\":[\"https:\/\/ituprojekti.net\/apua-yllatysraskauteen\/adoptio\/\"]}]},{\"@type\":\"BreadcrumbList\",\"@id\":\"https:\/\/ituprojekti.net\/apua-yllatysraskauteen\/adoptio\/#breadcrumb\",\"itemListElement\":[{\"@type\":\"ListItem\",\"position\":1,\"name\":\"Home\",\"item\":\"https:\/\/ituprojekti.net\/\"},{\"@type\":\"ListItem\",\"position\":2,\"name\":\"Apua yll\u00e4tysraskauteen\",\"item\":\"https:\/\/ituprojekti.net\/fi\/apua-yllatysraskauteen\/\"},{\"@type\":\"ListItem\",\"position\":3,\"name\":\"Adoptio\"}]},{\"@type\":\"WebSite\",\"@id\":\"https:\/\/ituprojekti.net\/fi\/#website\",\"url\":\"https:\/\/ituprojekti.net\/fi\/\",\"name\":\"Itu - apua yll\u00e4tysraskaustilanteissa\",\"description\":\"Apua yll\u00e4tysraskaustilanteissa ja abortin j\u00e4lkeen. Soita 050 401 5567.\",\"publisher\":{\"@id\":\"https:\/\/ituprojekti.net\/fi\/#organization\"},\"potentialAction\":[{\"@type\":\"SearchAction\",\"target\":{\"@type\":\"EntryPoint\",\"urlTemplate\":\"https:\/\/ituprojekti.net\/fi\/?s={search_term_string}\"},\"query-input\":{\"@type\":\"PropertyValueSpecification\",\"valueRequired\":true,\"valueName\":\"search_term_string\"}}],\"inLanguage\":\"fi\"},{\"@type\":\"Organization\",\"@id\":\"https:\/\/ituprojekti.net\/fi\/#organization\",\"name\":\"Itu - apua yll\u00e4tysraskaustilanteissa\",\"url\":\"https:\/\/ituprojekti.net\/fi\/\",\"logo\":{\"@type\":\"ImageObject\",\"inLanguage\":\"fi\",\"@id\":\"https:\/\/ituprojekti.net\/fi\/#\/schema\/logo\/image\/\",\"url\":\"https:\/\/ituprojekti.net\/wp-content\/uploads\/2015\/02\/itulogo_pienempi3.png\",\"contentUrl\":\"https:\/\/ituprojekti.net\/wp-content\/uploads\/2015\/02\/itulogo_pienempi3.png\",\"width\":142,\"height\":53,\"caption\":\"Itu - apua yll\u00e4tysraskaustilanteissa\"},\"image\":{\"@id\":\"https:\/\/ituprojekti.net\/fi\/#\/schema\/logo\/image\/\"}}]}<\/script>\n<!-- \/ Yoast SEO plugin. -->","yoast_head_json":{"title":"Adoptio","description":"Adoptio voi olla kyps\u00e4 ja rakastava vaihtoehto","robots":{"index":"index","follow":"follow","max-snippet":"max-snippet:-1","max-image-preview":"max-image-preview:large","max-video-preview":"max-video-preview:-1"},"canonical":"https:\/\/ituprojekti.net\/apua-yllatysraskauteen\/adoptio\/","og_locale":"fi_FI","og_type":"article","og_title":"Adoptio","og_description":"Adoptio voi olla kyps\u00e4 ja rakastava vaihtoehto","og_url":"https:\/\/ituprojekti.net\/apua-yllatysraskauteen\/adoptio\/","og_site_name":"Itu - apua yll\u00e4tysraskaustilanteissa","article_modified_time":"2025-06-03T07:40:59+00:00","twitter_misc":{"Arvioitu lukuaika":"2 minuuttia"},"schema":{"@context":"https:\/\/schema.org","@graph":[{"@type":"WebPage","@id":"https:\/\/ituprojekti.net\/apua-yllatysraskauteen\/adoptio\/","url":"https:\/\/ituprojekti.net\/apua-yllatysraskauteen\/adoptio\/","name":"Adoptio","isPartOf":{"@id":"https:\/\/ituprojekti.net\/fi\/#website"},"datePublished":"2015-01-19T14:46:33+00:00","dateModified":"2025-06-03T07:40:59+00:00","description":"Adoptio voi olla kyps\u00e4 ja rakastava vaihtoehto","breadcrumb":{"@id":"https:\/\/ituprojekti.net\/apua-yllatysraskauteen\/adoptio\/#breadcrumb"},"inLanguage":"fi","potentialAction":[{"@type":"ReadAction","target":["https:\/\/ituprojekti.net\/apua-yllatysraskauteen\/adoptio\/"]}]},{"@type":"BreadcrumbList","@id":"https:\/\/ituprojekti.net\/apua-yllatysraskauteen\/adoptio\/#breadcrumb","itemListElement":[{"@type":"ListItem","position":1,"name":"Home","item":"https:\/\/ituprojekti.net\/"},{"@type":"ListItem","position":2,"name":"Apua yll\u00e4tysraskauteen","item":"https:\/\/ituprojekti.net\/fi\/apua-yllatysraskauteen\/"},{"@type":"ListItem","position":3,"name":"Adoptio"}]},{"@type":"WebSite","@id":"https:\/\/ituprojekti.net\/fi\/#website","url":"https:\/\/ituprojekti.net\/fi\/","name":"Itu - apua yll\u00e4tysraskaustilanteissa","description":"Apua yll\u00e4tysraskaustilanteissa ja abortin j\u00e4lkeen. Soita 050 401 5567.","publisher":{"@id":"https:\/\/ituprojekti.net\/fi\/#organization"},"potentialAction":[{"@type":"SearchAction","target":{"@type":"EntryPoint","urlTemplate":"https:\/\/ituprojekti.net\/fi\/?s={search_term_string}"},"query-input":{"@type":"PropertyValueSpecification","valueRequired":true,"valueName":"search_term_string"}}],"inLanguage":"fi"},{"@type":"Organization","@id":"https:\/\/ituprojekti.net\/fi\/#organization","name":"Itu - apua yll\u00e4tysraskaustilanteissa","url":"https:\/\/ituprojekti.net\/fi\/","logo":{"@type":"ImageObject","inLanguage":"fi","@id":"https:\/\/ituprojekti.net\/fi\/#\/schema\/logo\/image\/","url":"https:\/\/ituprojekti.net\/wp-content\/uploads\/2015\/02\/itulogo_pienempi3.png","contentUrl":"https:\/\/ituprojekti.net\/wp-content\/uploads\/2015\/02\/itulogo_pienempi3.png","width":142,"height":53,"caption":"Itu - apua yll\u00e4tysraskaustilanteissa"},"image":{"@id":"https:\/\/ituprojekti.net\/fi\/#\/schema\/logo\/image\/"}}]}},"_links":{"self":[{"href":"https:\/\/ituprojekti.net\/fi\/wp-json\/wp\/v2\/pages\/18","targetHints":{"allow":["GET"]}}],"collection":[{"href":"https:\/\/ituprojekti.net\/fi\/wp-json\/wp\/v2\/pages"}],"about":[{"href":"https:\/\/ituprojekti.net\/fi\/wp-json\/wp\/v2\/types\/page"}],"author":[{"embeddable":true,"href":"https:\/\/ituprojekti.net\/fi\/wp-json\/wp\/v2\/users\/1"}],"replies":[{"embeddable":true,"href":"https:\/\/ituprojekti.net\/fi\/wp-json\/wp\/v2\/comments?post=18"}],"version-history":[{"count":6,"href":"https:\/\/ituprojekti.net\/fi\/wp-json\/wp\/v2\/pages\/18\/revisions"}],"predecessor-version":[{"id":8506,"href":"https:\/\/ituprojekti.net\/fi\/wp-json\/wp\/v2\/pages\/18\/revisions\/8506"}],"up":[{"embeddable":true,"href":"https:\/\/ituprojekti.net\/fi\/wp-json\/wp\/v2\/pages\/13"}],"wp:attachment":[{"href":"https:\/\/ituprojekti.net\/fi\/wp-json\/wp\/v2\/media?parent=18"}],"curies":[{"name":"wp","href":"https:\/\/api.w.org\/{rel}","templated":true}]}}