{"id":13,"date":"2015-01-19T14:40:19","date_gmt":"2015-01-19T14:40:19","guid":{"rendered":"http:\/\/83.145.194.173\/~itupr719\/?page_id=13"},"modified":"2022-10-12T13:45:24","modified_gmt":"2022-10-12T10:45:24","slug":"apua-yllatysraskauteen","status":"publish","type":"page","link":"https:\/\/ituprojekti.net\/fi\/apua-yllatysraskauteen\/","title":{"rendered":"Apua yll\u00e4tysraskauteen"},"content":{"rendered":"<p><b>Positiivinen raskaustesti; apua, mit\u00e4 teen, onko minulla vaihtoehtoja?<\/b><\/p>\n<p><b>Yrit\u00e4 rauhoittua ja pys\u00e4hty\u00e4 ajattelemaan. H\u00e4tik\u00f6ityj\u00e4 ja alkuj\u00e4rkytyksen s\u00e4vytt\u00e4mi\u00e4 p\u00e4\u00e4t\u00f6ksia ei kannata tehd\u00e4.<\/b><\/p>\n<p><b>On t\u00e4rke\u00e4\u00e4, ett\u00e4 mietit p\u00e4\u00e4t\u00f6st\u00e4si tarkkaan. P\u00e4\u00e4t\u00f6s raskauden jatkamisesta tai keskeytt\u00e4misest\u00e4 on yksi naisen el\u00e4m\u00e4n suurimmista p\u00e4\u00e4t\u00f6ksist\u00e4, jolla on aina vaikutuksia, p\u00e4\u00e4tti nainen miten tahansa.<\/b><\/p>\n<p><b>Suunnittelematon raskaus voi aiheuttaa pelkoa ja h\u00e4mmennyst\u00e4. My\u00f6s alkuraskauden hormonimuutokset vaikuttavat mielialaan ja fyysiseen vointiin ja mieli saattaa olla hyvin hauraalla pohjalla tekem\u00e4ss\u00e4 p\u00e4\u00e4t\u00f6st\u00e4.<br \/>\n<\/b><\/p>\n<p><b>Useissa tilanteissa raskaus on my\u00f6s kriisi parisuhteelle ja\/tai miehelle, joka on se toinen osapuoli.<br \/>\nKriisitilanteissa ajatukset ja tunteet tuntuvat usein sekavilta. Toisena p\u00e4iv\u00e4n\u00e4 raskauden jatkaminen tuntuu oikealta ja taas toisena mieli kallistuu keskeytt\u00e4misen puolelle; miten l\u00f6ytyy oikea ratkaisu?<br \/>\n<\/b><\/p>\n<p><b>Tee p\u00e4\u00e4t\u00f6ksesi miettim\u00e4ll\u00e4 tarkkaan eri vaihtoehtoja ja niiden seurauksia. On t\u00e4rke\u00e4\u00e4, ett\u00e4 voit tehd\u00e4 p\u00e4\u00e4t\u00f6ksen omasta itsest\u00e4si\/syd\u00e4mest\u00e4si k\u00e4sin. Toisten toiveesta tai odotuksista k\u00e4sin tehdyt p\u00e4\u00e4t\u00f6kset harmittavat yleens\u00e4 j\u00e4lkik\u00e4teen. My\u00f6s p\u00e4\u00e4t\u00f6s, joka tehd\u00e4\u00e4n vastoin sit\u00e4 mink\u00e4 itse kokee oikeaksi, kaduttaa usein my\u00f6hemmin. Olosuhteet ja ihmissuhteet voivat aina el\u00e4m\u00e4ss\u00e4 muuttua, mutta omaa syd\u00e4nt\u00e4mme kannamme aina mukanamme. \u00c4l\u00e4 j\u00e4\u00e4 yksin. Hakeudu keskustelemaan asiasta terveydenhoitajan, l\u00e4heisen tai vaikka Ituprojektin ty\u00f6ntekij\u00e4n kanssa. Ota aikaa kuunnellaksesi itse\u00e4si.<\/b><\/p>\n<p><b>Alla on kysymyksi\u00e4, joiden pohtiminen voi auttaa sinua p\u00e4\u00e4t\u00f6ksenteossa. Ne on poimittu raskaudenkeskeytyst\u00e4 miettiv\u00e4lle naiselle suunnatusta haastattelulomakkeesta, joka l\u00f6ytyy kokonaisuudessaan t\u00e4st\u00e4 linkist\u00e4: http:\/\/www.nly.fi\/artikkeli\/haastattelurunko-yllatysraskauden-kasittelemiseksi<\/b><\/p>\n<p><strong>Omat tunteet<\/strong><\/p>\n<p>\uf0a7 Milt\u00e4 uutinen raskaudesta tuntui ihan aluksi?<br \/>\n\uf0a7 Ent\u00e4 mit\u00e4 tunnet nyt?<br \/>\n\uf0a7 Oletko kokenut ahdistusta, h\u00e4pe\u00e4\u00e4, syyllisyytt\u00e4 tai muita raskaita tunteita?<br \/>\n\uf0a7 Oletko ollut joskus aiemmin el\u00e4m\u00e4ss\u00e4si masentunut tai ahdistunut? ( Tietoa abortin j\u00e4lkeisest\u00e4 masennuksesta: <a href=\"http:\/\/ituprojekti.net\/wp-content\/uploads\/2015\/01\/Abortin-j\u00e4lkeinen-masennus.pdf\">Abortin j\u00e4lkeinen masennus<\/a>)<\/p>\n<p><strong>Omat ajatukset ja kokemukset<\/strong><\/p>\n<p>\uf0a7 Oletko ollut aiemmin raskaana?<br \/>\n\uf0a7 Oletko aikaisemmin k\u00e4ynyt l\u00e4pi raskaudenkeskeytyksen tai keskenmenon? Miten selvisit siit\u00e4&nbsp;ja onko tapahtuneella ollut vaikutuksia el\u00e4m\u00e4\u00e4si?<br \/>\n\uf0a7 Oletko ajatellut tulevasi raskaaksi mahdollisesti my\u00f6hemm\u00e4ss\u00e4 vaiheessa el\u00e4m\u00e4\u00e4si?<br \/>\n\uf0a7 Mik\u00e4 sinua mietitytt\u00e4\u00e4 eniten raskauden jatkamisessa nykytilanteessasi?<br \/>\n\uf0a7 Mink\u00e4 asioiden tulisi muuttua, jotta raskauden jatkaminen tuntuisi mahdolliselta?<br \/>\n\uf0a7 Mit\u00e4 saat ja mit\u00e4 menet\u00e4t el\u00e4m\u00e4ss\u00e4si (\u201dplussat ja miinukset\u201d) jos:<br \/>\no keskeyt\u00e4t raskauden<br \/>\no jatkat raskautta ja tulet vanhemmaksi<br \/>\no annat lapsen adoptoitavaksi (huoltajuus tulee adoptiovanhemmille)<br \/>\no j\u00e4rjestet\u00e4\u00e4n sijaisvanhemmat (lapsi asuu sijaisperheess\u00e4, mutta sin\u00e4 j\u00e4\u00e4t huoltajaksi)<br \/>\n\uf0a7 Her\u00e4tt\u00e4\u00e4k\u00f6 raskaudenkeskeytys ristiriitoja arvomaailmassasi?<\/p>\n<p><strong>Muut ihmiset<\/strong><br \/>\n\uf0a7 Oletko kertonut raskaudesta kumppanillesi, vanhemmillesi tai muille l\u00e4heisillesi?<br \/>\n\uf0a7 Onko heill\u00e4 mielipide raskautesi suhteen, ja miten se vaikuttaa sinun p\u00e4\u00e4t\u00f6kseesi?<br \/>\n\uf0a7 Onko muilla l\u00e4hipiirill\u00e4si mielipiteit\u00e4 tai odotuksia raskautesi suhteen, ja miten ne vaikuttavat&nbsp;sinuun (sisarukset, kaverit, opiskeluymp\u00e4rist\u00f6, harrastuspiiri, seurakunta)?<br \/>\n\uf0a7 Onko sinulla joku sellainen henkil\u00f6, jolle haluaisit kertoa raskaudestasi, mutta et ole viel\u00e4 kertonut? Mietitytt\u00e4\u00e4k\u00f6 tai huolestuttaako sinua jokin asian kertomisessa h\u00e4nelle?<br \/>\n\uf0a7 Onko sinulla joku, jonka koet olevan sinulle tukena raskautesi kanssa?<br \/>\n\uf0a7 Miten abortin tekeminen vaikuttaisi ihmissuhteisiisi (kumppani, vanhemmat, yst\u00e4v\u00e4t)?<br \/>\n\uf0a7 Miten raskauden jatkaminen vaikuttaisi ihmissuhteisiisi?<\/p>\n<p><strong>Omat tiedot<\/strong><br \/>\n\uf0a7 Mit\u00e4 tied\u00e4t raskaudenkeskeytyksest\u00e4?<br \/>\n\uf0a7 Mit\u00e4 tied\u00e4t saatavilla olevista yhteiskunnan tukimuodoista raskautta jatkaville, esimerkiksi&nbsp;taloudellinen tuki, oman asunnon j\u00e4rjest\u00e4minen tai kotiapu lapsenhoidossa ja muussa arjessa?<br \/>\n\uf0a7 Mit\u00e4 tied\u00e4t raskauden ehk\u00e4isymenetelmist\u00e4?<br \/>\nOle rehellinen ja kuuntele itse\u00e4si ja syd\u00e4nt\u00e4si tarkkaan, koska tulet el\u00e4m\u00e4\u00e4n p\u00e4\u00e4t\u00f6ksesi kanssa lopun el\u00e4m\u00e4si.\u2028P\u00e4\u00e4t\u00f6s, joka on tehty vastoin sit\u00e4, mink\u00e4 koemme oikeaksi, kaduttaa usein my\u00f6hemmin. On t\u00e4rke\u00e4\u00e4, ettet tee p\u00e4\u00e4t\u00f6st\u00e4 muiden painostamana, koska sen vaikutukset ovat merkitt\u00e4vimm\u00e4t juuri sinun omassa el\u00e4m\u00e4ss\u00e4si.<br \/>\nItu-projekti tarjoaa yll\u00e4tysraskaustilanteessa ilmaista ja luottamuksellista keskusteluapua. Tarkoitus on, ett\u00e4 saat turvallisessa ilmapiiriss\u00e4 pohtia tuntojasi ja ajatuksiasi tilanteestasi ja eri vaihtoehdoista. Kyse on isosta p\u00e4\u00e4t\u00f6ksest\u00e4, joten se kannattaa tehd\u00e4 huolella. Tarjoamme apua kaikille, riippumatta olosuhteista, arvoista ja uskomuksista, taustasta tai i\u00e4st\u00e4. Voit tulla yksin, kumppanisi tai muun l\u00e4heisen kanssa.<br \/>\nSoita valtakunnalliseen puhelinp\u00e4ivystykseen 050 401 5567 tai oman paikkakuntasi numeroon. Voit my\u00f6s l\u00e4hett\u00e4\u00e4 s\u00e4hk\u00f6postia osoitteeseen itu@tnnky.fi Vastaamme sinulle mahdollisimman pian.<\/p>\n","protected":false},"excerpt":{"rendered":"<p><b>Positiivinen raskaustesti; apua, mit\u00e4 teen, onko minulla vaihtoehtoja?<\/b><\/p>\n<p><b>Yrit\u00e4 rauhoittua ja pys\u00e4hty\u00e4 ajattelemaan. H\u00e4tik\u00f6ityj\u00e4 ja alkuj\u00e4rkytyksen s\u00e4vytt\u00e4mi\u00e4 p\u00e4\u00e4t\u00f6ksia ei kannata tehd\u00e4.<\/b><\/p>\n<p><b>On t\u00e4rke\u00e4\u00e4, ett\u00e4 mietit p\u00e4\u00e4t\u00f6st\u00e4si tarkkaan. P\u00e4&#8230;<\/p>\n","protected":false},"author":1,"featured_media":0,"parent":0,"menu_order":2,"comment_status":"closed","ping_status":"closed","template":"","meta":{"_bbp_topic_count":0,"_bbp_reply_count":0,"_bbp_total_topic_count":0,"_bbp_total_reply_count":0,"_bbp_voice_count":0,"_bbp_anonymous_reply_count":0,"_bbp_topic_count_hidden":0,"_bbp_reply_count_hidden":0,"_bbp_forum_subforum_count":0,"footnotes":""},"class_list":["post-13","page","type-page","status-publish","hentry"],"yoast_head":"<!-- This site is optimized with the Yoast SEO plugin v24.1 - https:\/\/yoast.com\/wordpress\/plugins\/seo\/ -->\n<title>Apua yll\u00e4tysraskauteen<\/title>\n<meta name=\"description\" content=\"\u00c4l\u00e4 tee p\u00e4\u00e4t\u00f6st\u00e4 miettim\u00e4tt\u00e4 tarkkaan eri vaihtoehtoja ja niiden seurauksia. \u00c4l\u00e4 j\u00e4\u00e4 yksin. Hakeudu keskustelemaan asiasta terveydenhoitajan, l\u00e4heisen tai vaikka Ituprojektin ty\u00f6ntekij\u00e4n kanssa.\" \/>\n<meta name=\"robots\" content=\"index, follow, max-snippet:-1, max-image-preview:large, max-video-preview:-1\" \/>\n<link rel=\"canonical\" href=\"https:\/\/ituprojekti.net\/fi\/apua-yllatysraskauteen\/\" \/>\n<meta property=\"og:locale\" content=\"fi_FI\" \/>\n<meta property=\"og:type\" content=\"article\" \/>\n<meta property=\"og:title\" content=\"Apua yll\u00e4tysraskauteen\" \/>\n<meta property=\"og:description\" content=\"\u00c4l\u00e4 tee p\u00e4\u00e4t\u00f6st\u00e4 miettim\u00e4tt\u00e4 tarkkaan eri vaihtoehtoja ja niiden seurauksia. \u00c4l\u00e4 j\u00e4\u00e4 yksin. Hakeudu keskustelemaan asiasta terveydenhoitajan, l\u00e4heisen tai vaikka Ituprojektin ty\u00f6ntekij\u00e4n kanssa.\" \/>\n<meta property=\"og:url\" content=\"https:\/\/ituprojekti.net\/fi\/apua-yllatysraskauteen\/\" \/>\n<meta property=\"og:site_name\" content=\"Itu - apua yll\u00e4tysraskaustilanteissa\" \/>\n<meta property=\"article:modified_time\" content=\"2022-10-12T10:45:24+00:00\" \/>\n<meta name=\"twitter:label1\" content=\"Arvioitu lukuaika\" \/>\n\t<meta name=\"twitter:data1\" content=\"3 minuuttia\" \/>\n<script type=\"application\/ld+json\" class=\"yoast-schema-graph\">{\"@context\":\"https:\/\/schema.org\",\"@graph\":[{\"@type\":\"WebPage\",\"@id\":\"https:\/\/ituprojekti.net\/fi\/apua-yllatysraskauteen\/\",\"url\":\"https:\/\/ituprojekti.net\/fi\/apua-yllatysraskauteen\/\",\"name\":\"Apua yll\u00e4tysraskauteen\",\"isPartOf\":{\"@id\":\"https:\/\/ituprojekti.net\/fi\/#website\"},\"datePublished\":\"2015-01-19T14:40:19+00:00\",\"dateModified\":\"2022-10-12T10:45:24+00:00\",\"description\":\"\u00c4l\u00e4 tee p\u00e4\u00e4t\u00f6st\u00e4 miettim\u00e4tt\u00e4 tarkkaan eri vaihtoehtoja ja niiden seurauksia. \u00c4l\u00e4 j\u00e4\u00e4 yksin. Hakeudu keskustelemaan asiasta terveydenhoitajan, l\u00e4heisen tai vaikka Ituprojektin ty\u00f6ntekij\u00e4n kanssa.\",\"breadcrumb\":{\"@id\":\"https:\/\/ituprojekti.net\/fi\/apua-yllatysraskauteen\/#breadcrumb\"},\"inLanguage\":\"fi\",\"potentialAction\":[{\"@type\":\"ReadAction\",\"target\":[\"https:\/\/ituprojekti.net\/fi\/apua-yllatysraskauteen\/\"]}]},{\"@type\":\"BreadcrumbList\",\"@id\":\"https:\/\/ituprojekti.net\/fi\/apua-yllatysraskauteen\/#breadcrumb\",\"itemListElement\":[{\"@type\":\"ListItem\",\"position\":1,\"name\":\"Home\",\"item\":\"https:\/\/ituprojekti.net\/\"},{\"@type\":\"ListItem\",\"position\":2,\"name\":\"Apua yll\u00e4tysraskauteen\"}]},{\"@type\":\"WebSite\",\"@id\":\"https:\/\/ituprojekti.net\/fi\/#website\",\"url\":\"https:\/\/ituprojekti.net\/fi\/\",\"name\":\"Itu - apua yll\u00e4tysraskaustilanteissa\",\"description\":\"Apua yll\u00e4tysraskaustilanteissa ja abortin j\u00e4lkeen. Soita 050 401 5567.\",\"publisher\":{\"@id\":\"https:\/\/ituprojekti.net\/fi\/#organization\"},\"potentialAction\":[{\"@type\":\"SearchAction\",\"target\":{\"@type\":\"EntryPoint\",\"urlTemplate\":\"https:\/\/ituprojekti.net\/fi\/?s={search_term_string}\"},\"query-input\":{\"@type\":\"PropertyValueSpecification\",\"valueRequired\":true,\"valueName\":\"search_term_string\"}}],\"inLanguage\":\"fi\"},{\"@type\":\"Organization\",\"@id\":\"https:\/\/ituprojekti.net\/fi\/#organization\",\"name\":\"Itu - apua yll\u00e4tysraskaustilanteissa\",\"url\":\"https:\/\/ituprojekti.net\/fi\/\",\"logo\":{\"@type\":\"ImageObject\",\"inLanguage\":\"fi\",\"@id\":\"https:\/\/ituprojekti.net\/fi\/#\/schema\/logo\/image\/\",\"url\":\"https:\/\/ituprojekti.net\/wp-content\/uploads\/2015\/02\/itulogo_pienempi3.png\",\"contentUrl\":\"https:\/\/ituprojekti.net\/wp-content\/uploads\/2015\/02\/itulogo_pienempi3.png\",\"width\":142,\"height\":53,\"caption\":\"Itu - apua yll\u00e4tysraskaustilanteissa\"},\"image\":{\"@id\":\"https:\/\/ituprojekti.net\/fi\/#\/schema\/logo\/image\/\"}}]}<\/script>\n<!-- \/ Yoast SEO plugin. -->","yoast_head_json":{"title":"Apua yll\u00e4tysraskauteen","description":"\u00c4l\u00e4 tee p\u00e4\u00e4t\u00f6st\u00e4 miettim\u00e4tt\u00e4 tarkkaan eri vaihtoehtoja ja niiden seurauksia. \u00c4l\u00e4 j\u00e4\u00e4 yksin. Hakeudu keskustelemaan asiasta terveydenhoitajan, l\u00e4heisen tai vaikka Ituprojektin ty\u00f6ntekij\u00e4n kanssa.","robots":{"index":"index","follow":"follow","max-snippet":"max-snippet:-1","max-image-preview":"max-image-preview:large","max-video-preview":"max-video-preview:-1"},"canonical":"https:\/\/ituprojekti.net\/fi\/apua-yllatysraskauteen\/","og_locale":"fi_FI","og_type":"article","og_title":"Apua yll\u00e4tysraskauteen","og_description":"\u00c4l\u00e4 tee p\u00e4\u00e4t\u00f6st\u00e4 miettim\u00e4tt\u00e4 tarkkaan eri vaihtoehtoja ja niiden seurauksia. \u00c4l\u00e4 j\u00e4\u00e4 yksin. Hakeudu keskustelemaan asiasta terveydenhoitajan, l\u00e4heisen tai vaikka Ituprojektin ty\u00f6ntekij\u00e4n kanssa.","og_url":"https:\/\/ituprojekti.net\/fi\/apua-yllatysraskauteen\/","og_site_name":"Itu - apua yll\u00e4tysraskaustilanteissa","article_modified_time":"2022-10-12T10:45:24+00:00","twitter_misc":{"Arvioitu lukuaika":"3 minuuttia"},"schema":{"@context":"https:\/\/schema.org","@graph":[{"@type":"WebPage","@id":"https:\/\/ituprojekti.net\/fi\/apua-yllatysraskauteen\/","url":"https:\/\/ituprojekti.net\/fi\/apua-yllatysraskauteen\/","name":"Apua yll\u00e4tysraskauteen","isPartOf":{"@id":"https:\/\/ituprojekti.net\/fi\/#website"},"datePublished":"2015-01-19T14:40:19+00:00","dateModified":"2022-10-12T10:45:24+00:00","description":"\u00c4l\u00e4 tee p\u00e4\u00e4t\u00f6st\u00e4 miettim\u00e4tt\u00e4 tarkkaan eri vaihtoehtoja ja niiden seurauksia. \u00c4l\u00e4 j\u00e4\u00e4 yksin. Hakeudu keskustelemaan asiasta terveydenhoitajan, l\u00e4heisen tai vaikka Ituprojektin ty\u00f6ntekij\u00e4n kanssa.","breadcrumb":{"@id":"https:\/\/ituprojekti.net\/fi\/apua-yllatysraskauteen\/#breadcrumb"},"inLanguage":"fi","potentialAction":[{"@type":"ReadAction","target":["https:\/\/ituprojekti.net\/fi\/apua-yllatysraskauteen\/"]}]},{"@type":"BreadcrumbList","@id":"https:\/\/ituprojekti.net\/fi\/apua-yllatysraskauteen\/#breadcrumb","itemListElement":[{"@type":"ListItem","position":1,"name":"Home","item":"https:\/\/ituprojekti.net\/"},{"@type":"ListItem","position":2,"name":"Apua yll\u00e4tysraskauteen"}]},{"@type":"WebSite","@id":"https:\/\/ituprojekti.net\/fi\/#website","url":"https:\/\/ituprojekti.net\/fi\/","name":"Itu - apua yll\u00e4tysraskaustilanteissa","description":"Apua yll\u00e4tysraskaustilanteissa ja abortin j\u00e4lkeen. Soita 050 401 5567.","publisher":{"@id":"https:\/\/ituprojekti.net\/fi\/#organization"},"potentialAction":[{"@type":"SearchAction","target":{"@type":"EntryPoint","urlTemplate":"https:\/\/ituprojekti.net\/fi\/?s={search_term_string}"},"query-input":{"@type":"PropertyValueSpecification","valueRequired":true,"valueName":"search_term_string"}}],"inLanguage":"fi"},{"@type":"Organization","@id":"https:\/\/ituprojekti.net\/fi\/#organization","name":"Itu - apua yll\u00e4tysraskaustilanteissa","url":"https:\/\/ituprojekti.net\/fi\/","logo":{"@type":"ImageObject","inLanguage":"fi","@id":"https:\/\/ituprojekti.net\/fi\/#\/schema\/logo\/image\/","url":"https:\/\/ituprojekti.net\/wp-content\/uploads\/2015\/02\/itulogo_pienempi3.png","contentUrl":"https:\/\/ituprojekti.net\/wp-content\/uploads\/2015\/02\/itulogo_pienempi3.png","width":142,"height":53,"caption":"Itu - apua yll\u00e4tysraskaustilanteissa"},"image":{"@id":"https:\/\/ituprojekti.net\/fi\/#\/schema\/logo\/image\/"}}]}},"_links":{"self":[{"href":"https:\/\/ituprojekti.net\/fi\/wp-json\/wp\/v2\/pages\/13","targetHints":{"allow":["GET"]}}],"collection":[{"href":"https:\/\/ituprojekti.net\/fi\/wp-json\/wp\/v2\/pages"}],"about":[{"href":"https:\/\/ituprojekti.net\/fi\/wp-json\/wp\/v2\/types\/page"}],"author":[{"embeddable":true,"href":"https:\/\/ituprojekti.net\/fi\/wp-json\/wp\/v2\/users\/1"}],"replies":[{"embeddable":true,"href":"https:\/\/ituprojekti.net\/fi\/wp-json\/wp\/v2\/comments?post=13"}],"version-history":[{"count":5,"href":"https:\/\/ituprojekti.net\/fi\/wp-json\/wp\/v2\/pages\/13\/revisions"}],"predecessor-version":[{"id":1084,"href":"https:\/\/ituprojekti.net\/fi\/wp-json\/wp\/v2\/pages\/13\/revisions\/1084"}],"wp:attachment":[{"href":"https:\/\/ituprojekti.net\/fi\/wp-json\/wp\/v2\/media?parent=13"}],"curies":[{"name":"wp","href":"https:\/\/api.w.org\/{rel}","templated":true}]}}