{"id":11,"date":"2015-01-19T14:32:50","date_gmt":"2015-01-19T14:32:50","guid":{"rendered":"http:\/\/83.145.194.173\/~itupr719\/?page_id=11"},"modified":"2024-10-23T11:50:53","modified_gmt":"2024-10-23T08:50:53","slug":"yleistieto","status":"publish","type":"page","link":"https:\/\/ituprojekti.net\/fi\/yleistieto\/","title":{"rendered":"Yleistieto"},"content":{"rendered":"<p>Tampereen NNKY:n Ituprojekti auttaa naisia ja tytt\u00f6j\u00e4 yll\u00e4tysraskaustilanteissa ja abortin j\u00e4lkeisiss\u00e4 kriiseiss\u00e4. Tukea tarjotaan my\u00f6s raskauttaan vaikeassa tilanteessa jatkaville. T\u00e4rkeimm\u00e4t ty\u00f6muodot ovat yksil\u00f6tapaamiset, puhelinp\u00e4ivystys sek\u00e4 abortin l\u00e4pik\u00e4yneiden vertaistukiryhm\u00e4t. Lis\u00e4ksi joillakin paikkakunnilla tehd\u00e4\u00e4n \u00e4iti-lapsikahvilaty\u00f6t\u00e4.<\/p>\n<p>Itu-ty\u00f6 alkoi Tampereella vuonna 2004. Vuosina 2006\u20132009 ty\u00f6t\u00e4 tehtiin RAY:n tuella. Itu-ty\u00f6 on vuosien aikana levinnyt useammalle paikkakunnalle. Ty\u00f6ss\u00e4 on muutama ty\u00f6ntekij\u00e4 ja suuri joukko koulutettuja vapaaehtoisia eri paikkakunnilla. T\u00e4ll\u00e4 hetkell\u00e4 ty\u00f6t\u00e4 tehd\u00e4\u00e4n seuraavilla paikkakunnilla: Tampere, p\u00e4\u00e4kaupunkiseutu (Helsinki, Espoo, Vantaa), Kuopio, Oulu, Joensuu, Savonlinna, Turku ja Rovaniemi.<\/p>\n<p>Kaikki Itu-ty\u00f6 on Tampereen NNKY:n alaista, mutta yhteisty\u00f6t\u00e4 on paikallistasolla tehty my\u00f6s Oulun,\u00a0 Keski-Uudenmaan, Kuopion ja Savonlinnan NNKY:n kanssa. Vuodesta 2014 l\u00e4htien ty\u00f6t\u00e4 valtakunnallistettiin RAY:n tuella.<\/p>\n<p>Ituprojektin ty\u00f6 perustuu kristilliseen arvopohjaan ja ihmisk\u00e4sitykseen. Apua tarjotaan kaikille riippumatta ihmisen taustasta ja el\u00e4m\u00e4ntilanteesta. Kunnioitamme jokaisen vapautta tehd\u00e4 oma p\u00e4\u00e4t\u00f6s.<\/p>\n<p>Palvelut ovat ilmaisia ja keskustelut luottamuksellisia.<\/p>\n","protected":false},"excerpt":{"rendered":"<p>Tampereen NNKY:n Ituprojekti auttaa naisia ja tytt\u00f6j\u00e4 yll\u00e4tysraskaustilanteissa ja abortin j\u00e4lkeisiss\u00e4 kriiseiss\u00e4. Tukea tarjotaan my\u00f6s raskauttaan vaikeassa tilanteessa jatkaville. T\u00e4rkeimm\u00e4t ty\u00f6muodot ovat yksil\u00f6tapaamiset, puhelinp\u00e4ivystys sek\u00e4 ab&#8230;<\/p>\n","protected":false},"author":1,"featured_media":0,"parent":0,"menu_order":1,"comment_status":"closed","ping_status":"closed","template":"","meta":{"_bbp_topic_count":0,"_bbp_reply_count":0,"_bbp_total_topic_count":0,"_bbp_total_reply_count":0,"_bbp_voice_count":0,"_bbp_anonymous_reply_count":0,"_bbp_topic_count_hidden":0,"_bbp_reply_count_hidden":0,"_bbp_forum_subforum_count":0,"footnotes":""},"class_list":["post-11","page","type-page","status-publish","hentry"],"yoast_head":"<!-- This site is optimized with the Yoast SEO plugin v24.1 - https:\/\/yoast.com\/wordpress\/plugins\/seo\/ -->\n<title>Yleistieto<\/title>\n<meta name=\"description\" content=\"Tampereen NNKY:n Ituprojekti auttaa naisia ja tytt\u00f6j\u00e4 yll\u00e4tysraskaustilanteissa ja abortin j\u00e4lkeisiss\u00e4 kriiseiss\u00e4.\" \/>\n<meta name=\"robots\" content=\"index, follow, max-snippet:-1, max-image-preview:large, max-video-preview:-1\" \/>\n<link rel=\"canonical\" href=\"https:\/\/ituprojekti.net\/yleistieto\/\" \/>\n<meta property=\"og:locale\" content=\"fi_FI\" \/>\n<meta property=\"og:type\" content=\"article\" \/>\n<meta property=\"og:title\" content=\"Yleistieto\" \/>\n<meta property=\"og:description\" content=\"Tampereen NNKY:n Ituprojekti auttaa naisia ja tytt\u00f6j\u00e4 yll\u00e4tysraskaustilanteissa ja abortin j\u00e4lkeisiss\u00e4 kriiseiss\u00e4.\" \/>\n<meta property=\"og:url\" content=\"https:\/\/ituprojekti.net\/yleistieto\/\" \/>\n<meta property=\"og:site_name\" content=\"Itu - apua yll\u00e4tysraskaustilanteissa\" \/>\n<meta property=\"article:modified_time\" content=\"2024-10-23T08:50:53+00:00\" \/>\n<meta name=\"twitter:label1\" content=\"Arvioitu lukuaika\" \/>\n\t<meta name=\"twitter:data1\" content=\"1 minuutti\" \/>\n<script type=\"application\/ld+json\" class=\"yoast-schema-graph\">{\"@context\":\"https:\/\/schema.org\",\"@graph\":[{\"@type\":\"WebPage\",\"@id\":\"https:\/\/ituprojekti.net\/yleistieto\/\",\"url\":\"https:\/\/ituprojekti.net\/yleistieto\/\",\"name\":\"Yleistieto\",\"isPartOf\":{\"@id\":\"https:\/\/ituprojekti.net\/fi\/#website\"},\"datePublished\":\"2015-01-19T14:32:50+00:00\",\"dateModified\":\"2024-10-23T08:50:53+00:00\",\"description\":\"Tampereen NNKY:n Ituprojekti auttaa naisia ja tytt\u00f6j\u00e4 yll\u00e4tysraskaustilanteissa ja abortin j\u00e4lkeisiss\u00e4 kriiseiss\u00e4.\",\"breadcrumb\":{\"@id\":\"https:\/\/ituprojekti.net\/yleistieto\/#breadcrumb\"},\"inLanguage\":\"fi\",\"potentialAction\":[{\"@type\":\"ReadAction\",\"target\":[\"https:\/\/ituprojekti.net\/yleistieto\/\"]}]},{\"@type\":\"BreadcrumbList\",\"@id\":\"https:\/\/ituprojekti.net\/yleistieto\/#breadcrumb\",\"itemListElement\":[{\"@type\":\"ListItem\",\"position\":1,\"name\":\"Home\",\"item\":\"https:\/\/ituprojekti.net\/\"},{\"@type\":\"ListItem\",\"position\":2,\"name\":\"Yleistieto\"}]},{\"@type\":\"WebSite\",\"@id\":\"https:\/\/ituprojekti.net\/fi\/#website\",\"url\":\"https:\/\/ituprojekti.net\/fi\/\",\"name\":\"Itu - apua yll\u00e4tysraskaustilanteissa\",\"description\":\"Apua yll\u00e4tysraskaustilanteissa ja abortin j\u00e4lkeen. Soita 050 401 5567.\",\"publisher\":{\"@id\":\"https:\/\/ituprojekti.net\/fi\/#organization\"},\"potentialAction\":[{\"@type\":\"SearchAction\",\"target\":{\"@type\":\"EntryPoint\",\"urlTemplate\":\"https:\/\/ituprojekti.net\/fi\/?s={search_term_string}\"},\"query-input\":{\"@type\":\"PropertyValueSpecification\",\"valueRequired\":true,\"valueName\":\"search_term_string\"}}],\"inLanguage\":\"fi\"},{\"@type\":\"Organization\",\"@id\":\"https:\/\/ituprojekti.net\/fi\/#organization\",\"name\":\"Itu - apua yll\u00e4tysraskaustilanteissa\",\"url\":\"https:\/\/ituprojekti.net\/fi\/\",\"logo\":{\"@type\":\"ImageObject\",\"inLanguage\":\"fi\",\"@id\":\"https:\/\/ituprojekti.net\/fi\/#\/schema\/logo\/image\/\",\"url\":\"https:\/\/ituprojekti.net\/wp-content\/uploads\/2015\/02\/itulogo_pienempi3.png\",\"contentUrl\":\"https:\/\/ituprojekti.net\/wp-content\/uploads\/2015\/02\/itulogo_pienempi3.png\",\"width\":142,\"height\":53,\"caption\":\"Itu - apua yll\u00e4tysraskaustilanteissa\"},\"image\":{\"@id\":\"https:\/\/ituprojekti.net\/fi\/#\/schema\/logo\/image\/\"}}]}<\/script>\n<!-- \/ Yoast SEO plugin. -->","yoast_head_json":{"title":"Yleistieto","description":"Tampereen NNKY:n Ituprojekti auttaa naisia ja tytt\u00f6j\u00e4 yll\u00e4tysraskaustilanteissa ja abortin j\u00e4lkeisiss\u00e4 kriiseiss\u00e4.","robots":{"index":"index","follow":"follow","max-snippet":"max-snippet:-1","max-image-preview":"max-image-preview:large","max-video-preview":"max-video-preview:-1"},"canonical":"https:\/\/ituprojekti.net\/yleistieto\/","og_locale":"fi_FI","og_type":"article","og_title":"Yleistieto","og_description":"Tampereen NNKY:n Ituprojekti auttaa naisia ja tytt\u00f6j\u00e4 yll\u00e4tysraskaustilanteissa ja abortin j\u00e4lkeisiss\u00e4 kriiseiss\u00e4.","og_url":"https:\/\/ituprojekti.net\/yleistieto\/","og_site_name":"Itu - apua yll\u00e4tysraskaustilanteissa","article_modified_time":"2024-10-23T08:50:53+00:00","twitter_misc":{"Arvioitu lukuaika":"1 minuutti"},"schema":{"@context":"https:\/\/schema.org","@graph":[{"@type":"WebPage","@id":"https:\/\/ituprojekti.net\/yleistieto\/","url":"https:\/\/ituprojekti.net\/yleistieto\/","name":"Yleistieto","isPartOf":{"@id":"https:\/\/ituprojekti.net\/fi\/#website"},"datePublished":"2015-01-19T14:32:50+00:00","dateModified":"2024-10-23T08:50:53+00:00","description":"Tampereen NNKY:n Ituprojekti auttaa naisia ja tytt\u00f6j\u00e4 yll\u00e4tysraskaustilanteissa ja abortin j\u00e4lkeisiss\u00e4 kriiseiss\u00e4.","breadcrumb":{"@id":"https:\/\/ituprojekti.net\/yleistieto\/#breadcrumb"},"inLanguage":"fi","potentialAction":[{"@type":"ReadAction","target":["https:\/\/ituprojekti.net\/yleistieto\/"]}]},{"@type":"BreadcrumbList","@id":"https:\/\/ituprojekti.net\/yleistieto\/#breadcrumb","itemListElement":[{"@type":"ListItem","position":1,"name":"Home","item":"https:\/\/ituprojekti.net\/"},{"@type":"ListItem","position":2,"name":"Yleistieto"}]},{"@type":"WebSite","@id":"https:\/\/ituprojekti.net\/fi\/#website","url":"https:\/\/ituprojekti.net\/fi\/","name":"Itu - apua yll\u00e4tysraskaustilanteissa","description":"Apua yll\u00e4tysraskaustilanteissa ja abortin j\u00e4lkeen. Soita 050 401 5567.","publisher":{"@id":"https:\/\/ituprojekti.net\/fi\/#organization"},"potentialAction":[{"@type":"SearchAction","target":{"@type":"EntryPoint","urlTemplate":"https:\/\/ituprojekti.net\/fi\/?s={search_term_string}"},"query-input":{"@type":"PropertyValueSpecification","valueRequired":true,"valueName":"search_term_string"}}],"inLanguage":"fi"},{"@type":"Organization","@id":"https:\/\/ituprojekti.net\/fi\/#organization","name":"Itu - apua yll\u00e4tysraskaustilanteissa","url":"https:\/\/ituprojekti.net\/fi\/","logo":{"@type":"ImageObject","inLanguage":"fi","@id":"https:\/\/ituprojekti.net\/fi\/#\/schema\/logo\/image\/","url":"https:\/\/ituprojekti.net\/wp-content\/uploads\/2015\/02\/itulogo_pienempi3.png","contentUrl":"https:\/\/ituprojekti.net\/wp-content\/uploads\/2015\/02\/itulogo_pienempi3.png","width":142,"height":53,"caption":"Itu - apua yll\u00e4tysraskaustilanteissa"},"image":{"@id":"https:\/\/ituprojekti.net\/fi\/#\/schema\/logo\/image\/"}}]}},"_links":{"self":[{"href":"https:\/\/ituprojekti.net\/fi\/wp-json\/wp\/v2\/pages\/11","targetHints":{"allow":["GET"]}}],"collection":[{"href":"https:\/\/ituprojekti.net\/fi\/wp-json\/wp\/v2\/pages"}],"about":[{"href":"https:\/\/ituprojekti.net\/fi\/wp-json\/wp\/v2\/types\/page"}],"author":[{"embeddable":true,"href":"https:\/\/ituprojekti.net\/fi\/wp-json\/wp\/v2\/users\/1"}],"replies":[{"embeddable":true,"href":"https:\/\/ituprojekti.net\/fi\/wp-json\/wp\/v2\/comments?post=11"}],"version-history":[{"count":5,"href":"https:\/\/ituprojekti.net\/fi\/wp-json\/wp\/v2\/pages\/11\/revisions"}],"predecessor-version":[{"id":7118,"href":"https:\/\/ituprojekti.net\/fi\/wp-json\/wp\/v2\/pages\/11\/revisions\/7118"}],"wp:attachment":[{"href":"https:\/\/ituprojekti.net\/fi\/wp-json\/wp\/v2\/media?parent=11"}],"curies":[{"name":"wp","href":"https:\/\/api.w.org\/{rel}","templated":true}]}}