{"id":26,"date":"2015-01-19T15:02:24","date_gmt":"2015-01-19T15:02:24","guid":{"rendered":"http:\/\/83.145.194.173\/~itupr719\/?page_id=26"},"modified":"2025-11-25T13:04:22","modified_gmt":"2025-11-25T11:04:22","slug":"kokemuksia","status":"publish","type":"page","link":"https:\/\/ituprojekti.net\/en_US\/kokemuksia\/","title":{"rendered":"Experiences"},"content":{"rendered":"<p>I had an abortion in my twenties, even though I had always thought that is is wrong. Afterwards I felt a sense of relief, but it turned into anxiety very quickly. In the midst of my surprise pregnancy I was full of fear of future, but later I realized that I could have coped with a child just as anyone else. No one warned me about the pain abortion causes. I felt that I was left alone and no one understood my guilt and self-loathing. I wanted to just forget about the issue, but could not. It affected all areas of my life. After few years I came to Itu-project peer-support weekend, where I was allowed to deal with abortion pain in an understanding environment. I felt that people accepted me and my feelings. It helped a lot. Now I am able to live my life again, which I thought would never happen. Without the peer-support group I would probably not be this well.<\/p>\n<p>Woman 26<\/p>\n<p>&nbsp;<\/p>\n<p>I found out I was pregnant in situation far from perfect. My relationship was new and I have history with mental illness. I also work in a field of art where the economic expectations are not good. Still I knew from the beginning that I would keep my child. That is because I have gone through an abortion before. I thought then that this was the best decision for me and my child. However the abortion did not make the pregnancy non-existent. I had to go through loss, self-accusations, and thoughts of \u201cwhat if\u201d. This was very wearing, but I could not make it stop without professional help. When I made my decision about terminating my pregnancy I thought that I would be able to continue normal life after the termination, but I was wrong. It took me two years of my life to process the issue, of which I spent half a year out of work. After abortion I fell in to a severe depression, which momentarily worsened in to a psychosis. In the hospital one psychiatric nurse told me that \u201call women regret their abortion at some point\u201d. I did not laugh. I got my life back in order with the help of Finnish health care and Itu-project staff. During this new pregnancy I have noticed that pregnancy changes thoughts and how I experience life. It has given me drive to deal with the sometimes chaotic situations in life. Finnish society also helps expecting women a lot. For me it is absolutely best option to continue with my pregnancy. I also think that if I begin to wait for perfect environment to have a child I cannot do it before I am 45 and then it might be too late.<\/p>\n<p>Woman 32<\/p>\n","protected":false},"excerpt":{"rendered":"<p>I had an abortion in my twenties, even though I had always thought that is is wrong. Afterwards I felt a sense of relief, but it turned into anxiety very quickly. In the midst of my surprise pregnancy I was full of fear of future, but later I realize&#8230;<\/p>\n","protected":false},"author":1,"featured_media":0,"parent":0,"menu_order":5,"comment_status":"closed","ping_status":"closed","template":"","meta":{"_bbp_topic_count":0,"_bbp_reply_count":0,"_bbp_total_topic_count":0,"_bbp_total_reply_count":0,"_bbp_voice_count":0,"_bbp_anonymous_reply_count":0,"_bbp_topic_count_hidden":0,"_bbp_reply_count_hidden":0,"_bbp_forum_subforum_count":0,"footnotes":""},"class_list":["post-26","page","type-page","status-publish","hentry"],"yoast_head":"<!-- This site is optimized with the Yoast SEO plugin v24.1 - https:\/\/yoast.com\/wordpress\/plugins\/seo\/ -->\n<title>Kokemuksia<\/title>\n<meta name=\"description\" content=\"Tampereen NNKY:n Ituprojekti auttaa naisia ja tytt\u00f6j\u00e4 yll\u00e4tysraskaustilanteissa ja abortin j\u00e4lkeisiss\u00e4 kriiseiss\u00e4\" \/>\n<meta name=\"robots\" content=\"index, follow, max-snippet:-1, max-image-preview:large, max-video-preview:-1\" \/>\n<link rel=\"canonical\" href=\"https:\/\/ituprojekti.net\/kokemuksia\/\" \/>\n<meta property=\"og:locale\" content=\"fi_FI\" \/>\n<meta property=\"og:type\" content=\"article\" \/>\n<meta property=\"og:title\" content=\"Kokemuksia\" \/>\n<meta property=\"og:description\" content=\"Tampereen NNKY:n Ituprojekti auttaa naisia ja tytt\u00f6j\u00e4 yll\u00e4tysraskaustilanteissa ja abortin j\u00e4lkeisiss\u00e4 kriiseiss\u00e4\" \/>\n<meta property=\"og:url\" content=\"https:\/\/ituprojekti.net\/kokemuksia\/\" \/>\n<meta property=\"og:site_name\" content=\"Itu - apua yll\u00e4tysraskaustilanteissa\" \/>\n<meta property=\"article:modified_time\" content=\"2025-11-25T11:04:22+00:00\" \/>\n<meta name=\"twitter:label1\" content=\"Arvioitu lukuaika\" \/>\n\t<meta name=\"twitter:data1\" content=\"13 minuuttia\" \/>\n<script type=\"application\/ld+json\" class=\"yoast-schema-graph\">{\"@context\":\"https:\/\/schema.org\",\"@graph\":[{\"@type\":\"WebPage\",\"@id\":\"https:\/\/ituprojekti.net\/kokemuksia\/\",\"url\":\"https:\/\/ituprojekti.net\/kokemuksia\/\",\"name\":\"Kokemuksia\",\"isPartOf\":{\"@id\":\"https:\/\/ituprojekti.net\/fi\/#website\"},\"datePublished\":\"2015-01-19T15:02:24+00:00\",\"dateModified\":\"2025-11-25T11:04:22+00:00\",\"description\":\"Tampereen NNKY:n Ituprojekti auttaa naisia ja tytt\u00f6j\u00e4 yll\u00e4tysraskaustilanteissa ja abortin j\u00e4lkeisiss\u00e4 kriiseiss\u00e4\",\"breadcrumb\":{\"@id\":\"https:\/\/ituprojekti.net\/kokemuksia\/#breadcrumb\"},\"inLanguage\":\"fi\",\"potentialAction\":[{\"@type\":\"ReadAction\",\"target\":[\"https:\/\/ituprojekti.net\/kokemuksia\/\"]}]},{\"@type\":\"BreadcrumbList\",\"@id\":\"https:\/\/ituprojekti.net\/kokemuksia\/#breadcrumb\",\"itemListElement\":[{\"@type\":\"ListItem\",\"position\":1,\"name\":\"Home\",\"item\":\"https:\/\/ituprojekti.net\/\"},{\"@type\":\"ListItem\",\"position\":2,\"name\":\"Kokemuksia\"}]},{\"@type\":\"WebSite\",\"@id\":\"https:\/\/ituprojekti.net\/fi\/#website\",\"url\":\"https:\/\/ituprojekti.net\/fi\/\",\"name\":\"Itu - apua yll\u00e4tysraskaustilanteissa\",\"description\":\"Apua yll\u00e4tysraskaustilanteissa ja abortin j\u00e4lkeen. Soita 050 401 5567.\",\"publisher\":{\"@id\":\"https:\/\/ituprojekti.net\/fi\/#organization\"},\"potentialAction\":[{\"@type\":\"SearchAction\",\"target\":{\"@type\":\"EntryPoint\",\"urlTemplate\":\"https:\/\/ituprojekti.net\/fi\/?s={search_term_string}\"},\"query-input\":{\"@type\":\"PropertyValueSpecification\",\"valueRequired\":true,\"valueName\":\"search_term_string\"}}],\"inLanguage\":\"fi\"},{\"@type\":\"Organization\",\"@id\":\"https:\/\/ituprojekti.net\/fi\/#organization\",\"name\":\"Itu - apua yll\u00e4tysraskaustilanteissa\",\"url\":\"https:\/\/ituprojekti.net\/fi\/\",\"logo\":{\"@type\":\"ImageObject\",\"inLanguage\":\"fi\",\"@id\":\"https:\/\/ituprojekti.net\/fi\/#\/schema\/logo\/image\/\",\"url\":\"https:\/\/ituprojekti.net\/wp-content\/uploads\/2015\/02\/itulogo_pienempi3.png\",\"contentUrl\":\"https:\/\/ituprojekti.net\/wp-content\/uploads\/2015\/02\/itulogo_pienempi3.png\",\"width\":142,\"height\":53,\"caption\":\"Itu - apua yll\u00e4tysraskaustilanteissa\"},\"image\":{\"@id\":\"https:\/\/ituprojekti.net\/fi\/#\/schema\/logo\/image\/\"}}]}<\/script>\n<!-- \/ Yoast SEO plugin. -->","yoast_head_json":{"title":"Kokemuksia","description":"Tampereen NNKY:n Ituprojekti auttaa naisia ja tytt\u00f6j\u00e4 yll\u00e4tysraskaustilanteissa ja abortin j\u00e4lkeisiss\u00e4 kriiseiss\u00e4","robots":{"index":"index","follow":"follow","max-snippet":"max-snippet:-1","max-image-preview":"max-image-preview:large","max-video-preview":"max-video-preview:-1"},"canonical":"https:\/\/ituprojekti.net\/kokemuksia\/","og_locale":"fi_FI","og_type":"article","og_title":"Kokemuksia","og_description":"Tampereen NNKY:n Ituprojekti auttaa naisia ja tytt\u00f6j\u00e4 yll\u00e4tysraskaustilanteissa ja abortin j\u00e4lkeisiss\u00e4 kriiseiss\u00e4","og_url":"https:\/\/ituprojekti.net\/kokemuksia\/","og_site_name":"Itu - apua yll\u00e4tysraskaustilanteissa","article_modified_time":"2025-11-25T11:04:22+00:00","twitter_misc":{"Arvioitu lukuaika":"13 minuuttia"},"schema":{"@context":"https:\/\/schema.org","@graph":[{"@type":"WebPage","@id":"https:\/\/ituprojekti.net\/kokemuksia\/","url":"https:\/\/ituprojekti.net\/kokemuksia\/","name":"Kokemuksia","isPartOf":{"@id":"https:\/\/ituprojekti.net\/fi\/#website"},"datePublished":"2015-01-19T15:02:24+00:00","dateModified":"2025-11-25T11:04:22+00:00","description":"Tampereen NNKY:n Ituprojekti auttaa naisia ja tytt\u00f6j\u00e4 yll\u00e4tysraskaustilanteissa ja abortin j\u00e4lkeisiss\u00e4 kriiseiss\u00e4","breadcrumb":{"@id":"https:\/\/ituprojekti.net\/kokemuksia\/#breadcrumb"},"inLanguage":"fi","potentialAction":[{"@type":"ReadAction","target":["https:\/\/ituprojekti.net\/kokemuksia\/"]}]},{"@type":"BreadcrumbList","@id":"https:\/\/ituprojekti.net\/kokemuksia\/#breadcrumb","itemListElement":[{"@type":"ListItem","position":1,"name":"Home","item":"https:\/\/ituprojekti.net\/"},{"@type":"ListItem","position":2,"name":"Kokemuksia"}]},{"@type":"WebSite","@id":"https:\/\/ituprojekti.net\/fi\/#website","url":"https:\/\/ituprojekti.net\/fi\/","name":"Itu - apua yll\u00e4tysraskaustilanteissa","description":"Apua yll\u00e4tysraskaustilanteissa ja abortin j\u00e4lkeen. Soita 050 401 5567.","publisher":{"@id":"https:\/\/ituprojekti.net\/fi\/#organization"},"potentialAction":[{"@type":"SearchAction","target":{"@type":"EntryPoint","urlTemplate":"https:\/\/ituprojekti.net\/fi\/?s={search_term_string}"},"query-input":{"@type":"PropertyValueSpecification","valueRequired":true,"valueName":"search_term_string"}}],"inLanguage":"fi"},{"@type":"Organization","@id":"https:\/\/ituprojekti.net\/fi\/#organization","name":"Itu - apua yll\u00e4tysraskaustilanteissa","url":"https:\/\/ituprojekti.net\/fi\/","logo":{"@type":"ImageObject","inLanguage":"fi","@id":"https:\/\/ituprojekti.net\/fi\/#\/schema\/logo\/image\/","url":"https:\/\/ituprojekti.net\/wp-content\/uploads\/2015\/02\/itulogo_pienempi3.png","contentUrl":"https:\/\/ituprojekti.net\/wp-content\/uploads\/2015\/02\/itulogo_pienempi3.png","width":142,"height":53,"caption":"Itu - apua yll\u00e4tysraskaustilanteissa"},"image":{"@id":"https:\/\/ituprojekti.net\/fi\/#\/schema\/logo\/image\/"}}]}},"_links":{"self":[{"href":"https:\/\/ituprojekti.net\/en_US\/wp-json\/wp\/v2\/pages\/26","targetHints":{"allow":["GET"]}}],"collection":[{"href":"https:\/\/ituprojekti.net\/en_US\/wp-json\/wp\/v2\/pages"}],"about":[{"href":"https:\/\/ituprojekti.net\/en_US\/wp-json\/wp\/v2\/types\/page"}],"author":[{"embeddable":true,"href":"https:\/\/ituprojekti.net\/en_US\/wp-json\/wp\/v2\/users\/1"}],"replies":[{"embeddable":true,"href":"https:\/\/ituprojekti.net\/en_US\/wp-json\/wp\/v2\/comments?post=26"}],"version-history":[{"count":8,"href":"https:\/\/ituprojekti.net\/en_US\/wp-json\/wp\/v2\/pages\/26\/revisions"}],"predecessor-version":[{"id":8580,"href":"https:\/\/ituprojekti.net\/en_US\/wp-json\/wp\/v2\/pages\/26\/revisions\/8580"}],"wp:attachment":[{"href":"https:\/\/ituprojekti.net\/en_US\/wp-json\/wp\/v2\/media?parent=26"}],"curies":[{"name":"wp","href":"https:\/\/api.w.org\/{rel}","templated":true}]}}