{"id":24,"date":"2015-01-19T14:53:49","date_gmt":"2015-01-19T14:53:49","guid":{"rendered":"http:\/\/83.145.194.173\/~itupr719\/?page_id=24"},"modified":"2025-11-19T19:44:39","modified_gmt":"2025-11-19T17:44:39","slug":"aiti-lapsityo","status":"publish","type":"page","link":"https:\/\/ituprojekti.net\/en_US\/aiti-lapsityo\/","title":{"rendered":"Mother-child work"},"content":{"rendered":"<p>Itu-project has mother-child cafes in Tampere, Espoo and Savonlinna.<\/p>\n<p>&nbsp;<\/p>\n<p><strong>TAMPERE<\/strong><\/p>\n<p>Mother-child activities in YWCA (NNKY) facilities . Address: H\u00e4meenpuisto 14 F, Siskonlikka<\/p>\n<p>Open caf\u00e9 for single mothers Thursdays 10am-13pm.<\/p>\n<p>Mother-child group mondays 10\u201312am<\/p>\n<p>Masu-caf\u00e9 for expecting mothers tuesdays 11am \u2013 13pm<\/p>\n<p>Young mothers-group for mothers under 20. fridays 11am\u201313pm<\/p>\n<p>More information Outi Papunen, p. 040 832 9001.<\/p>\n<p>&nbsp;<\/p>\n<p><strong>ESPOO<\/strong><\/p>\n<p>Cafe for single mothers tuesdays 10-11.30 am. Address: Albergan Kartano, Sokerilinnantie 7 D,<\/p>\n<p>More information Johanna Parkkinen 040 5188 783<\/p>\n<p>&nbsp;<\/p>\n<p><strong>SAVONLINNA<\/strong><\/p>\n<p>Masu-cafe for expecting women tuesdays at 5-7pm. Linnankatu 22 A<\/p>\n<p>&nbsp;<\/p>\n<p><strong>\u00a0<\/strong><\/p>\n","protected":false},"excerpt":{"rendered":"<p>Itu-project has mother-child cafes in Tampere, Espoo and Savonlinna.<\/p>\n<p>&nbsp;<\/p>\n<p><strong>TAMPERE<\/strong><\/p>\n<p>Mother-child activities in YWCA (NNKY) facilities . Address: H\u00e4meenpuisto 14 F, Siskonlikka<\/p>\n<p>Open caf\u00e9 for single mothers Thursdays 10am-1&#8230;<\/p>\n","protected":false},"author":1,"featured_media":0,"parent":0,"menu_order":4,"comment_status":"closed","ping_status":"closed","template":"","meta":{"_bbp_topic_count":0,"_bbp_reply_count":0,"_bbp_total_topic_count":0,"_bbp_total_reply_count":0,"_bbp_voice_count":0,"_bbp_anonymous_reply_count":0,"_bbp_topic_count_hidden":0,"_bbp_reply_count_hidden":0,"_bbp_forum_subforum_count":0,"footnotes":""},"class_list":["post-24","page","type-page","status-publish","hentry"],"yoast_head":"<!-- This site is optimized with the Yoast SEO plugin v24.1 - https:\/\/yoast.com\/wordpress\/plugins\/seo\/ -->\n<title>\u00c4iti-lapsity\u00f6<\/title>\n<meta name=\"description\" content=\"Itu-projektilla on t\u00e4ll\u00e4 hetkell\u00e4 \u00e4iti-lapsikahvilatoimintaa eri kaupungeissa\" \/>\n<meta name=\"robots\" content=\"index, follow, max-snippet:-1, max-image-preview:large, max-video-preview:-1\" \/>\n<link rel=\"canonical\" href=\"https:\/\/ituprojekti.net\/aiti-lapsityo\/\" \/>\n<meta property=\"og:locale\" content=\"fi_FI\" \/>\n<meta property=\"og:type\" content=\"article\" \/>\n<meta property=\"og:title\" content=\"\u00c4iti-lapsity\u00f6\" \/>\n<meta property=\"og:description\" content=\"Itu-projektilla on t\u00e4ll\u00e4 hetkell\u00e4 \u00e4iti-lapsikahvilatoimintaa eri kaupungeissa\" \/>\n<meta property=\"og:url\" content=\"https:\/\/ituprojekti.net\/aiti-lapsityo\/\" \/>\n<meta property=\"og:site_name\" content=\"Itu - apua yll\u00e4tysraskaustilanteissa\" \/>\n<meta property=\"article:modified_time\" content=\"2025-11-19T17:44:39+00:00\" \/>\n<meta name=\"twitter:label1\" content=\"Arvioitu lukuaika\" \/>\n\t<meta name=\"twitter:data1\" content=\"2 minuuttia\" \/>\n<script type=\"application\/ld+json\" class=\"yoast-schema-graph\">{\"@context\":\"https:\/\/schema.org\",\"@graph\":[{\"@type\":\"WebPage\",\"@id\":\"https:\/\/ituprojekti.net\/aiti-lapsityo\/\",\"url\":\"https:\/\/ituprojekti.net\/aiti-lapsityo\/\",\"name\":\"\u00c4iti-lapsity\u00f6\",\"isPartOf\":{\"@id\":\"https:\/\/ituprojekti.net\/fi\/#website\"},\"datePublished\":\"2015-01-19T14:53:49+00:00\",\"dateModified\":\"2025-11-19T17:44:39+00:00\",\"description\":\"Itu-projektilla on t\u00e4ll\u00e4 hetkell\u00e4 \u00e4iti-lapsikahvilatoimintaa eri kaupungeissa\",\"breadcrumb\":{\"@id\":\"https:\/\/ituprojekti.net\/aiti-lapsityo\/#breadcrumb\"},\"inLanguage\":\"fi\",\"potentialAction\":[{\"@type\":\"ReadAction\",\"target\":[\"https:\/\/ituprojekti.net\/aiti-lapsityo\/\"]}]},{\"@type\":\"BreadcrumbList\",\"@id\":\"https:\/\/ituprojekti.net\/aiti-lapsityo\/#breadcrumb\",\"itemListElement\":[{\"@type\":\"ListItem\",\"position\":1,\"name\":\"Home\",\"item\":\"https:\/\/ituprojekti.net\/\"},{\"@type\":\"ListItem\",\"position\":2,\"name\":\"\u00c4iti-lapsity\u00f6\"}]},{\"@type\":\"WebSite\",\"@id\":\"https:\/\/ituprojekti.net\/fi\/#website\",\"url\":\"https:\/\/ituprojekti.net\/fi\/\",\"name\":\"Itu - apua yll\u00e4tysraskaustilanteissa\",\"description\":\"Apua yll\u00e4tysraskaustilanteissa ja abortin j\u00e4lkeen. Soita 050 401 5567.\",\"publisher\":{\"@id\":\"https:\/\/ituprojekti.net\/fi\/#organization\"},\"potentialAction\":[{\"@type\":\"SearchAction\",\"target\":{\"@type\":\"EntryPoint\",\"urlTemplate\":\"https:\/\/ituprojekti.net\/fi\/?s={search_term_string}\"},\"query-input\":{\"@type\":\"PropertyValueSpecification\",\"valueRequired\":true,\"valueName\":\"search_term_string\"}}],\"inLanguage\":\"fi\"},{\"@type\":\"Organization\",\"@id\":\"https:\/\/ituprojekti.net\/fi\/#organization\",\"name\":\"Itu - apua yll\u00e4tysraskaustilanteissa\",\"url\":\"https:\/\/ituprojekti.net\/fi\/\",\"logo\":{\"@type\":\"ImageObject\",\"inLanguage\":\"fi\",\"@id\":\"https:\/\/ituprojekti.net\/fi\/#\/schema\/logo\/image\/\",\"url\":\"https:\/\/ituprojekti.net\/wp-content\/uploads\/2015\/02\/itulogo_pienempi3.png\",\"contentUrl\":\"https:\/\/ituprojekti.net\/wp-content\/uploads\/2015\/02\/itulogo_pienempi3.png\",\"width\":142,\"height\":53,\"caption\":\"Itu - apua yll\u00e4tysraskaustilanteissa\"},\"image\":{\"@id\":\"https:\/\/ituprojekti.net\/fi\/#\/schema\/logo\/image\/\"}}]}<\/script>\n<!-- \/ Yoast SEO plugin. -->","yoast_head_json":{"title":"\u00c4iti-lapsity\u00f6","description":"Itu-projektilla on t\u00e4ll\u00e4 hetkell\u00e4 \u00e4iti-lapsikahvilatoimintaa eri kaupungeissa","robots":{"index":"index","follow":"follow","max-snippet":"max-snippet:-1","max-image-preview":"max-image-preview:large","max-video-preview":"max-video-preview:-1"},"canonical":"https:\/\/ituprojekti.net\/aiti-lapsityo\/","og_locale":"fi_FI","og_type":"article","og_title":"\u00c4iti-lapsity\u00f6","og_description":"Itu-projektilla on t\u00e4ll\u00e4 hetkell\u00e4 \u00e4iti-lapsikahvilatoimintaa eri kaupungeissa","og_url":"https:\/\/ituprojekti.net\/aiti-lapsityo\/","og_site_name":"Itu - apua yll\u00e4tysraskaustilanteissa","article_modified_time":"2025-11-19T17:44:39+00:00","twitter_misc":{"Arvioitu lukuaika":"2 minuuttia"},"schema":{"@context":"https:\/\/schema.org","@graph":[{"@type":"WebPage","@id":"https:\/\/ituprojekti.net\/aiti-lapsityo\/","url":"https:\/\/ituprojekti.net\/aiti-lapsityo\/","name":"\u00c4iti-lapsity\u00f6","isPartOf":{"@id":"https:\/\/ituprojekti.net\/fi\/#website"},"datePublished":"2015-01-19T14:53:49+00:00","dateModified":"2025-11-19T17:44:39+00:00","description":"Itu-projektilla on t\u00e4ll\u00e4 hetkell\u00e4 \u00e4iti-lapsikahvilatoimintaa eri kaupungeissa","breadcrumb":{"@id":"https:\/\/ituprojekti.net\/aiti-lapsityo\/#breadcrumb"},"inLanguage":"fi","potentialAction":[{"@type":"ReadAction","target":["https:\/\/ituprojekti.net\/aiti-lapsityo\/"]}]},{"@type":"BreadcrumbList","@id":"https:\/\/ituprojekti.net\/aiti-lapsityo\/#breadcrumb","itemListElement":[{"@type":"ListItem","position":1,"name":"Home","item":"https:\/\/ituprojekti.net\/"},{"@type":"ListItem","position":2,"name":"\u00c4iti-lapsity\u00f6"}]},{"@type":"WebSite","@id":"https:\/\/ituprojekti.net\/fi\/#website","url":"https:\/\/ituprojekti.net\/fi\/","name":"Itu - apua yll\u00e4tysraskaustilanteissa","description":"Apua yll\u00e4tysraskaustilanteissa ja abortin j\u00e4lkeen. Soita 050 401 5567.","publisher":{"@id":"https:\/\/ituprojekti.net\/fi\/#organization"},"potentialAction":[{"@type":"SearchAction","target":{"@type":"EntryPoint","urlTemplate":"https:\/\/ituprojekti.net\/fi\/?s={search_term_string}"},"query-input":{"@type":"PropertyValueSpecification","valueRequired":true,"valueName":"search_term_string"}}],"inLanguage":"fi"},{"@type":"Organization","@id":"https:\/\/ituprojekti.net\/fi\/#organization","name":"Itu - apua yll\u00e4tysraskaustilanteissa","url":"https:\/\/ituprojekti.net\/fi\/","logo":{"@type":"ImageObject","inLanguage":"fi","@id":"https:\/\/ituprojekti.net\/fi\/#\/schema\/logo\/image\/","url":"https:\/\/ituprojekti.net\/wp-content\/uploads\/2015\/02\/itulogo_pienempi3.png","contentUrl":"https:\/\/ituprojekti.net\/wp-content\/uploads\/2015\/02\/itulogo_pienempi3.png","width":142,"height":53,"caption":"Itu - apua yll\u00e4tysraskaustilanteissa"},"image":{"@id":"https:\/\/ituprojekti.net\/fi\/#\/schema\/logo\/image\/"}}]}},"_links":{"self":[{"href":"https:\/\/ituprojekti.net\/en_US\/wp-json\/wp\/v2\/pages\/24","targetHints":{"allow":["GET"]}}],"collection":[{"href":"https:\/\/ituprojekti.net\/en_US\/wp-json\/wp\/v2\/pages"}],"about":[{"href":"https:\/\/ituprojekti.net\/en_US\/wp-json\/wp\/v2\/types\/page"}],"author":[{"embeddable":true,"href":"https:\/\/ituprojekti.net\/en_US\/wp-json\/wp\/v2\/users\/1"}],"replies":[{"embeddable":true,"href":"https:\/\/ituprojekti.net\/en_US\/wp-json\/wp\/v2\/comments?post=24"}],"version-history":[{"count":10,"href":"https:\/\/ituprojekti.net\/en_US\/wp-json\/wp\/v2\/pages\/24\/revisions"}],"predecessor-version":[{"id":8577,"href":"https:\/\/ituprojekti.net\/en_US\/wp-json\/wp\/v2\/pages\/24\/revisions\/8577"}],"wp:attachment":[{"href":"https:\/\/ituprojekti.net\/en_US\/wp-json\/wp\/v2\/media?parent=24"}],"curies":[{"name":"wp","href":"https:\/\/api.w.org\/{rel}","templated":true}]}}