{"id":22,"date":"2015-01-19T14:51:23","date_gmt":"2015-01-19T14:51:23","guid":{"rendered":"http:\/\/83.145.194.173\/~itupr719\/?page_id=22"},"modified":"2025-10-29T13:59:54","modified_gmt":"2025-10-29T11:59:54","slug":"apua-abortin-jalkeen","status":"publish","type":"page","link":"https:\/\/ituprojekti.net\/en_US\/apua-abortin-jalkeen\/","title":{"rendered":"Help after an abortion"},"content":{"rendered":"<p>After an abortion it is important to have someone to talk to about your experience and feelings. You have been through a loss and are allowed to grieve it. Abortion often raises mixed thoughts and feelings and dealing with them can feel scary. Suppressing feelings does not help, but can even make things worse. Difficult experience that is not dealt with can affect our lives for a long time. It is important to deal with feelings so that they won\u2019t turn inwards and cause self-hatred or self-destruction. Many women who have gone through an abortion feel that no one else can understand their experience and isolate themselves. Grievance after abortion is similar to grieve after a miscarriage. Both of these situations mean that the bond that has been developed between a mother and a child during the first weeks of pregnancy is suddenly terminated. However in the case of abortion there is often guilt that is more difficult to handle. It is common to have feelings of relief right after the procedure, but sometimes difficult emotions arise after a while. It might feel difficult to face what has happened. Many women are in denial about their feelings. The denial might last from few hours to decades. Women react to abortion in various ways. Many feel anxiety and anger. Sometimes these feelings can be very deep and difficult to handle. It is important to express anger and other feelings and not suppress them. Suppressing can lead to psychosomatic symptoms and depression. Guilt, shame and self-pity are also common feelings that arise after an abortion. Forgiving self and others and receiving forgiveness are few of the most important steps in the healing process. Ituproject offers free counseling for women who suffer the aftermath of an abortion. We also have abortion recovery Journey-groups. You can contact us even if your abortion happened a long time ago. Send a message to 040 832 9001 or send an email to <a href=\"mailto:itu@ituprojekti.fi\">itu@ituprojekti.fi<\/a> If you are in Helsinki area, send a message to 040 5188 783 or an email to <a href=\"mailto:ituhelsinki@tnnky.fi\">ituhelsinki@tnnky.fi<\/a><\/p>\n<p><a href=\"http:\/\/ituprojekti.net\/wp-content\/uploads\/2015\/01\/Postabortionstressyndrome.pdf\">Postabortionstressyndrome<\/a>\u00a0pdf<\/p>\n<p><strong>Journey group<\/strong><\/p>\n<p>Journey is a small weekly support group that gathers nine times. In the group abortion can be talked through with others who have gone through the same experience. Group has two leaders. The aim is to offer a safe environment where women are allowed to share their experience, feelings and thoughts without the fear of condemnation. Journey-group has ten steps:<\/p>\n<ol>\n<li>Seeking help<\/li>\n<\/ol>\n<p>Seeking help is the first step on the road to recovery It takes courage because the issues at hand are very personal sensitive. First step is one-to-one meeting with group leader.<\/p>\n<ol start=\"2\">\n<li>Sharing your story<\/li>\n<\/ol>\n<p>This is the first session with the whole group. Process begins when woman opens up and tells her story. Not just facts and circumstances, but her true thoughts and feelings.<\/p>\n<ol start=\"3\">\n<li>Coming out of denial<\/li>\n<\/ol>\n<p>Coming out of denial means that we face the fact that abortion did not happen without consequences. In this step women face their feelings more deeply and go through all the effects of abortion.<\/p>\n<ol start=\"4\">\n<li>Anger and depression<\/li>\n<\/ol>\n<p>After coming out of denial the first feeling is often anger. It is important to deal with anger as it can suppress other feelings. Suppressed anger can turn in to depression or strong self-hatred.<\/p>\n<ol start=\"5\">\n<li>Guilt and shame<\/li>\n<\/ol>\n<p>Guilt and shame are feelings that women with post abortion stress disorder often feel at the same time and it can be difficult to separate them from each other. Guilt is a healthy emotion that arises after specific thoughts or deeds. Shame is often a very negative emotion that leads to a strong feeling of unworthiness. Many women feel guilt after an abortion but don\u2019t know why. After all they have made a perfectly logical decision.<\/p>\n<ol start=\"6\">\n<li>Grief<\/li>\n<\/ol>\n<p>Grieving the lost child is an important step in the healing process after an abortion. It is important to be able to express deep emotions. After grieving it is easier to accept what has happened.<\/p>\n<ol start=\"7\">\n<li>Taking responsibility<\/li>\n<\/ol>\n<p>Accountability means taking responsibility for our own words and deeds. We also learn to admit our mistakes and errs. It is important to separate our own responsibilities from those of others.<\/p>\n<ol start=\"8\">\n<li>Forgiveness<\/li>\n<\/ol>\n<p>After facing her own responsibility a woman may feel that she is carrying a burden. Forgiving self and others is a very important step in the healing process. It is usually hardest to forgive ourselves. It takes courage to accept forgiveness and stop condemning ourselves. Many times this step also raises up spiritual questions. Many women feel that the good news of God\u2019s forgiveness gives them peace.<\/p>\n<ol start=\"9\">\n<li>Acceptance and letting go<\/li>\n<\/ol>\n<p>Receiving forgiveness and forgiving self and others makes it easier to accept what has happened and let go. This is not passive but an active process where we let go of our past. For some of us this is a major shift in our attitude towards ourselves and life, but for some it takes more time.<\/p>\n<ol start=\"10\">\n<li>Going forward<\/li>\n<\/ol>\n<p>In our last Journey-meeting we usually have a little memorial. It is a concrete ending for the process. It helps us to think forward and let go of the past.<\/p>\n","protected":false},"excerpt":{"rendered":"<p>After an abortion it is important to have someone to talk to about your experience and feelings. You have been through a loss and are allowed to grieve it. Abortion often raises mixed thoughts and feelings and dealing with them can feel scary. Suppre&#8230;<\/p>\n","protected":false},"author":1,"featured_media":0,"parent":0,"menu_order":3,"comment_status":"closed","ping_status":"closed","template":"","meta":{"_bbp_topic_count":0,"_bbp_reply_count":0,"_bbp_total_topic_count":0,"_bbp_total_reply_count":0,"_bbp_voice_count":0,"_bbp_anonymous_reply_count":0,"_bbp_topic_count_hidden":0,"_bbp_reply_count_hidden":0,"_bbp_forum_subforum_count":0,"footnotes":""},"class_list":["post-22","page","type-page","status-publish","hentry"],"yoast_head":"<!-- This site is optimized with the Yoast SEO plugin v24.1 - https:\/\/yoast.com\/wordpress\/plugins\/seo\/ -->\n<title>Apua abortin j\u00e4lkeen<\/title>\n<meta name=\"description\" content=\"Abortin j\u00e4lkeen olisi t\u00e4rke\u00e4 keskustella kokemuksestasi ja niist\u00e4 tunteista, mit\u00e4 se on sinussa her\u00e4tt\u00e4nyt.\u2028Olet kokenut menetyksen ja sit\u00e4 on luvallista surra.\" \/>\n<meta name=\"robots\" content=\"index, follow, max-snippet:-1, max-image-preview:large, max-video-preview:-1\" \/>\n<link rel=\"canonical\" href=\"https:\/\/ituprojekti.net\/apua-abortin-jalkeen\/\" \/>\n<meta property=\"og:locale\" content=\"fi_FI\" \/>\n<meta property=\"og:type\" content=\"article\" \/>\n<meta property=\"og:title\" content=\"Apua abortin j\u00e4lkeen\" \/>\n<meta property=\"og:description\" content=\"Abortin j\u00e4lkeen olisi t\u00e4rke\u00e4 keskustella kokemuksestasi ja niist\u00e4 tunteista, mit\u00e4 se on sinussa her\u00e4tt\u00e4nyt.\u2028Olet kokenut menetyksen ja sit\u00e4 on luvallista surra.\" \/>\n<meta property=\"og:url\" content=\"https:\/\/ituprojekti.net\/apua-abortin-jalkeen\/\" \/>\n<meta property=\"og:site_name\" content=\"Itu - apua yll\u00e4tysraskaustilanteissa\" \/>\n<meta property=\"article:modified_time\" content=\"2025-10-29T11:59:54+00:00\" \/>\n<meta name=\"twitter:label1\" content=\"Arvioitu lukuaika\" \/>\n\t<meta name=\"twitter:data1\" content=\"5 minuuttia\" \/>\n<script type=\"application\/ld+json\" class=\"yoast-schema-graph\">{\"@context\":\"https:\/\/schema.org\",\"@graph\":[{\"@type\":\"WebPage\",\"@id\":\"https:\/\/ituprojekti.net\/apua-abortin-jalkeen\/\",\"url\":\"https:\/\/ituprojekti.net\/apua-abortin-jalkeen\/\",\"name\":\"Apua abortin j\u00e4lkeen\",\"isPartOf\":{\"@id\":\"https:\/\/ituprojekti.net\/fi\/#website\"},\"datePublished\":\"2015-01-19T14:51:23+00:00\",\"dateModified\":\"2025-10-29T11:59:54+00:00\",\"description\":\"Abortin j\u00e4lkeen olisi t\u00e4rke\u00e4 keskustella kokemuksestasi ja niist\u00e4 tunteista, mit\u00e4 se on sinussa her\u00e4tt\u00e4nyt.\\u2028Olet kokenut menetyksen ja sit\u00e4 on luvallista surra.\",\"breadcrumb\":{\"@id\":\"https:\/\/ituprojekti.net\/apua-abortin-jalkeen\/#breadcrumb\"},\"inLanguage\":\"fi\",\"potentialAction\":[{\"@type\":\"ReadAction\",\"target\":[\"https:\/\/ituprojekti.net\/apua-abortin-jalkeen\/\"]}]},{\"@type\":\"BreadcrumbList\",\"@id\":\"https:\/\/ituprojekti.net\/apua-abortin-jalkeen\/#breadcrumb\",\"itemListElement\":[{\"@type\":\"ListItem\",\"position\":1,\"name\":\"Home\",\"item\":\"https:\/\/ituprojekti.net\/\"},{\"@type\":\"ListItem\",\"position\":2,\"name\":\"Apua abortin j\u00e4lkeen\"}]},{\"@type\":\"WebSite\",\"@id\":\"https:\/\/ituprojekti.net\/fi\/#website\",\"url\":\"https:\/\/ituprojekti.net\/fi\/\",\"name\":\"Itu - apua yll\u00e4tysraskaustilanteissa\",\"description\":\"Apua yll\u00e4tysraskaustilanteissa ja abortin j\u00e4lkeen. Soita 050 401 5567.\",\"publisher\":{\"@id\":\"https:\/\/ituprojekti.net\/fi\/#organization\"},\"potentialAction\":[{\"@type\":\"SearchAction\",\"target\":{\"@type\":\"EntryPoint\",\"urlTemplate\":\"https:\/\/ituprojekti.net\/fi\/?s={search_term_string}\"},\"query-input\":{\"@type\":\"PropertyValueSpecification\",\"valueRequired\":true,\"valueName\":\"search_term_string\"}}],\"inLanguage\":\"fi\"},{\"@type\":\"Organization\",\"@id\":\"https:\/\/ituprojekti.net\/fi\/#organization\",\"name\":\"Itu - apua yll\u00e4tysraskaustilanteissa\",\"url\":\"https:\/\/ituprojekti.net\/fi\/\",\"logo\":{\"@type\":\"ImageObject\",\"inLanguage\":\"fi\",\"@id\":\"https:\/\/ituprojekti.net\/fi\/#\/schema\/logo\/image\/\",\"url\":\"https:\/\/ituprojekti.net\/wp-content\/uploads\/2015\/02\/itulogo_pienempi3.png\",\"contentUrl\":\"https:\/\/ituprojekti.net\/wp-content\/uploads\/2015\/02\/itulogo_pienempi3.png\",\"width\":142,\"height\":53,\"caption\":\"Itu - apua yll\u00e4tysraskaustilanteissa\"},\"image\":{\"@id\":\"https:\/\/ituprojekti.net\/fi\/#\/schema\/logo\/image\/\"}}]}<\/script>\n<!-- \/ Yoast SEO plugin. -->","yoast_head_json":{"title":"Apua abortin j\u00e4lkeen","description":"Abortin j\u00e4lkeen olisi t\u00e4rke\u00e4 keskustella kokemuksestasi ja niist\u00e4 tunteista, mit\u00e4 se on sinussa her\u00e4tt\u00e4nyt.\u2028Olet kokenut menetyksen ja sit\u00e4 on luvallista surra.","robots":{"index":"index","follow":"follow","max-snippet":"max-snippet:-1","max-image-preview":"max-image-preview:large","max-video-preview":"max-video-preview:-1"},"canonical":"https:\/\/ituprojekti.net\/apua-abortin-jalkeen\/","og_locale":"fi_FI","og_type":"article","og_title":"Apua abortin j\u00e4lkeen","og_description":"Abortin j\u00e4lkeen olisi t\u00e4rke\u00e4 keskustella kokemuksestasi ja niist\u00e4 tunteista, mit\u00e4 se on sinussa her\u00e4tt\u00e4nyt.\u2028Olet kokenut menetyksen ja sit\u00e4 on luvallista surra.","og_url":"https:\/\/ituprojekti.net\/apua-abortin-jalkeen\/","og_site_name":"Itu - apua yll\u00e4tysraskaustilanteissa","article_modified_time":"2025-10-29T11:59:54+00:00","twitter_misc":{"Arvioitu lukuaika":"5 minuuttia"},"schema":{"@context":"https:\/\/schema.org","@graph":[{"@type":"WebPage","@id":"https:\/\/ituprojekti.net\/apua-abortin-jalkeen\/","url":"https:\/\/ituprojekti.net\/apua-abortin-jalkeen\/","name":"Apua abortin j\u00e4lkeen","isPartOf":{"@id":"https:\/\/ituprojekti.net\/fi\/#website"},"datePublished":"2015-01-19T14:51:23+00:00","dateModified":"2025-10-29T11:59:54+00:00","description":"Abortin j\u00e4lkeen olisi t\u00e4rke\u00e4 keskustella kokemuksestasi ja niist\u00e4 tunteista, mit\u00e4 se on sinussa her\u00e4tt\u00e4nyt.\u2028Olet kokenut menetyksen ja sit\u00e4 on luvallista surra.","breadcrumb":{"@id":"https:\/\/ituprojekti.net\/apua-abortin-jalkeen\/#breadcrumb"},"inLanguage":"fi","potentialAction":[{"@type":"ReadAction","target":["https:\/\/ituprojekti.net\/apua-abortin-jalkeen\/"]}]},{"@type":"BreadcrumbList","@id":"https:\/\/ituprojekti.net\/apua-abortin-jalkeen\/#breadcrumb","itemListElement":[{"@type":"ListItem","position":1,"name":"Home","item":"https:\/\/ituprojekti.net\/"},{"@type":"ListItem","position":2,"name":"Apua abortin j\u00e4lkeen"}]},{"@type":"WebSite","@id":"https:\/\/ituprojekti.net\/fi\/#website","url":"https:\/\/ituprojekti.net\/fi\/","name":"Itu - apua yll\u00e4tysraskaustilanteissa","description":"Apua yll\u00e4tysraskaustilanteissa ja abortin j\u00e4lkeen. Soita 050 401 5567.","publisher":{"@id":"https:\/\/ituprojekti.net\/fi\/#organization"},"potentialAction":[{"@type":"SearchAction","target":{"@type":"EntryPoint","urlTemplate":"https:\/\/ituprojekti.net\/fi\/?s={search_term_string}"},"query-input":{"@type":"PropertyValueSpecification","valueRequired":true,"valueName":"search_term_string"}}],"inLanguage":"fi"},{"@type":"Organization","@id":"https:\/\/ituprojekti.net\/fi\/#organization","name":"Itu - apua yll\u00e4tysraskaustilanteissa","url":"https:\/\/ituprojekti.net\/fi\/","logo":{"@type":"ImageObject","inLanguage":"fi","@id":"https:\/\/ituprojekti.net\/fi\/#\/schema\/logo\/image\/","url":"https:\/\/ituprojekti.net\/wp-content\/uploads\/2015\/02\/itulogo_pienempi3.png","contentUrl":"https:\/\/ituprojekti.net\/wp-content\/uploads\/2015\/02\/itulogo_pienempi3.png","width":142,"height":53,"caption":"Itu - apua yll\u00e4tysraskaustilanteissa"},"image":{"@id":"https:\/\/ituprojekti.net\/fi\/#\/schema\/logo\/image\/"}}]}},"_links":{"self":[{"href":"https:\/\/ituprojekti.net\/en_US\/wp-json\/wp\/v2\/pages\/22","targetHints":{"allow":["GET"]}}],"collection":[{"href":"https:\/\/ituprojekti.net\/en_US\/wp-json\/wp\/v2\/pages"}],"about":[{"href":"https:\/\/ituprojekti.net\/en_US\/wp-json\/wp\/v2\/types\/page"}],"author":[{"embeddable":true,"href":"https:\/\/ituprojekti.net\/en_US\/wp-json\/wp\/v2\/users\/1"}],"replies":[{"embeddable":true,"href":"https:\/\/ituprojekti.net\/en_US\/wp-json\/wp\/v2\/comments?post=22"}],"version-history":[{"count":11,"href":"https:\/\/ituprojekti.net\/en_US\/wp-json\/wp\/v2\/pages\/22\/revisions"}],"predecessor-version":[{"id":8574,"href":"https:\/\/ituprojekti.net\/en_US\/wp-json\/wp\/v2\/pages\/22\/revisions\/8574"}],"wp:attachment":[{"href":"https:\/\/ituprojekti.net\/en_US\/wp-json\/wp\/v2\/media?parent=22"}],"curies":[{"name":"wp","href":"https:\/\/api.w.org\/{rel}","templated":true}]}}