{"id":16,"date":"2015-01-19T14:45:06","date_gmt":"2015-01-19T14:45:06","guid":{"rendered":"http:\/\/83.145.194.173\/~itupr719\/?page_id=16"},"modified":"2025-08-20T13:24:27","modified_gmt":"2025-08-20T10:24:27","slug":"raskauden-jatkaminen","status":"publish","type":"page","link":"https:\/\/ituprojekti.net\/en_US\/apua-yllatysraskauteen\/raskauden-jatkaminen\/","title":{"rendered":"Raskauden jatkaminen"},"content":{"rendered":"<p><b>Raskauden jatkaminen on vaihtoehdoista luonnonmukaisin. Se, ett\u00e4 olet raskaana, on my\u00f6s ihme, sill\u00e4 hedelm\u00f6ittymist\u00e4 ei tapahdu l\u00e4hesk\u00e4\u00e4n kaikissa yhdynn\u00f6iss\u00e4 ja vain 2-3 \/10 hedelm\u00f6ittyneest\u00e4 munasolusta kiinnittyy kohdun sein\u00e4m\u00e4\u00e4n. Alkaneista raskauksista luonnolliseen keskenmenoon p\u00e4\u00e4tyy noin joka kuudes alkanut raskaus ja keskenmeno tapahtuu yleens\u00e4 ennen rv 12. Keskenmenon riski kasvaan \u00e4idin i\u00e4n my\u00f6t\u00e4.<br \/>\n<\/b><\/p>\n<p><b>Raskauden alkaessa elimist\u00f6ss\u00e4 alkaa tapahtua muutoksia. Kuukautisten poisj\u00e4\u00e4minen on yleens\u00e4 ensimm\u00e4inen merkki raskaudesta.\u00a0 <\/b><\/p>\n<p><b>Muita tuntemuksia voivat olla:<br \/>\n-v\u00e4symys<br \/>\n-pahoinvointi<br \/>\n-rinnat aristavat ja niist\u00e4 saattaa eritty\u00e4 nestett\u00e4<br \/>\n-nopeampi syd\u00e4men syke<br \/>\n-sylke\u00e4 erittyy normaalia enemm\u00e4n<\/b><\/p>\n<p><b>Raskauden lasketaan kest\u00e4v\u00e4n 38\u201342 viikkoa viimeisten kuukautisten alkamisesta l\u00e4htien. Raskausajaksi arvioidaan 280 p\u00e4iv\u00e4\u00e4 eli 9kk ja 7 p\u00e4iv\u00e4\u00e4. Lapsi kehittyy ja kasvaa kohdussasi seuraavan yhdeks\u00e4n kuukauden ajan.\u00a0\u00a0 Raskauden alkaessa ja jatkuessa saattaa mietitytt\u00e4\u00e4, ett\u00e4 pystynk\u00f6 rakastamaan lasta, joka on saanut alkunsa haastavissa olosuhteissa. Raskaushormonit osaltaan auttavat kiintymyssuhteen muodostumisessa ja odotuksen aikana on hyv\u00e4\u00e4 aikaa kasvaa \u00e4idiksi. Raskausaika on my\u00f6s t\u00e4rke\u00e4 siirtym\u00e4vaihe ja mahdollisuus muutokseen my\u00f6s \u00e4idin el\u00e4m\u00e4ss\u00e4.<br \/>\n<\/b><\/p>\n<p><b>El\u00e4m\u00e4 alkaa jo hedelm\u00f6ityksest\u00e4 ja ihminen on jo \u00e4idin kohdussa ainutkertainen kokonaisuus. (Katso teksti siki\u00f6n kehityksest\u00e4: <a href=\"http:\/\/ituprojekti.net\/wp-content\/uploads\/2015\/01\/sikionkehitys.pdf\">Siki\u00f6nkehitys <\/a>pdf).<\/b><\/p>\n<p><b>Yhteiskuntamme pit\u00e4\u00e4 odottavista \u00e4ideist\u00e4 hyv\u00e4\u00e4 huolta. Ota yhteys l\u00e4\u00e4k\u00e4riin tai kuntasi neuvolaan. Neuvolassa tai l\u00e4\u00e4k\u00e4rill\u00e4 tulee k\u00e4yd\u00e4 nelj\u00e4n ensimm\u00e4isen raskauskuukauden aikana, jotta saat yhteiskunnan edut odottavalle \u00e4idille. \u00c4itiysneuvolan palvelu on vapaaehtoista ja maksutonta.\u00a0<\/b><\/p>\n<p><b>Neuvolassa tarkkaillaan vointiasi koko raskauden ajan. Odottava \u00e4iti k\u00e4y neuvolassa noin nelj\u00e4n viikon v\u00e4lein 30.raskausviikkoon asti ja sen j\u00e4lkeen kahden viikon v\u00e4lein ja viimeisen kuukauden aikana kerran viikossa.\u00a0<\/b><\/p>\n<p><b>\u00a0<\/b><\/p>\n","protected":false},"excerpt":{"rendered":"<p>Raskauden jatkaminen on vaihtoehdoista luonnonmukaisin. Se, ett\u00e4 olet raskaana, on my\u00f6s ihme, sill\u00e4 hedelm\u00f6ittymist\u00e4 ei tapahdu l\u00e4hesk\u00e4\u00e4n kaikissa yhdynn\u00f6iss\u00e4 ja vain 2-3 \/10 hedelm\u00f6ittyneest\u00e4 munasolusta kiinnittyy kohdun sein\u00e4m\u00e4\u00e4n. Alkaneista raskauksista luonnolliseen keskenmenoon p\u00e4\u00e4tyy noin joka kuudes alkanut raskaus ja keskenmeno<\/p>\n","protected":false},"author":1,"featured_media":0,"parent":13,"menu_order":0,"comment_status":"closed","ping_status":"closed","template":"","meta":{"_bbp_topic_count":0,"_bbp_reply_count":0,"_bbp_total_topic_count":0,"_bbp_total_reply_count":0,"_bbp_voice_count":0,"_bbp_anonymous_reply_count":0,"_bbp_topic_count_hidden":0,"_bbp_reply_count_hidden":0,"_bbp_forum_subforum_count":0,"footnotes":""},"class_list":["post-16","page","type-page","status-publish","hentry"],"yoast_head":"<!-- This site is optimized with the Yoast SEO plugin v24.1 - https:\/\/yoast.com\/wordpress\/plugins\/seo\/ -->\n<title>Raskauden jatkaminen<\/title>\n<meta name=\"description\" content=\"Raskauden jatkaminen\" \/>\n<meta name=\"robots\" content=\"index, follow, max-snippet:-1, max-image-preview:large, max-video-preview:-1\" \/>\n<link rel=\"canonical\" href=\"https:\/\/ituprojekti.net\/apua-yllatysraskauteen\/raskauden-jatkaminen\/\" \/>\n<meta property=\"og:locale\" content=\"fi_FI\" \/>\n<meta property=\"og:type\" content=\"article\" \/>\n<meta property=\"og:title\" content=\"Raskauden jatkaminen\" \/>\n<meta property=\"og:description\" content=\"Raskauden jatkaminen\" \/>\n<meta property=\"og:url\" content=\"https:\/\/ituprojekti.net\/apua-yllatysraskauteen\/raskauden-jatkaminen\/\" \/>\n<meta property=\"og:site_name\" content=\"Itu - apua yll\u00e4tysraskaustilanteissa\" \/>\n<meta property=\"article:modified_time\" content=\"2025-08-20T10:24:27+00:00\" \/>\n<meta name=\"twitter:label1\" content=\"Arvioitu lukuaika\" \/>\n\t<meta name=\"twitter:data1\" content=\"2 minuuttia\" \/>\n<script type=\"application\/ld+json\" class=\"yoast-schema-graph\">{\"@context\":\"https:\/\/schema.org\",\"@graph\":[{\"@type\":\"WebPage\",\"@id\":\"https:\/\/ituprojekti.net\/apua-yllatysraskauteen\/raskauden-jatkaminen\/\",\"url\":\"https:\/\/ituprojekti.net\/apua-yllatysraskauteen\/raskauden-jatkaminen\/\",\"name\":\"Raskauden jatkaminen\",\"isPartOf\":{\"@id\":\"https:\/\/ituprojekti.net\/fi\/#website\"},\"datePublished\":\"2015-01-19T14:45:06+00:00\",\"dateModified\":\"2025-08-20T10:24:27+00:00\",\"description\":\"Raskauden jatkaminen\",\"breadcrumb\":{\"@id\":\"https:\/\/ituprojekti.net\/apua-yllatysraskauteen\/raskauden-jatkaminen\/#breadcrumb\"},\"inLanguage\":\"fi\",\"potentialAction\":[{\"@type\":\"ReadAction\",\"target\":[\"https:\/\/ituprojekti.net\/apua-yllatysraskauteen\/raskauden-jatkaminen\/\"]}]},{\"@type\":\"BreadcrumbList\",\"@id\":\"https:\/\/ituprojekti.net\/apua-yllatysraskauteen\/raskauden-jatkaminen\/#breadcrumb\",\"itemListElement\":[{\"@type\":\"ListItem\",\"position\":1,\"name\":\"Home\",\"item\":\"https:\/\/ituprojekti.net\/\"},{\"@type\":\"ListItem\",\"position\":2,\"name\":\"Apua yll\u00e4tysraskauteen\",\"item\":\"https:\/\/ituprojekti.net\/fi\/apua-yllatysraskauteen\/\"},{\"@type\":\"ListItem\",\"position\":3,\"name\":\"Raskauden jatkaminen\"}]},{\"@type\":\"WebSite\",\"@id\":\"https:\/\/ituprojekti.net\/fi\/#website\",\"url\":\"https:\/\/ituprojekti.net\/fi\/\",\"name\":\"Itu - apua yll\u00e4tysraskaustilanteissa\",\"description\":\"Apua yll\u00e4tysraskaustilanteissa ja abortin j\u00e4lkeen. Soita 050 401 5567.\",\"publisher\":{\"@id\":\"https:\/\/ituprojekti.net\/fi\/#organization\"},\"potentialAction\":[{\"@type\":\"SearchAction\",\"target\":{\"@type\":\"EntryPoint\",\"urlTemplate\":\"https:\/\/ituprojekti.net\/fi\/?s={search_term_string}\"},\"query-input\":{\"@type\":\"PropertyValueSpecification\",\"valueRequired\":true,\"valueName\":\"search_term_string\"}}],\"inLanguage\":\"fi\"},{\"@type\":\"Organization\",\"@id\":\"https:\/\/ituprojekti.net\/fi\/#organization\",\"name\":\"Itu - apua yll\u00e4tysraskaustilanteissa\",\"url\":\"https:\/\/ituprojekti.net\/fi\/\",\"logo\":{\"@type\":\"ImageObject\",\"inLanguage\":\"fi\",\"@id\":\"https:\/\/ituprojekti.net\/fi\/#\/schema\/logo\/image\/\",\"url\":\"https:\/\/ituprojekti.net\/wp-content\/uploads\/2015\/02\/itulogo_pienempi3.png\",\"contentUrl\":\"https:\/\/ituprojekti.net\/wp-content\/uploads\/2015\/02\/itulogo_pienempi3.png\",\"width\":142,\"height\":53,\"caption\":\"Itu - apua yll\u00e4tysraskaustilanteissa\"},\"image\":{\"@id\":\"https:\/\/ituprojekti.net\/fi\/#\/schema\/logo\/image\/\"}}]}<\/script>\n<!-- \/ Yoast SEO plugin. -->","yoast_head_json":{"title":"Raskauden jatkaminen","description":"Raskauden jatkaminen","robots":{"index":"index","follow":"follow","max-snippet":"max-snippet:-1","max-image-preview":"max-image-preview:large","max-video-preview":"max-video-preview:-1"},"canonical":"https:\/\/ituprojekti.net\/apua-yllatysraskauteen\/raskauden-jatkaminen\/","og_locale":"fi_FI","og_type":"article","og_title":"Raskauden jatkaminen","og_description":"Raskauden jatkaminen","og_url":"https:\/\/ituprojekti.net\/apua-yllatysraskauteen\/raskauden-jatkaminen\/","og_site_name":"Itu - apua yll\u00e4tysraskaustilanteissa","article_modified_time":"2025-08-20T10:24:27+00:00","twitter_misc":{"Arvioitu lukuaika":"2 minuuttia"},"schema":{"@context":"https:\/\/schema.org","@graph":[{"@type":"WebPage","@id":"https:\/\/ituprojekti.net\/apua-yllatysraskauteen\/raskauden-jatkaminen\/","url":"https:\/\/ituprojekti.net\/apua-yllatysraskauteen\/raskauden-jatkaminen\/","name":"Raskauden jatkaminen","isPartOf":{"@id":"https:\/\/ituprojekti.net\/fi\/#website"},"datePublished":"2015-01-19T14:45:06+00:00","dateModified":"2025-08-20T10:24:27+00:00","description":"Raskauden jatkaminen","breadcrumb":{"@id":"https:\/\/ituprojekti.net\/apua-yllatysraskauteen\/raskauden-jatkaminen\/#breadcrumb"},"inLanguage":"fi","potentialAction":[{"@type":"ReadAction","target":["https:\/\/ituprojekti.net\/apua-yllatysraskauteen\/raskauden-jatkaminen\/"]}]},{"@type":"BreadcrumbList","@id":"https:\/\/ituprojekti.net\/apua-yllatysraskauteen\/raskauden-jatkaminen\/#breadcrumb","itemListElement":[{"@type":"ListItem","position":1,"name":"Home","item":"https:\/\/ituprojekti.net\/"},{"@type":"ListItem","position":2,"name":"Apua yll\u00e4tysraskauteen","item":"https:\/\/ituprojekti.net\/fi\/apua-yllatysraskauteen\/"},{"@type":"ListItem","position":3,"name":"Raskauden jatkaminen"}]},{"@type":"WebSite","@id":"https:\/\/ituprojekti.net\/fi\/#website","url":"https:\/\/ituprojekti.net\/fi\/","name":"Itu - apua yll\u00e4tysraskaustilanteissa","description":"Apua yll\u00e4tysraskaustilanteissa ja abortin j\u00e4lkeen. Soita 050 401 5567.","publisher":{"@id":"https:\/\/ituprojekti.net\/fi\/#organization"},"potentialAction":[{"@type":"SearchAction","target":{"@type":"EntryPoint","urlTemplate":"https:\/\/ituprojekti.net\/fi\/?s={search_term_string}"},"query-input":{"@type":"PropertyValueSpecification","valueRequired":true,"valueName":"search_term_string"}}],"inLanguage":"fi"},{"@type":"Organization","@id":"https:\/\/ituprojekti.net\/fi\/#organization","name":"Itu - apua yll\u00e4tysraskaustilanteissa","url":"https:\/\/ituprojekti.net\/fi\/","logo":{"@type":"ImageObject","inLanguage":"fi","@id":"https:\/\/ituprojekti.net\/fi\/#\/schema\/logo\/image\/","url":"https:\/\/ituprojekti.net\/wp-content\/uploads\/2015\/02\/itulogo_pienempi3.png","contentUrl":"https:\/\/ituprojekti.net\/wp-content\/uploads\/2015\/02\/itulogo_pienempi3.png","width":142,"height":53,"caption":"Itu - apua yll\u00e4tysraskaustilanteissa"},"image":{"@id":"https:\/\/ituprojekti.net\/fi\/#\/schema\/logo\/image\/"}}]}},"_links":{"self":[{"href":"https:\/\/ituprojekti.net\/en_US\/wp-json\/wp\/v2\/pages\/16","targetHints":{"allow":["GET"]}}],"collection":[{"href":"https:\/\/ituprojekti.net\/en_US\/wp-json\/wp\/v2\/pages"}],"about":[{"href":"https:\/\/ituprojekti.net\/en_US\/wp-json\/wp\/v2\/types\/page"}],"author":[{"embeddable":true,"href":"https:\/\/ituprojekti.net\/en_US\/wp-json\/wp\/v2\/users\/1"}],"replies":[{"embeddable":true,"href":"https:\/\/ituprojekti.net\/en_US\/wp-json\/wp\/v2\/comments?post=16"}],"version-history":[{"count":6,"href":"https:\/\/ituprojekti.net\/en_US\/wp-json\/wp\/v2\/pages\/16\/revisions"}],"predecessor-version":[{"id":8541,"href":"https:\/\/ituprojekti.net\/en_US\/wp-json\/wp\/v2\/pages\/16\/revisions\/8541"}],"up":[{"embeddable":true,"href":"https:\/\/ituprojekti.net\/en_US\/wp-json\/wp\/v2\/pages\/13"}],"wp:attachment":[{"href":"https:\/\/ituprojekti.net\/en_US\/wp-json\/wp\/v2\/media?parent=16"}],"curies":[{"name":"wp","href":"https:\/\/api.w.org\/{rel}","templated":true}]}}